{"id":32282,"date":"2025-02-20T23:34:07","date_gmt":"2025-02-20T22:34:07","guid":{"rendered":"https:\/\/olemosaic.orbitalia.org\/producto\/portavelas-de-ceramica-malaga-blanco\/"},"modified":"2025-07-25T18:38:21","modified_gmt":"2025-07-25T16:38:21","slug":"photophore-en-ceramique-malaga-blanc","status":"publish","type":"product","link":"https:\/\/olemosaic.orbitalia.org\/fr\/produit\/photophore-en-ceramique-malaga-blanc\/","title":{"rendered":"Photophore en c\u00e9ramique. Malaga. Blanc."},"content":{"rendered":"<p>Ce photophore en c\u00e9ramique au design carr\u00e9 est un charmant hommage \u00e0 la beaut\u00e9 architecturale et culturelle de Malaga, \u00e9voquant l&rsquo;essence vibrante de cette ville andalouse. Avec sa finition blanche polie, le photophore se distingue par sa technique de peinture \u00e0 la main, qui illustre avec beaucoup de d\u00e9tails les monuments les plus embl\u00e9matiques de Malaga, tels que la c\u00e9l\u00e8bre Plaza de la Merced et l&rsquo;impressionnante cath\u00e9drale. La repr\u00e9sentation graphique, tr\u00e8s vive, n&#8217;embellit pas seulement le photophore, mais inclut \u00e9galement le mot \u00ab\u00a0Malaga\u00a0\u00bb imprim\u00e9 dans des couleurs joyeuses, insufflant une touche de luminosit\u00e9 et de chaleur parfaite pour n&rsquo;importe quel environnement.<\/p>\n<p>Ce photophore n&rsquo;est pas seulement d\u00e9coratif, il sert \u00e9galement de souvenir authentique qui relie l&rsquo;utilisateur \u00e0 la riche histoire et tradition de la ville. Id\u00e9al pour d\u00e9corer n&rsquo;importe quel espace de la maison, il ajoute une touche de tradition andalouse et d&rsquo;art local, ce qui en fait un excellent souvenir pour les touristes \u00e0 la recherche d&rsquo;une pi\u00e8ce repr\u00e9sentative de leur visite. Chez Ol\u00e9 Mosaic, en tant que distributeurs de souvenirs en c\u00e9ramique en gros, nous proposons ce photophore comme une option unique et culturellement significative, parfaite pour les boutiques de cadeaux touristiques souhaitant souligner l&rsquo;authenticit\u00e9 et la beaut\u00e9 de Malaga dans leur offre.<\/p>\n","protected":false},"excerpt":{"rendered":"<p>Photophore en c\u00e9ramique au design carr\u00e9, d\u00e9cor\u00e9 d&rsquo;illustrations attrayantes des monuments embl\u00e9matiques de Malaga. Ce photophore s\u00e9duisant, de couleur blanche, se distingue par son design artisanal, peint \u00e0 la main, et ses d\u00e9tails graphiques vibrants, incluant la c\u00e9l\u00e8bre Plaza de la Merced et la cath\u00e9drale. Le mot \u00ab\u00a0Malaga\u00a0\u00bb est imprim\u00e9 dans des couleurs vives, apportant une touche joyeuse \u00e0 l&rsquo;ambiance. Id\u00e9al pour d\u00e9corer n&rsquo;importe quel espace avec une touche de tradition andalouse.<\/p>\n","protected":false},"featured_media":10552,"template":"","meta":{"_acf_changed":false},"product_brand":[],"product_cat":[809],"product_tag":[585],"class_list":{"0":"post-32282","1":"product","2":"type-product","3":"status-publish","4":"has-post-thumbnail","6":"product_cat-photophores","7":"product_tag-ceramique","8":"pa_ciudad-malaga","9":"pa_pais-espana","11":"first","12":"instock","13":"shipping-taxable","14":"product-type-simple"},"acf":[],"_links":{"self":[{"href":"https:\/\/olemosaic.orbitalia.org\/fr\/wp-json\/wp\/v2\/product\/32282","targetHints":{"allow":["GET"]}}],"collection":[{"href":"https:\/\/olemosaic.orbitalia.org\/fr\/wp-json\/wp\/v2\/product"}],"about":[{"href":"https:\/\/olemosaic.orbitalia.org\/fr\/wp-json\/wp\/v2\/types\/product"}],"wp:featuredmedia":[{"embeddable":true,"href":"https:\/\/olemosaic.orbitalia.org\/fr\/wp-json\/wp\/v2\/media\/10552"}],"wp:attachment":[{"href":"https:\/\/olemosaic.orbitalia.org\/fr\/wp-json\/wp\/v2\/media?parent=32282"}],"wp:term":[{"taxonomy":"product_brand","embeddable":true,"href":"https:\/\/olemosaic.orbitalia.org\/fr\/wp-json\/wp\/v2\/product_brand?post=32282"},{"taxonomy":"product_cat","embeddable":true,"href":"https:\/\/olemosaic.orbitalia.org\/fr\/wp-json\/wp\/v2\/product_cat?post=32282"},{"taxonomy":"product_tag","embeddable":true,"href":"https:\/\/olemosaic.orbitalia.org\/fr\/wp-json\/wp\/v2\/product_tag?post=32282"}],"curies":[{"name":"wp","href":"https:\/\/api.w.org\/{rel}","templated":true}]}}