{"id":32281,"date":"2025-02-20T23:34:07","date_gmt":"2025-02-20T22:34:07","guid":{"rendered":"https:\/\/olemosaic.orbitalia.org\/producto\/portavelas-de-ceramica-mijas-blanco\/"},"modified":"2025-07-25T18:56:34","modified_gmt":"2025-07-25T16:56:34","slug":"photophore-en-ceramique-mijas-blanc","status":"publish","type":"product","link":"https:\/\/olemosaic.orbitalia.org\/fr\/produit\/photophore-en-ceramique-mijas-blanc\/","title":{"rendered":"Photophore en c\u00e9ramique. Mijas. Blanc."},"content":{"rendered":"<p>Ce photophore carr\u00e9 en c\u00e9ramique est un charmant souvenir de Mijas, un village andalou c\u00e9l\u00e8bre pour ses vues panoramiques et son architecture traditionnelle. D\u00e9cor\u00e9 dans des tons blancs, cet objet artisanal se distingue par son design peint \u00e0 la main, qui inclut des \u00e9l\u00e9ments culturels vibrants tels que des palmiers, l&rsquo;\u00e2ne, repr\u00e9sentatif de la tradition locale, et les maisons andalouses embl\u00e9matiques orn\u00e9es de fleurs. La c\u00e9ramique, avec sa finition brillante, refl\u00e8te la lumi\u00e8re de mani\u00e8re exquise, cr\u00e9ant une atmosph\u00e8re chaleureuse et accueillante.<\/p>\n<p>L&rsquo;attention port\u00e9e aux d\u00e9tails dans la repr\u00e9sentation des paysages de Mijas \u00e9voque l&rsquo;essence de ce beau village, id\u00e9al pour les touristes qui recherchent non seulement un objet d\u00e9coratif, mais aussi un souvenir authentique qui capture la culture espagnole. L&rsquo;inclusion de symboles caract\u00e9ristiques de la r\u00e9gion fait de ce photophore un incontournable pour ceux qui souhaitent ramener un morceau de Mijas chez eux.<\/p>\n<p>Chez Ol\u00e9 Mosaic, nous sommes sp\u00e9cialistes de la distribution de souvenirs en gros, et ce photophore en c\u00e9ramique ne compl\u00e9tera pas seulement n&rsquo;importe quel espace, mais mettra \u00e9galement en valeur le riche h\u00e9ritage culturel de l&rsquo;Andalousie. C&rsquo;est une excellente option pour les boutiques de cadeaux touristiques qui cherchent \u00e0 offrir des produits uniques, artisanaux et d&rsquo;une grande pertinence culturelle, garantissant ainsi que chaque client trouve le souvenir parfait de sa visite.<\/p>\n","protected":false},"excerpt":{"rendered":"<p>Photophore carr\u00e9 en c\u00e9ramique d\u00e9cor\u00e9 de couleurs joyeuses, inspir\u00e9 par la charmante localit\u00e9 de Mijas. Ce photophore blanc pr\u00e9sente un beau design artisanal, peint \u00e0 la main, incluant des \u00e9l\u00e9ments caract\u00e9ristiques tels que des palmiers, un \u00e2ne et les maisons typiques andalouses, \u00e9voquant l&rsquo;essence du village. Parfait pour apporter une touche culturelle et accueillante \u00e0 n&rsquo;importe quel espace, c&rsquo;est un souvenir id\u00e9al qui combine art et tradition.<\/p>\n","protected":false},"featured_media":10020,"template":"","meta":{"_acf_changed":false},"product_brand":[],"product_cat":[809],"product_tag":[585],"class_list":{"0":"post-32281","1":"product","2":"type-product","3":"status-publish","4":"has-post-thumbnail","6":"product_cat-photophores","7":"product_tag-ceramique","8":"pa_ciudad-mijas","9":"pa_pais-espana","11":"first","12":"instock","13":"shipping-taxable","14":"product-type-simple"},"acf":[],"_links":{"self":[{"href":"https:\/\/olemosaic.orbitalia.org\/fr\/wp-json\/wp\/v2\/product\/32281","targetHints":{"allow":["GET"]}}],"collection":[{"href":"https:\/\/olemosaic.orbitalia.org\/fr\/wp-json\/wp\/v2\/product"}],"about":[{"href":"https:\/\/olemosaic.orbitalia.org\/fr\/wp-json\/wp\/v2\/types\/product"}],"wp:featuredmedia":[{"embeddable":true,"href":"https:\/\/olemosaic.orbitalia.org\/fr\/wp-json\/wp\/v2\/media\/10020"}],"wp:attachment":[{"href":"https:\/\/olemosaic.orbitalia.org\/fr\/wp-json\/wp\/v2\/media?parent=32281"}],"wp:term":[{"taxonomy":"product_brand","embeddable":true,"href":"https:\/\/olemosaic.orbitalia.org\/fr\/wp-json\/wp\/v2\/product_brand?post=32281"},{"taxonomy":"product_cat","embeddable":true,"href":"https:\/\/olemosaic.orbitalia.org\/fr\/wp-json\/wp\/v2\/product_cat?post=32281"},{"taxonomy":"product_tag","embeddable":true,"href":"https:\/\/olemosaic.orbitalia.org\/fr\/wp-json\/wp\/v2\/product_tag?post=32281"}],"curies":[{"name":"wp","href":"https:\/\/api.w.org\/{rel}","templated":true}]}}