{"id":32269,"date":"2025-02-20T23:34:07","date_gmt":"2025-02-20T22:34:07","guid":{"rendered":"https:\/\/olemosaic.orbitalia.org\/producto\/4-bols-de-coco-de-13-x-6-cm-animales-del-mar-mallorca-2\/"},"modified":"2025-07-25T20:03:41","modified_gmt":"2025-07-25T18:03:41","slug":"4-bols-en-noix-de-coco-de-13-x-6-cm-animaux-marins-majorque","status":"publish","type":"product","link":"https:\/\/olemosaic.orbitalia.org\/fr\/produit\/4-bols-en-noix-de-coco-de-13-x-6-cm-animaux-marins-majorque\/","title":{"rendered":"4 Bols en noix de coco de 13 x 6 cm. Animaux marins. Mosa\u00efque. Majorque."},"content":{"rendered":"<p>Cette assiette d\u00e9corative en c\u00e9ramique est un v\u00e9ritable reflet de la beaut\u00e9 de la mer de Majorque, con\u00e7ue pour capturer l&rsquo;essence de la M\u00e9diterran\u00e9e dans n&rsquo;importe quel coin de votre maison. Avec une mosa\u00efque vibrante de formes irr\u00e9guli\u00e8res, cette assiette se distingue par sa palette de couleurs, qui comprend plusieurs tons de bleu, rose et orange, \u00e9voquant les eaux calmes et les couchers de soleil spectaculaires de l&rsquo;\u00eele. Dans sa partie centrale, l&rsquo;inscription \u00ab\u00a0MALLORCA\u00a0\u00bb s&rsquo;int\u00e8gre harmonieusement avec des illustrations en relief repr\u00e9sentant un charmant hippocampe, un dauphin joueur, une tortue majestueuse et un poisson vibrant, symboles de la riche vie marine qui entoure l&rsquo;\u00eele.<\/p>\n<p>La c\u00e9ramique est \u00e9labor\u00e9e de mani\u00e8re artisanale, ce qui garantit que chaque pi\u00e8ce est unique et authentique. Son design n&rsquo;est pas seulement attrayant, il apporte \u00e9galement une connexion culturelle significative, rappelant aux touristes la beaut\u00e9 naturelle de Majorque et sa richesse en biodiversit\u00e9 marine. Cette assiette n&rsquo;est pas seulement un \u00e9l\u00e9ment d\u00e9coratif, mais aussi un fantastique souvenir, id\u00e9al pour ceux qui souhaitent emporter un morceau de la magie majorquine. Chez Ol\u00e9 Mosaic, nous sommes experts dans la distribution de souvenirs en gros, et cette assiette est une excellente option pour les boutiques de cadeaux touristiques qui cherchent \u00e0 offrir des produits repr\u00e9sentatifs et de haute qualit\u00e9, parfaits pour les amateurs d&rsquo;art c\u00e9ramique et de culture m\u00e9diterran\u00e9enne.<\/p>\n","protected":false},"excerpt":{"rendered":"<p>Assiette d\u00e9corative en c\u00e9ramique, inspir\u00e9e de la beaut\u00e9 de la mer de Majorque. Cette assiette color\u00e9e pr\u00e9sente un design de mosa\u00efque aux formes irr\u00e9guli\u00e8res dans les tons bleus, roses et oranges, ainsi que des illustrations en relief d&rsquo;un hippocampe, d&rsquo;un dauphin, d&rsquo;une tortue et d&rsquo;un poisson. Chaque pi\u00e8ce refl\u00e8te l&rsquo;essence de la vie marine et porte l&rsquo;inscription \u00ab\u00a0MALLORCA\u00a0\u00bb au centre, id\u00e9ale pour ajouter une touche m\u00e9diterran\u00e9enne \u00e0 n&rsquo;importe quel foyer.<\/p>\n","protected":false},"featured_media":13815,"template":"","meta":{"_acf_changed":false},"product_brand":[],"product_cat":[521],"product_tag":[530],"class_list":{"0":"post-32269","1":"product","2":"type-product","3":"status-publish","4":"has-post-thumbnail","6":"product_cat-bols","7":"product_tag-animaux","8":"pa_ciudad-mallorca","9":"pa_motivo-animaux-marins","10":"pa_pais-espana","12":"first","13":"instock","14":"shipping-taxable","15":"product-type-simple"},"acf":[],"_links":{"self":[{"href":"https:\/\/olemosaic.orbitalia.org\/fr\/wp-json\/wp\/v2\/product\/32269","targetHints":{"allow":["GET"]}}],"collection":[{"href":"https:\/\/olemosaic.orbitalia.org\/fr\/wp-json\/wp\/v2\/product"}],"about":[{"href":"https:\/\/olemosaic.orbitalia.org\/fr\/wp-json\/wp\/v2\/types\/product"}],"wp:featuredmedia":[{"embeddable":true,"href":"https:\/\/olemosaic.orbitalia.org\/fr\/wp-json\/wp\/v2\/media\/13815"}],"wp:attachment":[{"href":"https:\/\/olemosaic.orbitalia.org\/fr\/wp-json\/wp\/v2\/media?parent=32269"}],"wp:term":[{"taxonomy":"product_brand","embeddable":true,"href":"https:\/\/olemosaic.orbitalia.org\/fr\/wp-json\/wp\/v2\/product_brand?post=32269"},{"taxonomy":"product_cat","embeddable":true,"href":"https:\/\/olemosaic.orbitalia.org\/fr\/wp-json\/wp\/v2\/product_cat?post=32269"},{"taxonomy":"product_tag","embeddable":true,"href":"https:\/\/olemosaic.orbitalia.org\/fr\/wp-json\/wp\/v2\/product_tag?post=32269"}],"curies":[{"name":"wp","href":"https:\/\/api.w.org\/{rel}","templated":true}]}}