{"id":32268,"date":"2025-02-20T23:34:06","date_gmt":"2025-02-20T22:34:06","guid":{"rendered":"https:\/\/olemosaic.orbitalia.org\/producto\/plato-de-ceramica-de-15-cm-gallos-blanco\/"},"modified":"2025-07-25T19:05:58","modified_gmt":"2025-07-25T17:05:58","slug":"assiette-en-ceramique-de-15-cm-coqs-blanc","status":"publish","type":"product","link":"https:\/\/olemosaic.orbitalia.org\/fr\/produit\/assiette-en-ceramique-de-15-cm-coqs-blanc\/","title":{"rendered":"Assiette en c\u00e9ramique de 15 cm. Coqs. Blanc."},"content":{"rendered":"<p>Cette assiette en c\u00e9ramique d\u00e9cor\u00e9e de coqs est un authentique repr\u00e9sentant du folklore portugais, id\u00e9al pour ajouter une touche traditionnelle et color\u00e9e \u00e0 n&rsquo;importe quel foyer. D&rsquo;un diam\u00e8tre de 15 cm, l&rsquo;assiette pr\u00e9sente un design vibrant qui capture l&rsquo;essence de la culture lusitanienne : sur sa surface blanche, se d\u00e9tachent deux coqs robustes et stylis\u00e9s, peints \u00e0 la main dans des tons rouges et noirs, accompagn\u00e9s de d\u00e9licats d\u00e9tails floraux en bleu et rouge qui encadrent la sc\u00e8ne avec \u00e9l\u00e9gance.<\/p>\n<p>Les coqs, symboles de vitalit\u00e9 et de fiert\u00e9 dans la tradition portugaise, sont pr\u00e9sent\u00e9s dans une ambiance festive, entour\u00e9s de motifs d\u00e9coratifs \u00e9voquant les traditions color\u00e9es du pays. Cette assiette n&rsquo;est pas seulement parfaite comme \u00e9l\u00e9ment d\u00e9coratif, elle peut aussi \u00eatre utilis\u00e9e pour servir des tapas, devenant ainsi une ressource pratique et esth\u00e9tique pour vos r\u00e9unions et c\u00e9l\u00e9brations.<\/p>\n<p>Originaire du Portugal, ce souvenir souligne l&rsquo;authenticit\u00e9 et la valeur culturelle du pays, constituant une magnifique option pour les touristes souhaitant emporter un morceau de ce riche patrimoine. Chez Ol\u00e9 Mosaic, nous nous sp\u00e9cialisons dans la distribution en gros de produits qui rendent hommage \u00e0 la richesse culturelle, et cette assiette en c\u00e9ramique se positionne comme un excellent choix pour les boutiques de cadeaux touristiques souhaitant proposer des articles de qualit\u00e9 avec une forte signification culturelle. Avec cet article, vos clients n&rsquo;acqui\u00e8rent pas seulement un objet d\u00e9coratif, mais aussi une pi\u00e8ce de la tradition portugaise.<\/p>\n","protected":false},"excerpt":{"rendered":"<p>Assiette en c\u00e9ramique de 15 cm d\u00e9cor\u00e9e de coqs, id\u00e9ale pour donner une touche traditionnelle et color\u00e9e \u00e0 votre int\u00e9rieur. Cette assiette pr\u00e9sente un design vibrant dans les tons rouges et noirs, avec de d\u00e9licats d\u00e9tails peints \u00e0 la main repr\u00e9sentant deux coqs sur un fond blanc orn\u00e9 de fleurs et de motifs bleus et rouges. Parfaite comme \u00e9l\u00e9ment d\u00e9coratif ou pour servir des tapas, elle refl\u00e8te le folklore et la culture du Portugal.<\/p>\n","protected":false},"featured_media":8893,"template":"","meta":{"_acf_changed":false},"product_brand":[],"product_cat":[656],"product_tag":[530,585],"class_list":{"0":"post-32268","1":"product","2":"type-product","3":"status-publish","4":"has-post-thumbnail","6":"product_cat-assiettes-decoratives","7":"product_tag-animaux","8":"product_tag-ceramique","9":"pa_motivo-coqs","11":"first","12":"instock","13":"shipping-taxable","14":"product-type-simple"},"acf":[],"_links":{"self":[{"href":"https:\/\/olemosaic.orbitalia.org\/fr\/wp-json\/wp\/v2\/product\/32268","targetHints":{"allow":["GET"]}}],"collection":[{"href":"https:\/\/olemosaic.orbitalia.org\/fr\/wp-json\/wp\/v2\/product"}],"about":[{"href":"https:\/\/olemosaic.orbitalia.org\/fr\/wp-json\/wp\/v2\/types\/product"}],"wp:featuredmedia":[{"embeddable":true,"href":"https:\/\/olemosaic.orbitalia.org\/fr\/wp-json\/wp\/v2\/media\/8893"}],"wp:attachment":[{"href":"https:\/\/olemosaic.orbitalia.org\/fr\/wp-json\/wp\/v2\/media?parent=32268"}],"wp:term":[{"taxonomy":"product_brand","embeddable":true,"href":"https:\/\/olemosaic.orbitalia.org\/fr\/wp-json\/wp\/v2\/product_brand?post=32268"},{"taxonomy":"product_cat","embeddable":true,"href":"https:\/\/olemosaic.orbitalia.org\/fr\/wp-json\/wp\/v2\/product_cat?post=32268"},{"taxonomy":"product_tag","embeddable":true,"href":"https:\/\/olemosaic.orbitalia.org\/fr\/wp-json\/wp\/v2\/product_tag?post=32268"}],"curies":[{"name":"wp","href":"https:\/\/api.w.org\/{rel}","templated":true}]}}