{"id":32266,"date":"2025-02-20T23:34:06","date_gmt":"2025-02-20T22:34:06","guid":{"rendered":"https:\/\/olemosaic.orbitalia.org\/producto\/plato-de-ceramica-de-85-cm-toro-beige-2\/"},"modified":"2025-07-25T18:35:25","modified_gmt":"2025-07-25T16:35:25","slug":"assiette-en-ceramique-de-8-5-cm-taureau-beige-bord-orange","status":"publish","type":"product","link":"https:\/\/olemosaic.orbitalia.org\/fr\/produit\/assiette-en-ceramique-de-8-5-cm-taureau-beige-bord-orange\/","title":{"rendered":"Assiette en c\u00e9ramique de 8,5 cm. Taureau. Beige. Bord orange."},"content":{"rendered":"<p>Cette assiette en c\u00e9ramique de 8,5 cm, orn\u00e9e d&rsquo;un design vibrant de taureau, est un v\u00e9ritable symbole de la riche culture espagnole. Son illustration spectaculaire se distingue par les couleurs vives qui composent une belle mosa\u00efque : du rouge intense du taureau aux verts et bleus qui apportent un air frais et dynamique. Le bord orang\u00e9 entoure la pi\u00e8ce, lui apportant une touche de chaleur qui souligne son caract\u00e8re artistique. De plus, le mot \u00ab\u00a0ESPA\u00d1A\u00a0\u00bb imprim\u00e9 sur la partie sup\u00e9rieure en fait un souvenir distinctif, parfait pour ceux qui souhaitent emporter un fragment de la tradition espagnole.<\/p>\n<p>Cette assiette n&rsquo;est pas seulement un souvenir charmant, elle peut aussi \u00eatre utilis\u00e9e comme pi\u00e8ce d\u00e9corative qui rehausse l&rsquo;ambiance de n&rsquo;importe quel foyer. La figure du taureau, qui repr\u00e9sente la force et la fiert\u00e9 espagnoles, r\u00e9sonne profond\u00e9ment dans la culture de l&rsquo;Espagne, \u00e9voquant la passion de la tauromachie et les traditions festives. En proposant ce produit, Ol\u00e9 Mosaic offre une connexion authentique avec les valeurs culturelles de l&rsquo;Espagne. Cette assiette en c\u00e9ramique est une merveilleuse option pour les boutiques de cadeaux touristiques \u00e0 la recherche d&rsquo;articles repr\u00e9sentatifs et de qualit\u00e9. En tant que distributeurs de souvenirs, nous garantissons l&rsquo;authenticit\u00e9 et l&rsquo;artisanat de chaque pi\u00e8ce, faisant de cette assiette de taureau un cadeau id\u00e9al pour les touristes en qu\u00eate d&rsquo;une exp\u00e9rience significative.<\/p>\n","protected":false},"excerpt":{"rendered":"<p>Assiette en c\u00e9ramique de 8,5 cm avec design de taureau, un symbole embl\u00e9matique de la culture espagnole. Cette assiette attrayante, d\u00e9cor\u00e9e de couleurs vibrantes et d&rsquo;un style mosa\u00efque, comprend des d\u00e9tails en rouge et vert qui mettent en valeur la figure centrale. Le bord orang\u00e9 souligne le design, tandis que le mot \u00ab\u00a0ESPA\u00d1A\u00a0\u00bb imprim\u00e9 sur le dessus ajoute une touche distinctive et culturelle. Parfait comme souvenir ou pour rehausser la d\u00e9coration de tout int\u00e9rieur.<\/p>\n","protected":false},"featured_media":7198,"template":"","meta":{"_acf_changed":false},"product_brand":[],"product_cat":[656],"product_tag":[530,585],"class_list":{"0":"post-32266","1":"product","2":"type-product","3":"status-publish","4":"has-post-thumbnail","6":"product_cat-assiettes-decoratives","7":"product_tag-animaux","8":"product_tag-ceramique","9":"pa_motivo-taureaux","11":"first","12":"instock","13":"shipping-taxable","14":"product-type-simple"},"acf":[],"_links":{"self":[{"href":"https:\/\/olemosaic.orbitalia.org\/fr\/wp-json\/wp\/v2\/product\/32266","targetHints":{"allow":["GET"]}}],"collection":[{"href":"https:\/\/olemosaic.orbitalia.org\/fr\/wp-json\/wp\/v2\/product"}],"about":[{"href":"https:\/\/olemosaic.orbitalia.org\/fr\/wp-json\/wp\/v2\/types\/product"}],"wp:featuredmedia":[{"embeddable":true,"href":"https:\/\/olemosaic.orbitalia.org\/fr\/wp-json\/wp\/v2\/media\/7198"}],"wp:attachment":[{"href":"https:\/\/olemosaic.orbitalia.org\/fr\/wp-json\/wp\/v2\/media?parent=32266"}],"wp:term":[{"taxonomy":"product_brand","embeddable":true,"href":"https:\/\/olemosaic.orbitalia.org\/fr\/wp-json\/wp\/v2\/product_brand?post=32266"},{"taxonomy":"product_cat","embeddable":true,"href":"https:\/\/olemosaic.orbitalia.org\/fr\/wp-json\/wp\/v2\/product_cat?post=32266"},{"taxonomy":"product_tag","embeddable":true,"href":"https:\/\/olemosaic.orbitalia.org\/fr\/wp-json\/wp\/v2\/product_tag?post=32266"}],"curies":[{"name":"wp","href":"https:\/\/api.w.org\/{rel}","templated":true}]}}