{"id":32265,"date":"2025-02-20T22:34:06","date_gmt":"2025-02-20T22:34:06","guid":{"rendered":"https:\/\/olemosaic.orbitalia.org\/producto\/plato-de-ceramica-de-85-cm-toro-beige\/"},"modified":"2025-07-25T20:25:35","modified_gmt":"2025-07-25T18:25:35","slug":"assiette-en-ceramique-de-8-5-cm-taureau-beige","status":"publish","type":"product","link":"https:\/\/olemosaic.orbitalia.org\/fr\/produit\/assiette-en-ceramique-de-8-5-cm-taureau-beige\/","title":{"rendered":"Assiette en c\u00e9ramique de 8,5 cm. Taureau. Beige."},"content":{"rendered":"<p>Cette assiette en c\u00e9ramique de 8,5 cm est une merveilleuse repr\u00e9sentation de la riche culture espagnole, avec une illustration vibrante d&rsquo;un taureau comme protagoniste. Avec une finition \u00e9l\u00e9gante dans les tons beiges, l&rsquo;assiette pr\u00e9sente un design color\u00e9 en forme de mosa\u00efque qui capture l&rsquo;essence de cet animal puissant, symbole de la tradition et du folklore espagnols. Les ornements d&rsquo;\u0153illets rouges sur le bord \u00e9voquent les f\u00eates populaires et la passion du peuple espagnol, tandis que la forme l\u00e9g\u00e8rement incurv\u00e9e et les bords noirs ajoutent un contraste saisissant \u00e0 l&rsquo;ensemble. Cette assiette n&rsquo;est pas seulement un \u00e9l\u00e9ment d\u00e9coratif id\u00e9al pour n&rsquo;importe quel foyer, mais aussi un authentique souvenir qui exalte la culture espagnole.<\/p>\n<p>La figure du taureau est embl\u00e9matique dans de nombreuses festivit\u00e9s et traditions, ce qui en fait un motif repr\u00e9sentatif qui s\u00e9duit ceux qui souhaitent se souvenir de leur visite en Espagne. Chez Ol\u00e9 Mosaic, nous distribuons des souvenirs qui c\u00e9l\u00e8brent l&rsquo;authenticit\u00e9 et le design artisanal. Cette assiette est une excellente option pour les boutiques de cadeaux touristiques qui cherchent \u00e0 offrir des souvenirs de haute qualit\u00e9 et d&rsquo;une grande pertinence culturelle. En tant que grossistes d&rsquo;articles en c\u00e9ramique, nous garantissons que chaque pi\u00e8ce refl\u00e8te la richesse du patrimoine espagnol et la passion qui le caract\u00e9rise.<\/p>\n","protected":false},"excerpt":{"rendered":"<p>Assiette en c\u00e9ramique de 8,5 cm avec un design vibrant de taureau, repr\u00e9sentant la riche culture espagnole. L&rsquo;assiette, finie dans les tons beiges, pr\u00e9sente une illustration color\u00e9e en mosa\u00efque du taureau, orn\u00e9e de motifs d&rsquo;\u0153illets rouges \u00e9voquant la tradition et le folklore du pays. Sa forme l\u00e9g\u00e8rement incurv\u00e9e et ses bords noirs contrastent parfaitement avec les couleurs du design, en faisant un \u00e9l\u00e9ment d\u00e9coratif attrayant id\u00e9al pour tout int\u00e9rieur.<\/p>\n","protected":false},"featured_media":7200,"template":"","meta":{"_acf_changed":false},"product_brand":[],"product_cat":[656],"product_tag":[530,585],"class_list":{"0":"post-32265","1":"product","2":"type-product","3":"status-publish","4":"has-post-thumbnail","6":"product_cat-assiettes-decoratives","7":"product_tag-animaux","8":"product_tag-ceramique","9":"pa_motivo-taureaux","11":"first","12":"instock","13":"shipping-taxable","14":"product-type-simple"},"acf":[],"_links":{"self":[{"href":"https:\/\/olemosaic.orbitalia.org\/fr\/wp-json\/wp\/v2\/product\/32265","targetHints":{"allow":["GET"]}}],"collection":[{"href":"https:\/\/olemosaic.orbitalia.org\/fr\/wp-json\/wp\/v2\/product"}],"about":[{"href":"https:\/\/olemosaic.orbitalia.org\/fr\/wp-json\/wp\/v2\/types\/product"}],"wp:featuredmedia":[{"embeddable":true,"href":"https:\/\/olemosaic.orbitalia.org\/fr\/wp-json\/wp\/v2\/media\/7200"}],"wp:attachment":[{"href":"https:\/\/olemosaic.orbitalia.org\/fr\/wp-json\/wp\/v2\/media?parent=32265"}],"wp:term":[{"taxonomy":"product_brand","embeddable":true,"href":"https:\/\/olemosaic.orbitalia.org\/fr\/wp-json\/wp\/v2\/product_brand?post=32265"},{"taxonomy":"product_cat","embeddable":true,"href":"https:\/\/olemosaic.orbitalia.org\/fr\/wp-json\/wp\/v2\/product_cat?post=32265"},{"taxonomy":"product_tag","embeddable":true,"href":"https:\/\/olemosaic.orbitalia.org\/fr\/wp-json\/wp\/v2\/product_tag?post=32265"}],"curies":[{"name":"wp","href":"https:\/\/api.w.org\/{rel}","templated":true}]}}