{"id":32246,"date":"2025-02-20T23:34:05","date_gmt":"2025-02-20T22:34:05","guid":{"rendered":"https:\/\/olemosaic.orbitalia.org\/producto\/plato-de-ceramica-de-85-cm-salamandra-beige\/"},"modified":"2025-07-25T19:01:31","modified_gmt":"2025-07-25T17:01:31","slug":"assiette-en-ceramique-de-8-5-cm-salamandre-beige","status":"publish","type":"product","link":"https:\/\/olemosaic.orbitalia.org\/fr\/produit\/assiette-en-ceramique-de-8-5-cm-salamandre-beige\/","title":{"rendered":"Assiette en c\u00e9ramique de 8,5 cm. Salamandre. Beige."},"content":{"rendered":"<p>Cette assiette en c\u00e9ramique de 8,5 cm est un charmant souvenir qui capture l&rsquo;essence vibrante de la culture espagnole. D\u00e9cor\u00e9e de joyeuses salamandres dans un design color\u00e9, c&rsquo;est une v\u00e9ritable \u0153uvre d&rsquo;art qui souligne la riche tradition artisanale de la c\u00e9ramique espagnole. Sa base beige contraste parfaitement avec le bord rouge, cr\u00e9ant un cadre attrayant qui met en valeur les mosa\u00efques repr\u00e9sentant les salamandres et les fleurs. Les salamandres, avec leurs d\u00e9tails peints \u00e0 la main, sont pr\u00e9sent\u00e9es dans une vari\u00e9t\u00e9 de couleurs, \u00e9voquant l&rsquo;esprit joyeux et la diversit\u00e9 de la nature espagnole.<\/p>\n<p>Cette assiette est non seulement id\u00e9ale comme \u00e9l\u00e9ment d\u00e9coratif pour ajouter une touche de couleur \u00e0 n&rsquo;importe quel espace, mais elle est \u00e9galement parfaite pour servir de petits ap\u00e9ritifs, ce qui en fait un choix polyvalent pour toute occasion. Son design joyeux et son authenticit\u00e9 en tant que souvenir en font un cadeau m\u00e9morable pour ceux qui souhaitent emporter un morceau de l&rsquo;h\u00e9ritage culturel espagnol. Chez Ol\u00e9 Mosaic, en tant que distributeurs de souvenirs en c\u00e9ramique en gros, nous proposons des produits qui refl\u00e8tent la tradition et l&rsquo;art de la r\u00e9gion, cette assiette \u00e9tant une excellente option pour les boutiques de cadeaux touristiques cherchant \u00e0 attirer les visiteurs avec des souvenirs authentiques et repr\u00e9sentatifs.<\/p>\n","protected":false},"excerpt":{"rendered":"<p>Assiette en c\u00e9ramique de 8,5 cm d\u00e9cor\u00e9e de joyeuses salamandres dans un design vibrant. Cette assiette attrayante, finie dans les tons beiges et avec un bord rouge, pr\u00e9sente des mosa\u00efques color\u00e9es repr\u00e9sentant des salamandres et des fleurs, soulignant le riche h\u00e9ritage culturel de la c\u00e9ramique espagnole. Id\u00e9ale comme \u00e9l\u00e9ment d\u00e9coratif ou pour servir de petits ap\u00e9ritifs, cet article au design artisanal, peint \u00e0 la main, refl\u00e8te la tradition artisanale et l&rsquo;esprit joyeux de la nature.<\/p>\n","protected":false},"featured_media":7204,"template":"","meta":{"_acf_changed":false},"product_brand":[],"product_cat":[656],"product_tag":[530,585],"class_list":{"0":"post-32246","1":"product","2":"type-product","3":"status-publish","4":"has-post-thumbnail","6":"product_cat-assiettes-decoratives","7":"product_tag-animaux","8":"product_tag-ceramique","9":"pa_motivo-salamandres","11":"first","12":"instock","13":"shipping-taxable","14":"product-type-simple"},"acf":[],"_links":{"self":[{"href":"https:\/\/olemosaic.orbitalia.org\/fr\/wp-json\/wp\/v2\/product\/32246","targetHints":{"allow":["GET"]}}],"collection":[{"href":"https:\/\/olemosaic.orbitalia.org\/fr\/wp-json\/wp\/v2\/product"}],"about":[{"href":"https:\/\/olemosaic.orbitalia.org\/fr\/wp-json\/wp\/v2\/types\/product"}],"wp:featuredmedia":[{"embeddable":true,"href":"https:\/\/olemosaic.orbitalia.org\/fr\/wp-json\/wp\/v2\/media\/7204"}],"wp:attachment":[{"href":"https:\/\/olemosaic.orbitalia.org\/fr\/wp-json\/wp\/v2\/media?parent=32246"}],"wp:term":[{"taxonomy":"product_brand","embeddable":true,"href":"https:\/\/olemosaic.orbitalia.org\/fr\/wp-json\/wp\/v2\/product_brand?post=32246"},{"taxonomy":"product_cat","embeddable":true,"href":"https:\/\/olemosaic.orbitalia.org\/fr\/wp-json\/wp\/v2\/product_cat?post=32246"},{"taxonomy":"product_tag","embeddable":true,"href":"https:\/\/olemosaic.orbitalia.org\/fr\/wp-json\/wp\/v2\/product_tag?post=32246"}],"curies":[{"name":"wp","href":"https:\/\/api.w.org\/{rel}","templated":true}]}}