{"id":32237,"date":"2025-02-20T23:34:04","date_gmt":"2025-02-20T22:34:04","guid":{"rendered":"https:\/\/olemosaic.orbitalia.org\/producto\/plato-de-ceramica-de-20-cm-salamandra-y-flores-barcelona-blanco\/"},"modified":"2025-07-25T19:09:18","modified_gmt":"2025-07-25T17:09:18","slug":"assiette-en-ceramique-de-20-cm-salamandre-et-fleurs-barcelone-blanc","status":"publish","type":"product","link":"https:\/\/olemosaic.orbitalia.org\/fr\/produit\/assiette-en-ceramique-de-20-cm-salamandre-et-fleurs-barcelone-blanc\/","title":{"rendered":"Assiette en c\u00e9ramique de 20 cm. Salamandre et fleurs. Barcelone. Blanc."},"content":{"rendered":"<p>Cette assiette en c\u00e9ramique de 20 cm, avec son design vibrant de salamandres et de fleurs, capture l&rsquo;essence de la riche culture barcelonaise. Son fond blanc fait ressortir une explosion de couleurs, o\u00f9 les salamandres, dans des tons rouges, verts et bleus, \u00e9voquent le modernisme catalan. Les fleurs, en jaune et rouge, ajoutent une touche de joie et de fra\u00eecheur qui font de cette pi\u00e8ce un \u00e9l\u00e9ment remarquable, tant pour l&rsquo;usage quotidien que pour la d\u00e9coration int\u00e9rieure.<\/p>\n<p>Chaque d\u00e9tail, peint \u00e0 la main, lui conf\u00e8re une authenticit\u00e9 in\u00e9gal\u00e9e, transformant l&rsquo;assiette en une v\u00e9ritable \u0153uvre d&rsquo;art. La finition en mosa\u00efque ne rehausse pas seulement chaque couleur, mais offre \u00e9galement une texture visuellement riche qui attire le regard. Le design est un reflet fid\u00e8le de l&rsquo;esprit de Barcelone, c\u00e9l\u00e8bre pour son architecture color\u00e9e et sa vie artistique vibrante.<\/p>\n<p>Chez Ol\u00e9 Mosaic, nous distribuons des souvenirs de qualit\u00e9 qui c\u00e9l\u00e8brent la culture espagnole. Cette assiette en c\u00e9ramique est un cadeau id\u00e9al pour les touristes \u00e0 la recherche de souvenirs authentiques qui capturent l&rsquo;essence de leur exp\u00e9rience dans la ville. En tant que grossistes en c\u00e9ramique, nous proposons des produits fonctionnels et repr\u00e9sentatifs de la richesse culturelle barcelonaise, parfaits pour enrichir n&rsquo;importe quelle boutique de cadeaux touristiques.<\/p>\n","protected":false},"excerpt":{"rendered":"<p>Assiette en c\u00e9ramique de 20 cm avec un design de salamandres et de fleurs, inspir\u00e9 par la riche culture de Barcelone. Cette assiette vibrante pr\u00e9sente un fond blanc d\u00e9cor\u00e9 de motifs color\u00e9s de salamandres dans des tons rouges, verts et bleus, entour\u00e9es de fleurs jaunes et rouges. La finition en mosa\u00efque souligne chaque d\u00e9tail du design artisanal, peint \u00e0 la main, faisant de cette assiette une pi\u00e8ce artistique id\u00e9ale aussi bien pour l&rsquo;usage quotidien que pour la d\u00e9coration de la maison.<\/p>\n","protected":false},"featured_media":8075,"template":"","meta":{"_acf_changed":false},"product_brand":[],"product_cat":[656],"product_tag":[530,585],"class_list":{"0":"post-32237","1":"product","2":"type-product","3":"status-publish","4":"has-post-thumbnail","6":"product_cat-assiettes-decoratives","7":"product_tag-animaux","8":"product_tag-ceramique","9":"pa_ciudad-barcelona","10":"pa_motivo-salamandres","11":"pa_pais-espana","13":"first","14":"instock","15":"shipping-taxable","16":"product-type-simple"},"acf":[],"_links":{"self":[{"href":"https:\/\/olemosaic.orbitalia.org\/fr\/wp-json\/wp\/v2\/product\/32237","targetHints":{"allow":["GET"]}}],"collection":[{"href":"https:\/\/olemosaic.orbitalia.org\/fr\/wp-json\/wp\/v2\/product"}],"about":[{"href":"https:\/\/olemosaic.orbitalia.org\/fr\/wp-json\/wp\/v2\/types\/product"}],"wp:featuredmedia":[{"embeddable":true,"href":"https:\/\/olemosaic.orbitalia.org\/fr\/wp-json\/wp\/v2\/media\/8075"}],"wp:attachment":[{"href":"https:\/\/olemosaic.orbitalia.org\/fr\/wp-json\/wp\/v2\/media?parent=32237"}],"wp:term":[{"taxonomy":"product_brand","embeddable":true,"href":"https:\/\/olemosaic.orbitalia.org\/fr\/wp-json\/wp\/v2\/product_brand?post=32237"},{"taxonomy":"product_cat","embeddable":true,"href":"https:\/\/olemosaic.orbitalia.org\/fr\/wp-json\/wp\/v2\/product_cat?post=32237"},{"taxonomy":"product_tag","embeddable":true,"href":"https:\/\/olemosaic.orbitalia.org\/fr\/wp-json\/wp\/v2\/product_tag?post=32237"}],"curies":[{"name":"wp","href":"https:\/\/api.w.org\/{rel}","templated":true}]}}