{"id":32236,"date":"2025-02-20T23:34:04","date_gmt":"2025-02-20T22:34:04","guid":{"rendered":"https:\/\/olemosaic.orbitalia.org\/producto\/plato-de-ceramica-de-20-cm-flores-blanco\/"},"modified":"2025-07-25T18:48:57","modified_gmt":"2025-07-25T16:48:57","slug":"assiette-en-ceramique-de-20-cm-fleurs-blanc","status":"publish","type":"product","link":"https:\/\/olemosaic.orbitalia.org\/fr\/produit\/assiette-en-ceramique-de-20-cm-fleurs-blanc\/","title":{"rendered":"Assiette en c\u00e9ramique de 20 cm. Fleurs. Blanc."},"content":{"rendered":"<p>Cette assiette en c\u00e9ramique de 20 cm est un chef-d&rsquo;\u0153uvre qui capture l&rsquo;essence de l&rsquo;art c\u00e9ramique traditionnel espagnol, devenant un souvenir authentique et vibrant de la culture locale. D\u00e9cor\u00e9e d&rsquo;un \u00e9blouissant motif floral en mosa\u00efque brillante, l&rsquo;assiette se distingue par sa palette de couleurs vives, avec des tons rouges, jaunes, bleus et oranges sur un fond blanc qui apporte clart\u00e9 et \u00e9l\u00e9gance. Chaque d\u00e9tail a \u00e9t\u00e9 peint \u00e0 la main, ce qui garantit qu&rsquo;il ne s&rsquo;agit pas seulement d&rsquo;une assiette pour servir des ap\u00e9ritifs, mais aussi d&rsquo;une pi\u00e8ce d\u00e9corative qui rehausse n&rsquo;importe quel espace de la maison.<\/p>\n<p>Les motifs floraux \u00e9voquent le riche h\u00e9ritage du folklore andalou, rappelant les paysages fleuris et la joie des c\u00e9l\u00e9brations locales. La c\u00e9ramique est un symbole de l&rsquo;art populaire espagnol, refl\u00e9tant le savoir-faire et le d\u00e9vouement des artisans qui maintiennent cette tradition vivante. Cette assiette n&rsquo;est pas seulement un accessoire fonctionnel pour la table, mais aussi un souvenir significatif que les touristes peuvent emporter chez eux. Id\u00e9al pour toute boutique de cadeaux touristiques, ce produit de \u00ab\u00a0Ol\u00e9 Mosaic\u00a0\u00bb est une excellente option pour ceux qui recherchent des souvenirs en c\u00e9ramique authentique repr\u00e9sentant la culture et l&rsquo;h\u00e9ritage espagnols. Int\u00e9grez-la \u00e0 votre collection de souvenirs et ajoutez une touche de couleur et de tradition \u00e0 votre foyer.<\/p>\n","protected":false},"excerpt":{"rendered":"<p>Assiette en c\u00e9ramique de 20 cm d\u00e9cor\u00e9e d&rsquo;un design floral vibrant. Cette assiette color\u00e9e pr\u00e9sente une mosa\u00efque brillante dans des tons rouges, jaunes, bleus et oranges sur un fond blanc, \u00e9voquant le style traditionnel de la c\u00e9ramique espagnole. Parfaite pour servir des ap\u00e9ritifs ou comme pi\u00e8ce d\u00e9corative, chaque d\u00e9tail a fait l&rsquo;objet d&rsquo;un design artisanal soign\u00e9, peint \u00e0 la main, soulignant la richesse du folklore andalou. Un compl\u00e9ment id\u00e9al pour n&rsquo;importe quelle maison.<\/p>\n","protected":false},"featured_media":9016,"template":"","meta":{"_acf_changed":false},"product_brand":[],"product_cat":[656],"product_tag":[585],"class_list":{"0":"post-32236","1":"product","2":"type-product","3":"status-publish","4":"has-post-thumbnail","6":"product_cat-assiettes-decoratives","7":"product_tag-ceramique","8":"pa_motivo-fleurs","10":"first","11":"instock","12":"shipping-taxable","13":"product-type-simple"},"acf":[],"_links":{"self":[{"href":"https:\/\/olemosaic.orbitalia.org\/fr\/wp-json\/wp\/v2\/product\/32236","targetHints":{"allow":["GET"]}}],"collection":[{"href":"https:\/\/olemosaic.orbitalia.org\/fr\/wp-json\/wp\/v2\/product"}],"about":[{"href":"https:\/\/olemosaic.orbitalia.org\/fr\/wp-json\/wp\/v2\/types\/product"}],"wp:featuredmedia":[{"embeddable":true,"href":"https:\/\/olemosaic.orbitalia.org\/fr\/wp-json\/wp\/v2\/media\/9016"}],"wp:attachment":[{"href":"https:\/\/olemosaic.orbitalia.org\/fr\/wp-json\/wp\/v2\/media?parent=32236"}],"wp:term":[{"taxonomy":"product_brand","embeddable":true,"href":"https:\/\/olemosaic.orbitalia.org\/fr\/wp-json\/wp\/v2\/product_brand?post=32236"},{"taxonomy":"product_cat","embeddable":true,"href":"https:\/\/olemosaic.orbitalia.org\/fr\/wp-json\/wp\/v2\/product_cat?post=32236"},{"taxonomy":"product_tag","embeddable":true,"href":"https:\/\/olemosaic.orbitalia.org\/fr\/wp-json\/wp\/v2\/product_tag?post=32236"}],"curies":[{"name":"wp","href":"https:\/\/api.w.org\/{rel}","templated":true}]}}