{"id":32235,"date":"2025-02-20T22:34:04","date_gmt":"2025-02-20T22:34:04","guid":{"rendered":"https:\/\/olemosaic.orbitalia.org\/producto\/plato-de-ceramica-de-20-cm-salamandra-y-flores-blanco\/"},"modified":"2025-07-25T20:31:41","modified_gmt":"2025-07-25T18:31:41","slug":"assiette-en-ceramique-de-20-cm-salamandre-et-fleurs-blanc","status":"publish","type":"product","link":"https:\/\/olemosaic.orbitalia.org\/fr\/produit\/assiette-en-ceramique-de-20-cm-salamandre-et-fleurs-blanc\/","title":{"rendered":"Assiette en c\u00e9ramique de 20 cm. Salamandre et fleurs. Blanc."},"content":{"rendered":"<p>Cette assiette en c\u00e9ramique de 20 cm est un merveilleux exemple de l&rsquo;art classique espagnol, d\u00e9cor\u00e9e de salamandres et de fleurs vibrantes qui apportent une touche de couleur \u00e0 n&rsquo;importe quel environnement. La base blanche de l&rsquo;assiette souligne le design complexe, qui combine un motif de trencad\u00eds, \u00e9voquant la fra\u00eecheur de la nature. Les salamandres, repr\u00e9sent\u00e9es dans des tons rouges, jaunes, verts et bleus, semblent prendre vie sur la surface de l&rsquo;assiette, cr\u00e9ant un contraste dynamique avec les fleurs exub\u00e9rantes qui les entourent. Ce design n&rsquo;est pas seulement visuellement attrayant, il refl\u00e8te \u00e9galement la riche biodiversit\u00e9 et le symbolisme de la faune dans la culture espagnole.<\/p>\n<p>Avec son esth\u00e9tique moderne et ses racines traditionnelles, cette assiette est parfaite aussi bien pour servir que pour \u00eatre expos\u00e9e, devenant un \u00e9l\u00e9ment d\u00e9coratif qui captive celui qui la contemple. De plus, sa repr\u00e9sentation d&rsquo;\u00e9l\u00e9ments autochtones de la r\u00e9gion en fait un souvenir attrayant pour ceux qui souhaitent emporter un morceau d&rsquo;Espagne. Chez Ol\u00e9 Mosaic, nous proposons cette assiette dans le cadre de notre gamme de souvenirs qui refl\u00e8tent l&rsquo;authenticit\u00e9 et l&rsquo;art du pays. C&rsquo;est une excellente option pour les boutiques de cadeaux touristiques \u00e0 la recherche de produits uniques ayant une signification culturelle. En tant que distributeurs de souvenirs en gros, nous garantissons qualit\u00e9 et charme dans chaque pi\u00e8ce, faisant de cette assiette en c\u00e9ramique un incontournable pour tout amateur de d\u00e9coration.<\/p>\n","protected":false},"excerpt":{"rendered":"<p>Assiette en c\u00e9ramique de 20 cm d\u00e9cor\u00e9e de salamandres multicolores et de fleurs vibrantes. Cette belle assiette, qui se distingue par son design aux tons rouges, jaunes, verts et bleus, capture l&rsquo;essence de l&rsquo;art classique espagnol. Sa surface blanche est orn\u00e9e d&rsquo;un motif de trencad\u00eds, \u00e9voquant un style moderne qui rappelle les vues fra\u00eeches de la nature. Id\u00e9ale pour \u00eatre expos\u00e9e dans n&rsquo;importe quel environnement, cette assiette allie fonctionnalit\u00e9 et esth\u00e9tique, devenant un \u00e9l\u00e9ment d\u00e9coratif attrayant.<\/p>\n","protected":false},"featured_media":8350,"template":"","meta":{"_acf_changed":false},"product_brand":[],"product_cat":[656],"product_tag":[530,585],"class_list":{"0":"post-32235","1":"product","2":"type-product","3":"status-publish","4":"has-post-thumbnail","6":"product_cat-assiettes-decoratives","7":"product_tag-animaux","8":"product_tag-ceramique","9":"pa_motivo-salamandres","11":"first","12":"instock","13":"shipping-taxable","14":"product-type-simple"},"acf":[],"_links":{"self":[{"href":"https:\/\/olemosaic.orbitalia.org\/fr\/wp-json\/wp\/v2\/product\/32235","targetHints":{"allow":["GET"]}}],"collection":[{"href":"https:\/\/olemosaic.orbitalia.org\/fr\/wp-json\/wp\/v2\/product"}],"about":[{"href":"https:\/\/olemosaic.orbitalia.org\/fr\/wp-json\/wp\/v2\/types\/product"}],"wp:featuredmedia":[{"embeddable":true,"href":"https:\/\/olemosaic.orbitalia.org\/fr\/wp-json\/wp\/v2\/media\/8350"}],"wp:attachment":[{"href":"https:\/\/olemosaic.orbitalia.org\/fr\/wp-json\/wp\/v2\/media?parent=32235"}],"wp:term":[{"taxonomy":"product_brand","embeddable":true,"href":"https:\/\/olemosaic.orbitalia.org\/fr\/wp-json\/wp\/v2\/product_brand?post=32235"},{"taxonomy":"product_cat","embeddable":true,"href":"https:\/\/olemosaic.orbitalia.org\/fr\/wp-json\/wp\/v2\/product_cat?post=32235"},{"taxonomy":"product_tag","embeddable":true,"href":"https:\/\/olemosaic.orbitalia.org\/fr\/wp-json\/wp\/v2\/product_tag?post=32235"}],"curies":[{"name":"wp","href":"https:\/\/api.w.org\/{rel}","templated":true}]}}