{"id":32203,"date":"2025-02-20T22:34:03","date_gmt":"2025-02-20T22:34:03","guid":{"rendered":"https:\/\/olemosaic.orbitalia.org\/producto\/plato-de-ceramica-de-15-cm-bogavante-blanco\/"},"modified":"2025-07-25T19:32:40","modified_gmt":"2025-07-25T17:32:40","slug":"assiette-en-ceramique-de-15-cm-homard-blanc","status":"publish","type":"product","link":"https:\/\/olemosaic.orbitalia.org\/fr\/produit\/assiette-en-ceramique-de-15-cm-homard-blanc\/","title":{"rendered":"Assiette en c\u00e9ramique de 15 cm. Homard. Blanc."},"content":{"rendered":"<p>Cette assiette en c\u00e9ramique de 15 cm, d\u00e9cor\u00e9e d&rsquo;illustrations vibrantes de homards, est un authentique reflet de la richesse culturelle m\u00e9diterran\u00e9enne. Son design captivant pr\u00e9sente un fond blanc et bleu, o\u00f9 les homards, peints dans des tons rouges et oranges, prennent vie, montrant des d\u00e9tails et des textures minutieux. Ce design color\u00e9, dans lequel les fruits de mer semblent nager dans un d\u00e9licat motif de mosa\u00efque, s&rsquo;inspire de la tradition c\u00f4ti\u00e8re espagnole, faisant de cette assiette une pi\u00e8ce non seulement fonctionnelle, mais aussi d\u00e9corative.<\/p>\n<p>Id\u00e9ale pour servir des tapas ou comme \u00e9l\u00e9ment d\u00e9coratif sur n&rsquo;importe quelle table, cette assiette capture l&rsquo;essence des c\u00f4tes espagnoles, \u00e9voquant des moments de plaisir et de c\u00e9l\u00e9bration autour de la bonne cuisine. Son authenticit\u00e9 en tant que souvenir touristique en fait un cadeau parfait pour ceux qui recherchent des souvenirs parlant de la culture locale. Chez Ol\u00e9 Mosaic, en tant que grossistes en c\u00e9ramique, nous garantissons que chaque produit b\u00e9n\u00e9ficie d&rsquo;un design exclusif et est fabriqu\u00e9 selon les normes de qualit\u00e9 les plus \u00e9lev\u00e9es. Nous offrons aux boutiques de cadeaux touristiques une option charmante avec cette assiette en c\u00e9ramique attrayante, qui se distingue par sa pertinence culturelle et son lien avec le patrimoine gastronomique de l&rsquo;Espagne.<\/p>\n","protected":false},"excerpt":{"rendered":"<p>Assiette en c\u00e9ramique de 15 cm d\u00e9cor\u00e9e d&rsquo;illustrations de homards sur un fond vibrant blanc et bleu. Cette assiette attrayante pr\u00e9sente un design color\u00e9, avec des d\u00e9tails minutieux de homards dans des tons rouges et oranges, qui ressortent sur un d\u00e9licat motif de mosa\u00efque \u00e9voquant la riche tradition m\u00e9diterran\u00e9enne. Id\u00e9ale pour servir des tapas ou comme \u00e9l\u00e9ment d\u00e9coratif sur n&rsquo;importe quelle table. Un magnifique souvenir qui capture l&rsquo;essence c\u00f4ti\u00e8re de la culture espagnole.<\/p>\n","protected":false},"featured_media":9468,"template":"","meta":{"_acf_changed":false},"product_brand":[],"product_cat":[656],"product_tag":[530,585],"class_list":{"0":"post-32203","1":"product","2":"type-product","3":"status-publish","4":"has-post-thumbnail","6":"product_cat-assiettes-decoratives","7":"product_tag-animaux","8":"product_tag-ceramique","9":"pa_motivo-homards","11":"first","12":"instock","13":"shipping-taxable","14":"product-type-simple"},"acf":[],"_links":{"self":[{"href":"https:\/\/olemosaic.orbitalia.org\/fr\/wp-json\/wp\/v2\/product\/32203","targetHints":{"allow":["GET"]}}],"collection":[{"href":"https:\/\/olemosaic.orbitalia.org\/fr\/wp-json\/wp\/v2\/product"}],"about":[{"href":"https:\/\/olemosaic.orbitalia.org\/fr\/wp-json\/wp\/v2\/types\/product"}],"wp:featuredmedia":[{"embeddable":true,"href":"https:\/\/olemosaic.orbitalia.org\/fr\/wp-json\/wp\/v2\/media\/9468"}],"wp:attachment":[{"href":"https:\/\/olemosaic.orbitalia.org\/fr\/wp-json\/wp\/v2\/media?parent=32203"}],"wp:term":[{"taxonomy":"product_brand","embeddable":true,"href":"https:\/\/olemosaic.orbitalia.org\/fr\/wp-json\/wp\/v2\/product_brand?post=32203"},{"taxonomy":"product_cat","embeddable":true,"href":"https:\/\/olemosaic.orbitalia.org\/fr\/wp-json\/wp\/v2\/product_cat?post=32203"},{"taxonomy":"product_tag","embeddable":true,"href":"https:\/\/olemosaic.orbitalia.org\/fr\/wp-json\/wp\/v2\/product_tag?post=32203"}],"curies":[{"name":"wp","href":"https:\/\/api.w.org\/{rel}","templated":true}]}}