{"id":32201,"date":"2025-02-20T23:34:03","date_gmt":"2025-02-20T22:34:03","guid":{"rendered":"https:\/\/olemosaic.orbitalia.org\/producto\/plato-de-ceramica-de-15-cm-flores-blanco\/"},"modified":"2025-07-25T19:14:18","modified_gmt":"2025-07-25T17:14:18","slug":"assiette-en-ceramique-de-15-cm-fleurs-blanc","status":"publish","type":"product","link":"https:\/\/olemosaic.orbitalia.org\/fr\/produit\/assiette-en-ceramique-de-15-cm-fleurs-blanc\/","title":{"rendered":"Assiette en c\u00e9ramique de 15 cm. Fleurs. Blanc."},"content":{"rendered":"<p>Cette assiette en c\u00e9ramique de 15 cm est une pi\u00e8ce vibrante qui repr\u00e9sente l&rsquo;essence de l&rsquo;art traditionnel espagnol, id\u00e9ale comme souvenir de votre visite en Espagne. Son design captivant pr\u00e9sente un fond blanc qui met en valeur les motifs floraux \u00e9labor\u00e9s dans des tons rouges, jaunes, bleus et verts, cr\u00e9ant un effet visuel dynamique et joyeux. Chaque fleur est m\u00e9ticuleusement peinte \u00e0 la main, ce qui garantit que chaque assiette est une \u0153uvre d&rsquo;art unique, reflet du riche h\u00e9ritage culturel de la c\u00e9ramique espagnole.<\/p>\n<p>L&rsquo;utilisation de couleurs vives et le design complexe en mosa\u00efque en font un excellent accessoire d\u00e9coratif, en plus d&rsquo;\u00eatre parfait pour servir des ap\u00e9ritifs lors de toute c\u00e9l\u00e9bration ou r\u00e9union. Cette assiette est un hommage \u00e0 la tradition et au talent artisanal qui caract\u00e9rise la r\u00e9gion, devenant un symbole d&rsquo;hospitalit\u00e9 et de joie.<\/p>\n<p>Faisant partie de l&rsquo;offre d&rsquo;Ol\u00e9 Mosaic, cette assiette en c\u00e9ramique se positionne comme un souvenir repr\u00e9sentatif de l&rsquo;Espagne, id\u00e9al pour les boutiques de cadeaux touristiques qui cherchent \u00e0 offrir des produits authentiques et de qualit\u00e9. En acqu\u00e9rant ce produit, vous assurez l&rsquo;authenticit\u00e9 et la pertinence culturelle que les visiteurs appr\u00e9cieront et garderont en m\u00e9moire dans leurs foyers. Profitez de l&rsquo;art sur votre table avec cette magnifique assiette, parfaite pour ceux qui recherchent des souvenirs en c\u00e9ramique authentique et color\u00e9e lors de leur voyage en Espagne.<\/p>\n","protected":false},"excerpt":{"rendered":"<p>Assiette en c\u00e9ramique de 15 cm avec un design floral vibrant en mosa\u00efque. Cette charmante assiette, au fond blanc, est orn\u00e9e de motifs floraux dans des tons rouges, jaunes, bleus et verts, cr\u00e9ant un effet visuel dynamique et joyeux. Chaque pi\u00e8ce semble \u00eatre peinte \u00e0 la main, ce qui lui conf\u00e8re un caract\u00e8re unique. Id\u00e9ale comme \u00e9l\u00e9ment d\u00e9coratif ou pour servir des ap\u00e9ritifs, cette assiette capture l&rsquo;essence de l&rsquo;art traditionnel espagnol.<\/p>\n","protected":false},"featured_media":8890,"template":"","meta":{"_acf_changed":false},"product_brand":[],"product_cat":[656],"product_tag":[585],"class_list":{"0":"post-32201","1":"product","2":"type-product","3":"status-publish","4":"has-post-thumbnail","6":"product_cat-assiettes-decoratives","7":"product_tag-ceramique","8":"pa_motivo-fleurs","10":"first","11":"instock","12":"shipping-taxable","13":"product-type-simple"},"acf":[],"_links":{"self":[{"href":"https:\/\/olemosaic.orbitalia.org\/fr\/wp-json\/wp\/v2\/product\/32201","targetHints":{"allow":["GET"]}}],"collection":[{"href":"https:\/\/olemosaic.orbitalia.org\/fr\/wp-json\/wp\/v2\/product"}],"about":[{"href":"https:\/\/olemosaic.orbitalia.org\/fr\/wp-json\/wp\/v2\/types\/product"}],"wp:featuredmedia":[{"embeddable":true,"href":"https:\/\/olemosaic.orbitalia.org\/fr\/wp-json\/wp\/v2\/media\/8890"}],"wp:attachment":[{"href":"https:\/\/olemosaic.orbitalia.org\/fr\/wp-json\/wp\/v2\/media?parent=32201"}],"wp:term":[{"taxonomy":"product_brand","embeddable":true,"href":"https:\/\/olemosaic.orbitalia.org\/fr\/wp-json\/wp\/v2\/product_brand?post=32201"},{"taxonomy":"product_cat","embeddable":true,"href":"https:\/\/olemosaic.orbitalia.org\/fr\/wp-json\/wp\/v2\/product_cat?post=32201"},{"taxonomy":"product_tag","embeddable":true,"href":"https:\/\/olemosaic.orbitalia.org\/fr\/wp-json\/wp\/v2\/product_tag?post=32201"}],"curies":[{"name":"wp","href":"https:\/\/api.w.org\/{rel}","templated":true}]}}