{"id":32196,"date":"2025-02-20T23:34:02","date_gmt":"2025-02-20T22:34:02","guid":{"rendered":"https:\/\/olemosaic.orbitalia.org\/producto\/plato-de-ceramica-de-15-cm-barcelona-azul\/"},"modified":"2025-07-25T18:48:30","modified_gmt":"2025-07-25T16:48:30","slug":"assiette-en-ceramique-de-15-cm-barcelone-bleu","status":"publish","type":"product","link":"https:\/\/olemosaic.orbitalia.org\/fr\/produit\/assiette-en-ceramique-de-15-cm-barcelone-bleu\/","title":{"rendered":"Assiette en c\u00e9ramique de 15 cm. Barcelone. Bleu."},"content":{"rendered":"<p>Cette assiette en c\u00e9ramique de 15 cm est un charmant souvenir qui capture l&rsquo;essence vibrante de Barcelone. Son design pr\u00e9sente une impressionnante technique de mosa\u00efque color\u00e9e, mettant en valeur l&rsquo;iconique Sagrada Familia entour\u00e9e d&rsquo;autres monuments embl\u00e9matiques de la ville. Le fond bleu intense compl\u00e8te les tons chauds de l&rsquo;art c\u00e9ramique, cr\u00e9ant un contraste visuel qui attire l&rsquo;attention et \u00e9voque la vivacit\u00e9 de la capitale catalane. Sur la partie sup\u00e9rieure de l&rsquo;assiette, le texte \u00ab\u00a0Barcelone\u00a0\u00bb se d\u00e9tache avec une typographie amusante, ajoutant une touche personnelle \u00e0 cette pi\u00e8ce d\u00e9corative.<\/p>\n<p>L&rsquo;assiette n&rsquo;est pas seulement un objet ornemental, elle repr\u00e9sente \u00e9galement la riche histoire et culture de Barcelone, un lieu o\u00f9 l&rsquo;art et l&rsquo;architecture s&rsquo;entrelacent \u00e0 chaque pas. C&rsquo;est une excellente option pour les touristes cherchant \u00e0 ramener chez eux un souvenir authentique et repr\u00e9sentatif de leur visite, tout en \u00e9tant une pi\u00e8ce fonctionnelle pouvant servir de plateau ou de support d\u00e9coratif.<\/p>\n<p>Chez Ol\u00e9 Mosaic, en tant que grossistes de souvenirs, nous nous engageons \u00e0 proposer des produits qui connectent avec l&rsquo;authenticit\u00e9 culturelle et la cr\u00e9ativit\u00e9 artisanale. Cette assiette en c\u00e9ramique est parfaite pour les boutiques de cadeaux touristiques qui souhaitent offrir \u00e0 leurs clients un morceau de Barcelone, garantissant qualit\u00e9 et pertinence culturelle \u00e0 chaque achat, contribuant ainsi \u00e0 maintenir vivante la m\u00e9moire de cette ville fascinante.<\/p>\n","protected":false},"excerpt":{"rendered":"<p>Assiette en c\u00e9ramique de 15 cm, d\u00e9cor\u00e9e d&rsquo;une illustration vibrante qui capture l&rsquo;essence de Barcelone. Elle pr\u00e9sente une technique de mosa\u00efque color\u00e9e mettant en valeur l&rsquo;iconique Sagrada Familia et d&rsquo;autres monuments embl\u00e9matiques de la ville. Le fond bleu intense compl\u00e8te les tons chauds de la c\u00e9ramique, cr\u00e9ant un contraste attrayant. Avec le mot \u00ab\u00a0Barcelone\u00a0\u00bb \u00e9crit sur la partie sup\u00e9rieure, cette assiette est un souvenir parfait alliant art, culture et fonctionnalit\u00e9.<\/p>\n","protected":false},"featured_media":12097,"template":"","meta":{"_acf_changed":false},"product_brand":[],"product_cat":[656],"product_tag":[585],"class_list":{"0":"post-32196","1":"product","2":"type-product","3":"status-publish","4":"has-post-thumbnail","6":"product_cat-assiettes-decoratives","7":"product_tag-ceramique","8":"pa_ciudad-barcelona","9":"pa_pais-espana","11":"first","12":"instock","13":"shipping-taxable","14":"product-type-simple"},"acf":[],"_links":{"self":[{"href":"https:\/\/olemosaic.orbitalia.org\/fr\/wp-json\/wp\/v2\/product\/32196","targetHints":{"allow":["GET"]}}],"collection":[{"href":"https:\/\/olemosaic.orbitalia.org\/fr\/wp-json\/wp\/v2\/product"}],"about":[{"href":"https:\/\/olemosaic.orbitalia.org\/fr\/wp-json\/wp\/v2\/types\/product"}],"wp:featuredmedia":[{"embeddable":true,"href":"https:\/\/olemosaic.orbitalia.org\/fr\/wp-json\/wp\/v2\/media\/12097"}],"wp:attachment":[{"href":"https:\/\/olemosaic.orbitalia.org\/fr\/wp-json\/wp\/v2\/media?parent=32196"}],"wp:term":[{"taxonomy":"product_brand","embeddable":true,"href":"https:\/\/olemosaic.orbitalia.org\/fr\/wp-json\/wp\/v2\/product_brand?post=32196"},{"taxonomy":"product_cat","embeddable":true,"href":"https:\/\/olemosaic.orbitalia.org\/fr\/wp-json\/wp\/v2\/product_cat?post=32196"},{"taxonomy":"product_tag","embeddable":true,"href":"https:\/\/olemosaic.orbitalia.org\/fr\/wp-json\/wp\/v2\/product_tag?post=32196"}],"curies":[{"name":"wp","href":"https:\/\/api.w.org\/{rel}","templated":true}]}}