{"id":32163,"date":"2025-02-20T23:34:01","date_gmt":"2025-02-20T22:34:01","guid":{"rendered":"https:\/\/olemosaic.orbitalia.org\/producto\/plato-de-ceramica-de-11-cm-panoramica-madrid-beige\/"},"modified":"2025-07-25T20:22:05","modified_gmt":"2025-07-25T18:22:05","slug":"assiette-en-ceramique-de-11-cm-panoramique-madrid-beige","status":"publish","type":"product","link":"https:\/\/olemosaic.orbitalia.org\/fr\/produit\/assiette-en-ceramique-de-11-cm-panoramique-madrid-beige\/","title":{"rendered":"Assiette en c\u00e9ramique de 11 cm. Panoramique. Madrid. Beige."},"content":{"rendered":"<p>Cette assiette en c\u00e9ramique de 11 cm est un souvenir \u00e9vocateur de Madrid, con\u00e7ue pour capturer l&rsquo;essence de l&rsquo;une des capitales les plus vibrantes d&rsquo;Europe. La pi\u00e8ce pr\u00e9sente une illustration color\u00e9e de style mosa\u00efque, o\u00f9 se distingue l&#8217;embl\u00e9matique Puerta de Alcal\u00e1, un symbole incontestable de la ville. Les couleurs brillantes et le design complexe sont compl\u00e9t\u00e9s par un fond beige qui apporte de la chaleur, tandis que les bords rouges ajoutent une touche de dynamisme et contrastent avec le centre de l&rsquo;assiette. Chaque \u00e9l\u00e9ment est peint \u00e0 la main, ce qui garantit l&rsquo;authenticit\u00e9 et la singularit\u00e9 de chaque pi\u00e8ce.<\/p>\n<p>Cette assiette n&rsquo;est pas seulement un objet d\u00e9coratif, elle peut aussi \u00eatre utilis\u00e9e de mani\u00e8re fonctionnelle, devenant un accessoire polyvalent qui embellira n&rsquo;importe quelle table. De plus, elle repr\u00e9sente parfaitement le charme et l&rsquo;histoire de Madrid, ce qui en fait un souvenir id\u00e9al pour ceux qui visitent la capitale espagnole. Chez Ol\u00e9 Mosaic, nous nous sp\u00e9cialisons dans la distribution de souvenirs en gros, offrant des produits qui refl\u00e8tent la riche culture et tradition de l&rsquo;Espagne. Cette assiette en c\u00e9ramique, faisant partie de nos souvenirs de Madrid, est une option parfaite pour les boutiques de cadeaux touristiques \u00e0 la recherche de quelque chose d&rsquo;authentique et de repr\u00e9sentatif.<\/p>\n","protected":false},"excerpt":{"rendered":"<p>Assiette en c\u00e9ramique de 11 cm avec une magnifique vue panoramique de Madrid. Cette assiette pr\u00e9sente une illustration color\u00e9e de style mosa\u00efque, mettant en avant l&#8217;embl\u00e9matique Puerta de Alcal\u00e1 et des \u00e9l\u00e9ments repr\u00e9sentatifs de la ville. Avec un fond beige et des bords rouges, c&rsquo;est une pi\u00e8ce au design artisanal, peinte \u00e0 la main, qui combine des d\u00e9tails artistiques avec l&rsquo;essence culturelle madril\u00e8ne. Id\u00e9ale comme \u00e9l\u00e9ment d\u00e9coratif ou pour un usage fonctionnel, elle capture parfaitement le charme de la capitale espagnole.<\/p>\n","protected":false},"featured_media":7530,"template":"","meta":{"_acf_changed":false},"product_brand":[],"product_cat":[656],"product_tag":[585],"class_list":{"0":"post-32163","1":"product","2":"type-product","3":"status-publish","4":"has-post-thumbnail","6":"product_cat-assiettes-decoratives","7":"product_tag-ceramique","8":"pa_ciudad-madrid","9":"pa_motivo-panoramas","10":"pa_pais-espana","12":"first","13":"instock","14":"shipping-taxable","15":"product-type-simple"},"acf":[],"_links":{"self":[{"href":"https:\/\/olemosaic.orbitalia.org\/fr\/wp-json\/wp\/v2\/product\/32163","targetHints":{"allow":["GET"]}}],"collection":[{"href":"https:\/\/olemosaic.orbitalia.org\/fr\/wp-json\/wp\/v2\/product"}],"about":[{"href":"https:\/\/olemosaic.orbitalia.org\/fr\/wp-json\/wp\/v2\/types\/product"}],"wp:featuredmedia":[{"embeddable":true,"href":"https:\/\/olemosaic.orbitalia.org\/fr\/wp-json\/wp\/v2\/media\/7530"}],"wp:attachment":[{"href":"https:\/\/olemosaic.orbitalia.org\/fr\/wp-json\/wp\/v2\/media?parent=32163"}],"wp:term":[{"taxonomy":"product_brand","embeddable":true,"href":"https:\/\/olemosaic.orbitalia.org\/fr\/wp-json\/wp\/v2\/product_brand?post=32163"},{"taxonomy":"product_cat","embeddable":true,"href":"https:\/\/olemosaic.orbitalia.org\/fr\/wp-json\/wp\/v2\/product_cat?post=32163"},{"taxonomy":"product_tag","embeddable":true,"href":"https:\/\/olemosaic.orbitalia.org\/fr\/wp-json\/wp\/v2\/product_tag?post=32163"}],"curies":[{"name":"wp","href":"https:\/\/api.w.org\/{rel}","templated":true}]}}