{"id":32161,"date":"2025-02-20T23:34:00","date_gmt":"2025-02-20T22:34:00","guid":{"rendered":"https:\/\/olemosaic.orbitalia.org\/producto\/plato-de-ceramica-de-10-cm-madrid-blanco\/"},"modified":"2025-07-25T18:37:50","modified_gmt":"2025-07-25T16:37:50","slug":"assiette-en-ceramique-de-10-cm-madrid-blanc","status":"publish","type":"product","link":"https:\/\/olemosaic.orbitalia.org\/fr\/produit\/assiette-en-ceramique-de-10-cm-madrid-blanc\/","title":{"rendered":"Assiette en c\u00e9ramique de 10 cm. Madrid. Blanc."},"content":{"rendered":"<p>Cette assiette en c\u00e9ramique de 10 cm est un charmant souvenir de Madrid qui capture l&rsquo;essence de l&#8217;embl\u00e9matique Puerta del Sol. Sa surface blanche, d\u00e9licatement peinte \u00e0 la main, pr\u00e9sente une illustration vibrante avec la c\u00e9l\u00e8bre horloge de la place, accompagn\u00e9e de personnages color\u00e9s qui donnent vie \u00e0 ce lieu iconique. Les d\u00e9tails joyeux et le style d&rsquo;art populaire qui ornent l&rsquo;assiette refl\u00e8tent la richesse culturelle de la capitale espagnole, en faisant un souvenir qui c\u00e9l\u00e8bre l&rsquo;histoire et la joie de Madrid.<\/p>\n<p>Le design de l&rsquo;assiette inclut des \u00e9l\u00e9ments reconnaissables, comme l&rsquo;architecture caract\u00e9ristique de la zone, ainsi que des sc\u00e8nes quotidiennes repr\u00e9sentant la chaleur de ses habitants. Les couleurs vives et l&rsquo;essence ludique de chaque personnage font de cette assiette non seulement une pi\u00e8ce d\u00e9corative attrayante, mais aussi une exploration artistique de la vie madril\u00e8ne. \u00c9tant un souvenir peint \u00e0 la main, chaque assiette est unique, ce qui souligne son authenticit\u00e9 et sa valeur.<\/p>\n<p>Chez Ol\u00e9 Mosaic, nous nous sp\u00e9cialisons dans la distribution de souvenirs en gros qui c\u00e9l\u00e8brent la culture espagnole. Cette assiette en c\u00e9ramique de la Puerta del Sol est un excellent choix pour les boutiques de cadeaux touristiques qui cherchent \u00e0 offrir \u00e0 leurs clients un \u00e9chantillon distinctif et authentique de la tradition madril\u00e8ne, id\u00e9al pour les touristes qui souhaitent ramener un morceau de Madrid chez eux.<\/p>\n","protected":false},"excerpt":{"rendered":"<p>Assiette en c\u00e9ramique de 10 cm inspir\u00e9e de l&#8217;embl\u00e9matique Puerta del Sol de Madrid. Cette assiette blanche attrayante, au design artisanal et peinte \u00e0 la main, pr\u00e9sente une illustration vibrante avec des personnages color\u00e9s et la c\u00e9l\u00e8bre horloge de la place. D\u00e9cor\u00e9e de d\u00e9tails joyeux et d&rsquo;une touche d&rsquo;art populaire, le design refl\u00e8te l&rsquo;essence de la culture madril\u00e8ne, en faisant un souvenir id\u00e9al pour se rappeler votre visite dans la capitale espagnole.<\/p>\n","protected":false},"featured_media":9953,"template":"","meta":{"_acf_changed":false},"product_brand":[],"product_cat":[656],"product_tag":[585],"class_list":{"0":"post-32161","1":"product","2":"type-product","3":"status-publish","4":"has-post-thumbnail","6":"product_cat-assiettes-decoratives","7":"product_tag-ceramique","8":"pa_ciudad-madrid","9":"pa_pais-espana","11":"first","12":"instock","13":"shipping-taxable","14":"product-type-simple"},"acf":[],"_links":{"self":[{"href":"https:\/\/olemosaic.orbitalia.org\/fr\/wp-json\/wp\/v2\/product\/32161","targetHints":{"allow":["GET"]}}],"collection":[{"href":"https:\/\/olemosaic.orbitalia.org\/fr\/wp-json\/wp\/v2\/product"}],"about":[{"href":"https:\/\/olemosaic.orbitalia.org\/fr\/wp-json\/wp\/v2\/types\/product"}],"wp:featuredmedia":[{"embeddable":true,"href":"https:\/\/olemosaic.orbitalia.org\/fr\/wp-json\/wp\/v2\/media\/9953"}],"wp:attachment":[{"href":"https:\/\/olemosaic.orbitalia.org\/fr\/wp-json\/wp\/v2\/media?parent=32161"}],"wp:term":[{"taxonomy":"product_brand","embeddable":true,"href":"https:\/\/olemosaic.orbitalia.org\/fr\/wp-json\/wp\/v2\/product_brand?post=32161"},{"taxonomy":"product_cat","embeddable":true,"href":"https:\/\/olemosaic.orbitalia.org\/fr\/wp-json\/wp\/v2\/product_cat?post=32161"},{"taxonomy":"product_tag","embeddable":true,"href":"https:\/\/olemosaic.orbitalia.org\/fr\/wp-json\/wp\/v2\/product_tag?post=32161"}],"curies":[{"name":"wp","href":"https:\/\/api.w.org\/{rel}","templated":true}]}}