{"id":32158,"date":"2025-02-20T22:34:00","date_gmt":"2025-02-20T22:34:00","guid":{"rendered":"https:\/\/olemosaic.orbitalia.org\/producto\/plato-de-ceramica-de-10-cm-salamandra-y-flores-barcelona-blanco\/"},"modified":"2025-07-25T18:38:17","modified_gmt":"2025-07-25T16:38:17","slug":"assiette-en-ceramique-de-10-cm-salamandre-et-fleurs-barcelone-blanc","status":"publish","type":"product","link":"https:\/\/olemosaic.orbitalia.org\/fr\/produit\/assiette-en-ceramique-de-10-cm-salamandre-et-fleurs-barcelone-blanc\/","title":{"rendered":"Assiette en c\u00e9ramique de 10 cm. Salamandre et fleurs. Barcelone. Blanc."},"content":{"rendered":"<p>Cette assiette en c\u00e9ramique de 10 cm, avec un design vibrant de salamandre et de fleurs, est un souvenir distinctif de Barcelone, id\u00e9al pour ceux qui recherchent un souvenir authentique. Cette assiette attrayante pr\u00e9sente un fond blanc sur lequel se d\u00e9ploie une salamandre color\u00e9e dans des tons de bleu et de vert. Autour de cet \u00e9l\u00e9ment embl\u00e9matique, nous trouvons un ensemble de fleurs dans des rouges, jaunes et bleus \u00e9clatants, qui \u00e9voquent la riche flore de la r\u00e9gion. Le design complexe de trencad\u00eds, caract\u00e9ristique du c\u00e9l\u00e8bre architecte Antoni Gaud\u00ed, souligne le lien du produit avec l&rsquo;art moderniste que l&rsquo;on peut admirer dans de nombreux monuments de la ville.<\/p>\n<p>Le mot \u00ab\u00a0Barcelona\u00a0\u00bb est \u00e9l\u00e9gamment imprim\u00e9 sur la partie frontale, ajoutant une touche d&rsquo;identit\u00e9 qui r\u00e9sonne avec ceux qui ont explor\u00e9 ses rues pleines d&rsquo;histoire et de culture. Cette assiette n&rsquo;est pas seulement une pi\u00e8ce d\u00e9corative, mais aussi une excellente option de cadeau pour les amis et la famille, apportant un petit morceau de la culture catalane dans n&rsquo;importe quel foyer.<\/p>\n<p>Chez Ol\u00e9 Mosaic, nous sommes sp\u00e9cialis\u00e9s dans la distribution de souvenirs en gros, et cette assiette en c\u00e9ramique est un ajout parfait pour toutes les boutiques de cadeaux touristiques souhaitant offrir des produits qui capturent l&rsquo;essence de Barcelone. Assurez-vous d&rsquo;offrir \u00e0 vos clients un souvenir authentique et joyeux qui c\u00e9l\u00e8bre la singularit\u00e9 de cette ville merveilleuse.<\/p>\n","protected":false},"excerpt":{"rendered":"<p>Assiette en c\u00e9ramique de 10 cm avec un design de salamandre et de fleurs, inspir\u00e9 du style mosa\u00efque de Barcelone. Cette assiette color\u00e9e pr\u00e9sente un fond blanc orn\u00e9 d&rsquo;une salamandre vibrante dans des tons de bleu et de vert, entour\u00e9e de fleurs rouges, jaunes et bleues, et d&rsquo;un design complexe de trencad\u00eds. Le mot \u00ab\u00a0Barcelona\u00a0\u00bb est \u00e9l\u00e9gamment imprim\u00e9, ce qui en fait un souvenir distinctif et joyeux de la ville. Id\u00e9ale pour la d\u00e9coration ou comme cadeau.<\/p>\n","protected":false},"featured_media":8077,"template":"","meta":{"_acf_changed":false},"product_brand":[],"product_cat":[656],"product_tag":[530,585],"class_list":{"0":"post-32158","1":"product","2":"type-product","3":"status-publish","4":"has-post-thumbnail","6":"product_cat-assiettes-decoratives","7":"product_tag-animaux","8":"product_tag-ceramique","9":"pa_ciudad-barcelona","10":"pa_motivo-salamandres","11":"pa_pais-espana","13":"first","14":"instock","15":"shipping-taxable","16":"product-type-simple"},"acf":[],"_links":{"self":[{"href":"https:\/\/olemosaic.orbitalia.org\/fr\/wp-json\/wp\/v2\/product\/32158","targetHints":{"allow":["GET"]}}],"collection":[{"href":"https:\/\/olemosaic.orbitalia.org\/fr\/wp-json\/wp\/v2\/product"}],"about":[{"href":"https:\/\/olemosaic.orbitalia.org\/fr\/wp-json\/wp\/v2\/types\/product"}],"wp:featuredmedia":[{"embeddable":true,"href":"https:\/\/olemosaic.orbitalia.org\/fr\/wp-json\/wp\/v2\/media\/8077"}],"wp:attachment":[{"href":"https:\/\/olemosaic.orbitalia.org\/fr\/wp-json\/wp\/v2\/media?parent=32158"}],"wp:term":[{"taxonomy":"product_brand","embeddable":true,"href":"https:\/\/olemosaic.orbitalia.org\/fr\/wp-json\/wp\/v2\/product_brand?post=32158"},{"taxonomy":"product_cat","embeddable":true,"href":"https:\/\/olemosaic.orbitalia.org\/fr\/wp-json\/wp\/v2\/product_cat?post=32158"},{"taxonomy":"product_tag","embeddable":true,"href":"https:\/\/olemosaic.orbitalia.org\/fr\/wp-json\/wp\/v2\/product_tag?post=32158"}],"curies":[{"name":"wp","href":"https:\/\/api.w.org\/{rel}","templated":true}]}}