{"id":32139,"date":"2025-02-20T23:33:59","date_gmt":"2025-02-20T22:33:59","guid":{"rendered":"https:\/\/olemosaic.orbitalia.org\/producto\/mug-xl-de-ceramica-panoramica-barcelona-beige-2\/"},"modified":"2025-07-25T20:15:23","modified_gmt":"2025-07-25T18:15:23","slug":"mug-xl-en-ceramique-panoramique-sagrada-familia-barcelone-beige","status":"publish","type":"product","link":"https:\/\/olemosaic.orbitalia.org\/fr\/produit\/mug-xl-en-ceramique-panoramique-sagrada-familia-barcelone-beige\/","title":{"rendered":"Mug XL en c\u00e9ramique. Panoramique. Sagrada Familia. Barcelone. Beige."},"content":{"rendered":"<p>Ce mug XL en c\u00e9ramique pr\u00e9sente une vue panoramique vibrante de Barcelone, devenant un objet incontournable pour les amoureux de la cit\u00e9 comtale. Avec un design \u00e9l\u00e9gant dans des tons beiges, cette tasse se distingue par ses motifs de mosa\u00efque complexes et d\u00e9taill\u00e9s repr\u00e9sentant des ic\u00f4nes architecturales telles que l&#8217;embl\u00e9matique Sagrada Familia et le c\u00e9l\u00e8bre Park G\u00fcell, capturant l&rsquo;essence esth\u00e9tique de l&rsquo;architecture d&rsquo;Antoni Gaud\u00ed. Chaque pi\u00e8ce semble \u00eatre peinte \u00e0 la main, garantissant sa singularit\u00e9 et une attention m\u00e9ticuleuse aux d\u00e9tails ; les lettres \u00ab\u00a0Barcelona\u00a0\u00bb brillent dans des nuances color\u00e9es, compl\u00e9tant la riche palette de couleurs du design.<\/p>\n<p>Ce mug est non seulement parfait pour savourer un caf\u00e9, un th\u00e9 ou toute boisson de votre choix, mais c&rsquo;est aussi un excellent souvenir de la riche culture et de l&rsquo;art de la capitale catalane. C&rsquo;est un souvenir id\u00e9al qui symbolise la vitalit\u00e9 et la cr\u00e9ativit\u00e9 de Barcelone, ce qui en fait une option attrayante pour les touristes qui souhaitent ramener un petit morceau de la ville \u00e0 la maison. Chez Ol\u00e9 Mosaic, nous sommes sp\u00e9cialistes de la distribution de souvenirs en gros, et ce mug XL en c\u00e9ramique est un choix parfait pour les boutiques de cadeaux touristiques \u00e0 la recherche d&rsquo;articles authentiques et significatifs. Avec sa qualit\u00e9 et sa pertinence culturelle, il renforce le charme de nos souvenirs de Barcelone.<\/p>\n","protected":false},"excerpt":{"rendered":"<p>Tasse XL en c\u00e9ramique avec une vue panoramique vibrante de Barcelone dans des tons beiges. Cette tasse se distingue par ses motifs de mosa\u00efque d\u00e9taill\u00e9s repr\u00e9sentant la c\u00e9l\u00e8bre Sagrada Familia et l&rsquo;iconique Park G\u00fcell, capturant l&rsquo;essence architecturale de la ville. Avec un design artisanal, peint \u00e0 la main, les lettres \u00ab\u00a0Barcelona\u00a0\u00bb brillent en couleur sur la surface, offrant un souvenir parfait de la riche culture et de l&rsquo;art de la capitale catalane. Id\u00e9ale pour savourer n&rsquo;importe quelle boisson avec un style unique.<\/p>\n","protected":false},"featured_media":7678,"template":"","meta":{"_acf_changed":false},"product_brand":[],"product_cat":[728],"product_tag":[585],"class_list":{"0":"post-32139","1":"product","2":"type-product","3":"status-publish","4":"has-post-thumbnail","6":"product_cat-mugs","7":"product_tag-ceramique","8":"pa_ciudad-barcelona","9":"pa_motivo-panoramas","10":"pa_pais-espana","12":"first","13":"instock","14":"shipping-taxable","15":"product-type-simple"},"acf":[],"_links":{"self":[{"href":"https:\/\/olemosaic.orbitalia.org\/fr\/wp-json\/wp\/v2\/product\/32139","targetHints":{"allow":["GET"]}}],"collection":[{"href":"https:\/\/olemosaic.orbitalia.org\/fr\/wp-json\/wp\/v2\/product"}],"about":[{"href":"https:\/\/olemosaic.orbitalia.org\/fr\/wp-json\/wp\/v2\/types\/product"}],"wp:featuredmedia":[{"embeddable":true,"href":"https:\/\/olemosaic.orbitalia.org\/fr\/wp-json\/wp\/v2\/media\/7678"}],"wp:attachment":[{"href":"https:\/\/olemosaic.orbitalia.org\/fr\/wp-json\/wp\/v2\/media?parent=32139"}],"wp:term":[{"taxonomy":"product_brand","embeddable":true,"href":"https:\/\/olemosaic.orbitalia.org\/fr\/wp-json\/wp\/v2\/product_brand?post=32139"},{"taxonomy":"product_cat","embeddable":true,"href":"https:\/\/olemosaic.orbitalia.org\/fr\/wp-json\/wp\/v2\/product_cat?post=32139"},{"taxonomy":"product_tag","embeddable":true,"href":"https:\/\/olemosaic.orbitalia.org\/fr\/wp-json\/wp\/v2\/product_tag?post=32139"}],"curies":[{"name":"wp","href":"https:\/\/api.w.org\/{rel}","templated":true}]}}