{"id":32137,"date":"2025-02-20T23:33:58","date_gmt":"2025-02-20T22:33:58","guid":{"rendered":"https:\/\/olemosaic.orbitalia.org\/producto\/mug-xl-de-ceramica-motivos-africanos-beige-2\/"},"modified":"2025-07-25T19:30:38","modified_gmt":"2025-07-25T17:30:38","slug":"mug-xl-en-ceramique-motifs-africains-design-exotique-beige","status":"publish","type":"product","link":"https:\/\/olemosaic.orbitalia.org\/fr\/produit\/mug-xl-en-ceramique-motifs-africains-design-exotique-beige\/","title":{"rendered":"Mug XL en c\u00e9ramique. Motifs africains. Design exotique. Beige."},"content":{"rendered":"<p>Ce mug XL en c\u00e9ramique est une pi\u00e8ce charmante qui allie art et fonctionnalit\u00e9, id\u00e9ale pour ceux qui appr\u00e9cient leurs boissons pr\u00e9f\u00e9r\u00e9es avec une touche de style. D\u00e9cor\u00e9 de motifs africains vibrants, ce mug pr\u00e9sente une illustration frappante d&rsquo;une girafe et d&rsquo;un \u00e9l\u00e9phant, r\u00e9alis\u00e9s dans un style de mosa\u00efque exquis utilisant une palette de tons chauds et joyeux. Le fond blanc fait ressortir les couleurs, cr\u00e9ant un contraste attrayant qui rendra chaque moment d&rsquo;utilisation sp\u00e9cial. De plus, l&rsquo;int\u00e9rieur du mug est d&rsquo;une douce couleur beige, qui compl\u00e8te parfaitement le design ext\u00e9rieur et apporte une touche d&rsquo;\u00e9l\u00e9gance.<\/p>\n<p>Ce mug est non seulement id\u00e9al pour savourer un caf\u00e9, un th\u00e9 ou toute autre boisson, mais c&rsquo;est aussi une excellente option pour ceux qui recherchent des souvenirs authentiques repr\u00e9sentant la riche culture africaine. Son design vibrant et son lien culturel en font un souvenir m\u00e9morable, parfait pour les touristes qui souhaitent ramener chez eux une pi\u00e8ce qui capture l&rsquo;essence de l&rsquo;Afrique.<\/p>\n<p>Chez Ol\u00e9 Mosaic, nous sommes distributeurs en gros d&rsquo;articles qui c\u00e9l\u00e8brent la diversit\u00e9 culturelle, et ce mug est un ajout magnifique \u00e0 l&rsquo;offre de souvenirs des boutiques de cadeaux touristiques qui recherchent l&rsquo;authenticit\u00e9 et la qualit\u00e9. Misez sur ce mug d\u00e9coratif, une excellente option pour ceux qui souhaitent partager et profiter de la culture africaine au quotidien.<\/p>\n","protected":false},"excerpt":{"rendered":"<p>Mug XL en c\u00e9ramique d\u00e9cor\u00e9 de motifs africains, id\u00e9al pour savourer vos boissons pr\u00e9f\u00e9r\u00e9es. Il pr\u00e9sente une illustration vibrante d&rsquo;une girafe et d&rsquo;un \u00e9l\u00e9phant, cr\u00e9\u00e9s dans un style de mosa\u00efque aux tons chauds et joyeux sur un fond blanc. L&rsquo;int\u00e9rieur de la tasse est de couleur beige, ce qui compl\u00e8te son design exotique. Parfait pour les amoureux de la culture africaine et un excellent ajout \u00e0 votre maison.<\/p>\n","protected":false},"featured_media":7712,"template":"","meta":{"_acf_changed":false},"product_brand":[],"product_cat":[728],"product_tag":[530,585],"class_list":{"0":"post-32137","1":"product","2":"type-product","3":"status-publish","4":"has-post-thumbnail","6":"product_cat-mugs","7":"product_tag-animaux","8":"product_tag-ceramique","9":"pa_motivo-africains","11":"first","12":"instock","13":"shipping-taxable","14":"product-type-simple"},"acf":[],"_links":{"self":[{"href":"https:\/\/olemosaic.orbitalia.org\/fr\/wp-json\/wp\/v2\/product\/32137","targetHints":{"allow":["GET"]}}],"collection":[{"href":"https:\/\/olemosaic.orbitalia.org\/fr\/wp-json\/wp\/v2\/product"}],"about":[{"href":"https:\/\/olemosaic.orbitalia.org\/fr\/wp-json\/wp\/v2\/types\/product"}],"wp:featuredmedia":[{"embeddable":true,"href":"https:\/\/olemosaic.orbitalia.org\/fr\/wp-json\/wp\/v2\/media\/7712"}],"wp:attachment":[{"href":"https:\/\/olemosaic.orbitalia.org\/fr\/wp-json\/wp\/v2\/media?parent=32137"}],"wp:term":[{"taxonomy":"product_brand","embeddable":true,"href":"https:\/\/olemosaic.orbitalia.org\/fr\/wp-json\/wp\/v2\/product_brand?post=32137"},{"taxonomy":"product_cat","embeddable":true,"href":"https:\/\/olemosaic.orbitalia.org\/fr\/wp-json\/wp\/v2\/product_cat?post=32137"},{"taxonomy":"product_tag","embeddable":true,"href":"https:\/\/olemosaic.orbitalia.org\/fr\/wp-json\/wp\/v2\/product_tag?post=32137"}],"curies":[{"name":"wp","href":"https:\/\/api.w.org\/{rel}","templated":true}]}}