{"id":32136,"date":"2025-02-20T23:33:58","date_gmt":"2025-02-20T22:33:58","guid":{"rendered":"https:\/\/olemosaic.orbitalia.org\/producto\/mug-xl-de-ceramica-motivos-africanos-beige\/"},"modified":"2025-07-25T19:44:41","modified_gmt":"2025-07-25T17:44:41","slug":"mug-xl-en-ceramique-motifs-africains-beige","status":"publish","type":"product","link":"https:\/\/olemosaic.orbitalia.org\/fr\/produit\/mug-xl-en-ceramique-motifs-africains-beige\/","title":{"rendered":"Mug XL en c\u00e9ramique. Motifs africains. Beige."},"content":{"rendered":"<p>Ce mug XL en c\u00e9ramique est une expression vibrante de la faune africaine, parfait pour ceux qui souhaitent apporter un petit morceau d&rsquo;Afrique \u00e0 leur table. Avec un design captivant pr\u00e9sentant une girafe et un \u00e9l\u00e9phant dans un environnement de jungle, ce mug se distingue par sa technique de mosa\u00efque, peint \u00e0 la main avec une palette de couleurs intenses comprenant le rouge, le jaune et le gris. Le fond beige offre un contraste id\u00e9al, rehaussant la beaut\u00e9 du travail artistique complexe qui capture l&rsquo;essence de la nature africaine.<\/p>\n<p>L&rsquo;\u00e9l\u00e9gante girafe, \u00e0 gauche, se dresse majestueusement, tandis que le robuste \u00e9l\u00e9phant, \u00e0 droite, apporte une sensation de pr\u00e9sence et de force. Les deux animaux, entour\u00e9s d&rsquo;un paysage luxuriant et d&rsquo;oiseaux en plein vol, forment un r\u00e9cit visuel qui c\u00e9l\u00e8bre la diversit\u00e9 et la beaut\u00e9 de l&rsquo;\u00e9cosyst\u00e8me africain. Ce mug est non seulement fonctionnel, mais aussi un cadeau id\u00e9al et un excellent souvenir pour les touristes \u00e0 la recherche d&rsquo;un souvenir authentique et significatif de leur visite.<\/p>\n<p>Chez Ol\u00e9 Mosaic, nous sommes fiers de proposer des souvenirs en c\u00e9ramique de qualit\u00e9 en gros. Ce mug XL aux motifs africains est un compl\u00e9ment parfait pour toute boutique de cadeaux touristiques, gr\u00e2ce \u00e0 son design unique et son ancrage culturel, qui en fait un v\u00e9ritable symbole de l&rsquo;h\u00e9ritage africain. \u00c0 chaque utilisation, les utilisateurs pourront appr\u00e9cier non seulement sa beaut\u00e9, mais aussi l&rsquo;histoire que chaque design renferme.<\/p>\n","protected":false},"excerpt":{"rendered":"<p>Tasse XL en c\u00e9ramique d\u00e9cor\u00e9e de motifs africains vibrants, pr\u00e9sentant une repr\u00e9sentation color\u00e9e d&rsquo;une girafe et d&rsquo;un \u00e9l\u00e9phant dans un environnement de jungle. Avec un fond beige, ce design artisanal est peint \u00e0 la main et se distingue par sa technique de mosa\u00efque, avec des tons intenses comme le rouge, le jaune et le gris. Id\u00e9ale pour ceux qui cherchent \u00e0 apporter un petit morceau d&rsquo;Afrique \u00e0 leur table, cette tasse allie fonctionnalit\u00e9, art et culture.<\/p>\n","protected":false},"featured_media":7206,"template":"","meta":{"_acf_changed":false},"product_brand":[],"product_cat":[728],"product_tag":[530,585],"class_list":{"0":"post-32136","1":"product","2":"type-product","3":"status-publish","4":"has-post-thumbnail","6":"product_cat-mugs","7":"product_tag-animaux","8":"product_tag-ceramique","9":"pa_motivo-africains","11":"first","12":"instock","13":"shipping-taxable","14":"product-type-simple"},"acf":[],"_links":{"self":[{"href":"https:\/\/olemosaic.orbitalia.org\/fr\/wp-json\/wp\/v2\/product\/32136","targetHints":{"allow":["GET"]}}],"collection":[{"href":"https:\/\/olemosaic.orbitalia.org\/fr\/wp-json\/wp\/v2\/product"}],"about":[{"href":"https:\/\/olemosaic.orbitalia.org\/fr\/wp-json\/wp\/v2\/types\/product"}],"wp:featuredmedia":[{"embeddable":true,"href":"https:\/\/olemosaic.orbitalia.org\/fr\/wp-json\/wp\/v2\/media\/7206"}],"wp:attachment":[{"href":"https:\/\/olemosaic.orbitalia.org\/fr\/wp-json\/wp\/v2\/media?parent=32136"}],"wp:term":[{"taxonomy":"product_brand","embeddable":true,"href":"https:\/\/olemosaic.orbitalia.org\/fr\/wp-json\/wp\/v2\/product_brand?post=32136"},{"taxonomy":"product_cat","embeddable":true,"href":"https:\/\/olemosaic.orbitalia.org\/fr\/wp-json\/wp\/v2\/product_cat?post=32136"},{"taxonomy":"product_tag","embeddable":true,"href":"https:\/\/olemosaic.orbitalia.org\/fr\/wp-json\/wp\/v2\/product_tag?post=32136"}],"curies":[{"name":"wp","href":"https:\/\/api.w.org\/{rel}","templated":true}]}}