{"id":32135,"date":"2025-02-20T22:33:58","date_gmt":"2025-02-20T22:33:58","guid":{"rendered":"https:\/\/olemosaic.orbitalia.org\/producto\/mug-xl-de-ceramica-bogavante-blanco-13-cm\/"},"modified":"2025-07-25T19:10:23","modified_gmt":"2025-07-25T17:10:23","slug":"mug-xl-en-ceramique-homard-blanc-13-cm","status":"publish","type":"product","link":"https:\/\/olemosaic.orbitalia.org\/fr\/produit\/mug-xl-en-ceramique-homard-blanc-13-cm\/","title":{"rendered":"Mug XL en c\u00e9ramique. Homard. Blanc. 13 cm."},"content":{"rendered":"<p>Ce mug XL en c\u00e9ramique est une v\u00e9ritable \u0153uvre d&rsquo;art qui c\u00e9l\u00e8bre la riche tradition de la p\u00eache en M\u00e9diterran\u00e9e. Avec une hauteur de 13 cm et une \u00e9l\u00e9gante finition blanche, ce mug se distingue par son design vibrant : une illustration color\u00e9e de homards dans des tons rouges et bleus intenses. Les d\u00e9tails, peints avec soin, capturent l&rsquo;essence de ces crustac\u00e9s, entour\u00e9s de motifs d\u00e9coratifs qui \u00e9voquent la diversit\u00e9 artistique de la c\u00f4te m\u00e9diterran\u00e9enne.<\/p>\n<p>Id\u00e9al pour les amateurs de gastronomie marine, ce mug est non seulement fonctionnel, mais il ajoute \u00e9galement une touche d&rsquo;originalit\u00e9 \u00e0 toute cuisine. Son design unique vous permettra de savourer vos boissons pr\u00e9f\u00e9r\u00e9es tout en vous rappelant la fra\u00eecheur et l&rsquo;authenticit\u00e9 des saveurs de la mer. Le lien culturel de ce mug r\u00e9side dans la riche tradition de la p\u00eache qui caract\u00e9rise de nombreuses r\u00e9gions c\u00f4ti\u00e8res d&rsquo;Espagne, o\u00f9 le homard est un symbole d&rsquo;abondance marine.<\/p>\n<p>Chez Ol\u00e9 Mosaic, nous nous consacrons \u00e0 la distribution de souvenirs en gros, comme ce charmant mug de homards, parfait pour les boutiques de cadeaux touristiques qui cherchent \u00e0 proposer des produits authentiques et repr\u00e9sentatifs de la culture locale. Ce mug, devenu un souvenir qui rappelle aux visiteurs la beaut\u00e9 et la saveur de la M\u00e9diterran\u00e9e, est une excellente option pour ceux qui souhaitent ramener un petit morceau de la c\u00f4te \u00e0 la maison.<\/p>\n","protected":false},"excerpt":{"rendered":"<p>Mug XL en c\u00e9ramique avec un design vibrant de homards, id\u00e9al pour les amateurs de gastronomie marine. Ce r\u00e9cipient blanc de 13 cm pr\u00e9sente une illustration color\u00e9e et d\u00e9taill\u00e9e de homards dans des tons rouges et bleus, sur un fond aux motifs d\u00e9coratifs. Parfait pour ajouter une touche d&rsquo;originalit\u00e9 \u00e0 la cuisine et savourer vos boissons pr\u00e9f\u00e9r\u00e9es, tout en \u00e9voquant la tradition de la p\u00eache de la c\u00f4te m\u00e9diterran\u00e9enne.<\/p>\n","protected":false},"featured_media":9471,"template":"","meta":{"_acf_changed":false},"product_brand":[],"product_cat":[728],"product_tag":[530,585],"class_list":{"0":"post-32135","1":"product","2":"type-product","3":"status-publish","4":"has-post-thumbnail","6":"product_cat-mugs","7":"product_tag-animaux","8":"product_tag-ceramique","9":"pa_motivo-homards","11":"first","12":"instock","13":"shipping-taxable","14":"product-type-simple"},"acf":[],"_links":{"self":[{"href":"https:\/\/olemosaic.orbitalia.org\/fr\/wp-json\/wp\/v2\/product\/32135","targetHints":{"allow":["GET"]}}],"collection":[{"href":"https:\/\/olemosaic.orbitalia.org\/fr\/wp-json\/wp\/v2\/product"}],"about":[{"href":"https:\/\/olemosaic.orbitalia.org\/fr\/wp-json\/wp\/v2\/types\/product"}],"wp:featuredmedia":[{"embeddable":true,"href":"https:\/\/olemosaic.orbitalia.org\/fr\/wp-json\/wp\/v2\/media\/9471"}],"wp:attachment":[{"href":"https:\/\/olemosaic.orbitalia.org\/fr\/wp-json\/wp\/v2\/media?parent=32135"}],"wp:term":[{"taxonomy":"product_brand","embeddable":true,"href":"https:\/\/olemosaic.orbitalia.org\/fr\/wp-json\/wp\/v2\/product_brand?post=32135"},{"taxonomy":"product_cat","embeddable":true,"href":"https:\/\/olemosaic.orbitalia.org\/fr\/wp-json\/wp\/v2\/product_cat?post=32135"},{"taxonomy":"product_tag","embeddable":true,"href":"https:\/\/olemosaic.orbitalia.org\/fr\/wp-json\/wp\/v2\/product_tag?post=32135"}],"curies":[{"name":"wp","href":"https:\/\/api.w.org\/{rel}","templated":true}]}}