{"id":32103,"date":"2025-02-20T22:33:57","date_gmt":"2025-02-20T22:33:57","guid":{"rendered":"https:\/\/olemosaic.orbitalia.org\/producto\/mug-xl-de-ceramica-flores-blanco-13-cm\/"},"modified":"2025-07-25T20:31:21","modified_gmt":"2025-07-25T18:31:21","slug":"mug-xl-en-ceramique-fleurs-blanc-13-cm","status":"publish","type":"product","link":"https:\/\/olemosaic.orbitalia.org\/fr\/produit\/mug-xl-en-ceramique-fleurs-blanc-13-cm\/","title":{"rendered":"Mug XL en c\u00e9ramique. Fleurs. Blanc. 13 cm."},"content":{"rendered":"<p>Ce mug XL en c\u00e9ramique est le compl\u00e9ment parfait pour les amateurs de culture et d&rsquo;art, avec un design floral vibrant qui \u00e9voque la tradition de la mosa\u00efque. Avec ses 13 cm de hauteur, ce mug attrayant se distingue par son fond blanc, qui rehausse les couleurs vives des fleurs. Celles-ci, dispos\u00e9es harmonieusement dans des tons rouges, jaunes, bleus et turquoises, sont soulign\u00e9es de noir pour un effet visuel percutant. L&rsquo;anse, avec son design innovant en forme de feuille, ajoute une touche originale et fra\u00eeche, transformant ce mug en une pi\u00e8ce \u00e0 la fois fonctionnelle et d\u00e9corative.<\/p>\n<p>Ce produit repr\u00e9sente le riche h\u00e9ritage culturel des r\u00e9gions m\u00e9diterran\u00e9ennes, o\u00f9 les mosa\u00efques font partie int\u00e9grante de l&rsquo;architecture et de l&rsquo;art local, \u00e9voquant l&rsquo;essence vibrante de ces terres. Id\u00e9al pour savourer vos boissons pr\u00e9f\u00e9r\u00e9es, ce mug n&rsquo;est pas seulement un ustensile quotidien, mais une pi\u00e8ce unique qui capture la joie et la cr\u00e9ativit\u00e9 de la culture.<\/p>\n<p>Chez Ol\u00e9 Mosaic, nous nous sp\u00e9cialisons dans la distribution de souvenirs en gros, et ce mug \u00e0 fleurs est une excellente option pour les boutiques de cadeaux touristiques \u00e0 la recherche de produits authentiques et repr\u00e9sentatifs. En tant que grossistes en c\u00e9ramique, nous garantissons la qualit\u00e9 et le design de chaque pi\u00e8ce, faisant de ce mug un souvenir id\u00e9al pour ceux qui souhaitent emporter un morceau de culture \u00e0 chaque gorg\u00e9e.<\/p>\n","protected":false},"excerpt":{"rendered":"<p>Tasse XL en c\u00e9ramique avec un design floral vibrant \u00e9voquant le style mosa\u00efque. D&rsquo;une hauteur de 13 cm, elle se distingue par son fond blanc qui fait ressortir les couleurs \u00e9clatantes des fleurs, dans des tons rouges, jaunes, bleus et turquoises, parfaitement soulign\u00e9s de noir. Cette tasse, id\u00e9ale pour savourer vos boissons, int\u00e8gre une anse en forme de feuille, apportant une touche originale et fra\u00eeche. Parfaite pour ajouter de la joie \u00e0 n&rsquo;importe quelle table.<\/p>\n","protected":false},"featured_media":8909,"template":"","meta":{"_acf_changed":false},"product_brand":[],"product_cat":[728],"product_tag":[585],"class_list":{"0":"post-32103","1":"product","2":"type-product","3":"status-publish","4":"has-post-thumbnail","6":"product_cat-mugs","7":"product_tag-ceramique","8":"pa_motivo-fleurs","10":"first","11":"instock","12":"shipping-taxable","13":"product-type-simple"},"acf":[],"_links":{"self":[{"href":"https:\/\/olemosaic.orbitalia.org\/fr\/wp-json\/wp\/v2\/product\/32103","targetHints":{"allow":["GET"]}}],"collection":[{"href":"https:\/\/olemosaic.orbitalia.org\/fr\/wp-json\/wp\/v2\/product"}],"about":[{"href":"https:\/\/olemosaic.orbitalia.org\/fr\/wp-json\/wp\/v2\/types\/product"}],"wp:featuredmedia":[{"embeddable":true,"href":"https:\/\/olemosaic.orbitalia.org\/fr\/wp-json\/wp\/v2\/media\/8909"}],"wp:attachment":[{"href":"https:\/\/olemosaic.orbitalia.org\/fr\/wp-json\/wp\/v2\/media?parent=32103"}],"wp:term":[{"taxonomy":"product_brand","embeddable":true,"href":"https:\/\/olemosaic.orbitalia.org\/fr\/wp-json\/wp\/v2\/product_brand?post=32103"},{"taxonomy":"product_cat","embeddable":true,"href":"https:\/\/olemosaic.orbitalia.org\/fr\/wp-json\/wp\/v2\/product_cat?post=32103"},{"taxonomy":"product_tag","embeddable":true,"href":"https:\/\/olemosaic.orbitalia.org\/fr\/wp-json\/wp\/v2\/product_tag?post=32103"}],"curies":[{"name":"wp","href":"https:\/\/api.w.org\/{rel}","templated":true}]}}