{"id":32100,"date":"2025-02-20T22:33:56","date_gmt":"2025-02-20T22:33:56","guid":{"rendered":"https:\/\/olemosaic.orbitalia.org\/producto\/mug-xl-de-ceramica-salamandra-mallorca-beige\/"},"modified":"2025-07-25T20:12:45","modified_gmt":"2025-07-25T18:12:45","slug":"mug-xl-en-ceramique-salamandre-majorque-beige","status":"publish","type":"product","link":"https:\/\/olemosaic.orbitalia.org\/fr\/produit\/mug-xl-en-ceramique-salamandre-majorque-beige\/","title":{"rendered":"Mug XL en c\u00e9ramique. Salamandre. Majorque. Beige."},"content":{"rendered":"<p>Ce mug XL en c\u00e9ramique, d\u00e9cor\u00e9 de salamandres, est une pi\u00e8ce vibrante qui \u00e9voque la riche faune de Majorque. Avec son design color\u00e9, ce mug se distingue par son impressionnante repr\u00e9sentation de salamandres en mosa\u00efque multicolore, sur un fond beige qui souligne l&rsquo;\u00e9nergie de l&rsquo;\u00eele. Chaque salamandre, soigneusement illustr\u00e9e, affiche un m\u00e9lange de couleurs capturant l&rsquo;essence du paysage m\u00e9diterran\u00e9en, tandis que les fleurs, dans des tons verts et rouges \u00e9clatants, ajoutent une touche fra\u00eeche et joyeuse. La partie sup\u00e9rieure du mug est bord\u00e9e d&rsquo;un rouge intense, qui non seulement d\u00e9finit son design, mais apporte \u00e9galement un air ludique et distinctif. L&rsquo;inscription \u00ab\u00a0MALLORCA\u00a0\u00bb est pr\u00e9sent\u00e9e avec des lettres joyeuses, renfor\u00e7ant son identit\u00e9 en tant que souvenir authentique de la r\u00e9gion.<\/p>\n<p>Ce mug est parfait pour savourer vos boissons pr\u00e9f\u00e9r\u00e9es, qu&rsquo;il s&rsquo;agisse d&rsquo;un caf\u00e9 le matin ou d&rsquo;un th\u00e9 l&rsquo;apr\u00e8s-midi, en vous rappelant toujours l&rsquo;atmosph\u00e8re chaleureuse de Majorque. En tant que souvenir, il repr\u00e9sente la culture locale et la biodiversit\u00e9 de l&rsquo;\u00eele, ce qui en fait un excellent cadeau pour ceux qui souhaitent ramener un morceau de la M\u00e9diterran\u00e9e chez eux. Chez Ol\u00e9 Mosaic, nous sommes fiers d&rsquo;\u00eatre des distributeurs de souvenirs de qualit\u00e9 en gros, offrant des produits authentiques qui connectent les touristes \u00e0 l&rsquo;essence de leurs destinations. Ce mug salamandre est un choix id\u00e9al pour les boutiques de cadeaux touristiques souhaitant proposer des articles uniques et repr\u00e9sentatifs de Majorque.<\/p>\n","protected":false},"excerpt":{"rendered":"<p>Mug XL en c\u00e9ramique d\u00e9cor\u00e9 de salamandres color\u00e9es, inspir\u00e9 de la faune de Majorque. Cette pi\u00e8ce se distingue par son design vibrant, avec des salamandres en mosa\u00efque multicolore sur un fond beige, accompagn\u00e9es de fleurs aux tons \u00e9clatants. Le bord sup\u00e9rieur du mug est soulign\u00e9 de rouge et arbore l&rsquo;inscription \u00ab\u00a0MALLORCA\u00a0\u00bb, lui conf\u00e9rant une touche distinctive. Id\u00e9al pour savourer vos boissons pr\u00e9f\u00e9r\u00e9es tout en \u00e9voquant l&rsquo;essence de la M\u00e9diterran\u00e9e.<\/p>\n","protected":false},"featured_media":7682,"template":"","meta":{"_acf_changed":false},"product_brand":[],"product_cat":[728],"product_tag":[530,585],"class_list":{"0":"post-32100","1":"product","2":"type-product","3":"status-publish","4":"has-post-thumbnail","6":"product_cat-mugs","7":"product_tag-animaux","8":"product_tag-ceramique","9":"pa_ciudad-mallorca","10":"pa_motivo-salamandres","11":"pa_pais-espana","13":"first","14":"instock","15":"shipping-taxable","16":"product-type-simple"},"acf":[],"_links":{"self":[{"href":"https:\/\/olemosaic.orbitalia.org\/fr\/wp-json\/wp\/v2\/product\/32100","targetHints":{"allow":["GET"]}}],"collection":[{"href":"https:\/\/olemosaic.orbitalia.org\/fr\/wp-json\/wp\/v2\/product"}],"about":[{"href":"https:\/\/olemosaic.orbitalia.org\/fr\/wp-json\/wp\/v2\/types\/product"}],"wp:featuredmedia":[{"embeddable":true,"href":"https:\/\/olemosaic.orbitalia.org\/fr\/wp-json\/wp\/v2\/media\/7682"}],"wp:attachment":[{"href":"https:\/\/olemosaic.orbitalia.org\/fr\/wp-json\/wp\/v2\/media?parent=32100"}],"wp:term":[{"taxonomy":"product_brand","embeddable":true,"href":"https:\/\/olemosaic.orbitalia.org\/fr\/wp-json\/wp\/v2\/product_brand?post=32100"},{"taxonomy":"product_cat","embeddable":true,"href":"https:\/\/olemosaic.orbitalia.org\/fr\/wp-json\/wp\/v2\/product_cat?post=32100"},{"taxonomy":"product_tag","embeddable":true,"href":"https:\/\/olemosaic.orbitalia.org\/fr\/wp-json\/wp\/v2\/product_tag?post=32100"}],"curies":[{"name":"wp","href":"https:\/\/api.w.org\/{rel}","templated":true}]}}