{"id":32096,"date":"2025-02-20T22:33:56","date_gmt":"2025-02-20T22:33:56","guid":{"rendered":"https:\/\/olemosaic.orbitalia.org\/producto\/mug-xl-de-ceramica-toros-blanco-13-cm\/"},"modified":"2025-07-25T18:54:50","modified_gmt":"2025-07-25T16:54:50","slug":"mug-xl-en-ceramique-taureaux-blanc-13-cm","status":"publish","type":"product","link":"https:\/\/olemosaic.orbitalia.org\/fr\/produit\/mug-xl-en-ceramique-taureaux-blanc-13-cm\/","title":{"rendered":"Mug XL en c\u00e9ramique. Taureaux. Blanc. 13 cm."},"content":{"rendered":"<p>Ce mug XL en c\u00e9ramique, au design vibrant de taureaux, est une repr\u00e9sentation authentique de la riche culture espagnole, id\u00e9ale pour tout amateur de folklore. D&rsquo;une hauteur de 13 cm, il se distingue par sa spectaculaire mosa\u00efque color\u00e9e illustrant un taureau majestueux, encadr\u00e9 dans un paysage ensoleill\u00e9 orn\u00e9 d&rsquo;un soleil radiant et de d\u00e9licates fleurs rouges. L&rsquo;utilisation de tons bleus, verts et rouges dans la figure du taureau souligne la vitalit\u00e9 et le dynamisme associ\u00e9s \u00e0 la tradition taurine, tandis que le fond blanc offre un contraste rafra\u00eechissant qui fait briller les couleurs encore plus.<\/p>\n<p>Cette pi\u00e8ce n&rsquo;est pas seulement fonctionnelle, elle agit \u00e9galement comme un \u00e9l\u00e9ment d\u00e9coratif attrayant, apportant une touche artistique \u00e0 toute cuisine ou collection de souvenirs. Le design c\u00e9l\u00e8bre l&rsquo;h\u00e9ritage culturel de l&rsquo;Espagne, o\u00f9 les taureaux sont un symbole de force et de festivit\u00e9. Ce mug est parfait pour ceux qui souhaitent ramener chez eux un morceau de la passion espagnole, \u00e9tant un cadeau id\u00e9al pour les touristes et un excellent souvenir qui capture l&rsquo;essence de l&rsquo;Espagne.<\/p>\n<p>Chez Ol\u00e9 Mosaic, en tant que distributeurs de souvenirs en c\u00e9ramique en gros, nous proposons des produits qui refl\u00e8tent authentiquement la culture et les traditions espagnoles. Ce mug de taureaux est un choix de premier plan pour les boutiques de cadeaux touristiques \u00e0 la recherche de pi\u00e8ces uniques et repr\u00e9sentatives. En tant que grossistes de mugs en c\u00e9ramique, nous garantissons qualit\u00e9 et authenticit\u00e9 pour chaque article, ravissant les clients \u00e0 chaque gorg\u00e9e de leur caf\u00e9 ou th\u00e9.<\/p>\n","protected":false},"excerpt":{"rendered":"<p>Tasse XL en c\u00e9ramique avec un design taurin vibrant, symbole de la culture espagnole. D&rsquo;une hauteur de 13 cm, cette pi\u00e8ce se distingue par sa mosa\u00efque color\u00e9e repr\u00e9sentant un taureau dans un paysage orn\u00e9 d&rsquo;un soleil radiant et de fleurs rouges. Le fond blanc fait ressortir les couleurs vives du taureau, avec des tons bleus, verts et rouges. Id\u00e9ale pour les amateurs de folklore, cette tasse apportera une touche artistique \u00e0 toute cuisine ou collection de souvenirs.<\/p>\n","protected":false},"featured_media":8911,"template":"","meta":{"_acf_changed":false},"product_brand":[],"product_cat":[728],"product_tag":[530,585],"class_list":{"0":"post-32096","1":"product","2":"type-product","3":"status-publish","4":"has-post-thumbnail","6":"product_cat-mugs","7":"product_tag-animaux","8":"product_tag-ceramique","9":"pa_motivo-taureaux","11":"first","12":"instock","13":"shipping-taxable","14":"product-type-simple"},"acf":[],"_links":{"self":[{"href":"https:\/\/olemosaic.orbitalia.org\/fr\/wp-json\/wp\/v2\/product\/32096","targetHints":{"allow":["GET"]}}],"collection":[{"href":"https:\/\/olemosaic.orbitalia.org\/fr\/wp-json\/wp\/v2\/product"}],"about":[{"href":"https:\/\/olemosaic.orbitalia.org\/fr\/wp-json\/wp\/v2\/types\/product"}],"wp:featuredmedia":[{"embeddable":true,"href":"https:\/\/olemosaic.orbitalia.org\/fr\/wp-json\/wp\/v2\/media\/8911"}],"wp:attachment":[{"href":"https:\/\/olemosaic.orbitalia.org\/fr\/wp-json\/wp\/v2\/media?parent=32096"}],"wp:term":[{"taxonomy":"product_brand","embeddable":true,"href":"https:\/\/olemosaic.orbitalia.org\/fr\/wp-json\/wp\/v2\/product_brand?post=32096"},{"taxonomy":"product_cat","embeddable":true,"href":"https:\/\/olemosaic.orbitalia.org\/fr\/wp-json\/wp\/v2\/product_cat?post=32096"},{"taxonomy":"product_tag","embeddable":true,"href":"https:\/\/olemosaic.orbitalia.org\/fr\/wp-json\/wp\/v2\/product_tag?post=32096"}],"curies":[{"name":"wp","href":"https:\/\/api.w.org\/{rel}","templated":true}]}}