{"id":32095,"date":"2025-02-20T22:33:56","date_gmt":"2025-02-20T22:33:56","guid":{"rendered":"https:\/\/olemosaic.orbitalia.org\/producto\/mug-xl-de-ceramica-panoramica-barcelona-beige\/"},"modified":"2025-07-25T18:59:09","modified_gmt":"2025-07-25T16:59:09","slug":"mug-xl-en-ceramique-panoramique-barcelone-beige","status":"publish","type":"product","link":"https:\/\/olemosaic.orbitalia.org\/fr\/produit\/mug-xl-en-ceramique-panoramique-barcelone-beige\/","title":{"rendered":"Mug XL en c\u00e9ramique. Panoramique. Barcelone. Beige."},"content":{"rendered":"<p>Ce mug XL en c\u00e9ramique au design panoramique de Barcelone est un incontournable pour les amoureux de la cit\u00e9 comtale et un excellent souvenir qui capture l&rsquo;essence de sa culture vibrante. Sur un fond beige, le mug pr\u00e9sente une illustration color\u00e9e et d\u00e9taill\u00e9e qui met en avant l&#8217;embl\u00e9matique Monument \u00e0 Colomb, entour\u00e9 de palmiers et d&rsquo;\u00e9l\u00e9ments architecturaux, symboles de l&rsquo;architecture moderniste de la ville. Les teintes vibrantes de vert, rouge et bleu rendent la repr\u00e9sentation encore plus captivante, tandis que le texte \u00ab\u00a0Barcelona\u00a0\u00bb en haut ajoute une touche joyeuse et contemporaine au produit.<\/p>\n<p>Ce mug n&rsquo;est pas seulement fonctionnel, il agit \u00e9galement comme un rappel visuel des moments inoubliables v\u00e9cus \u00e0 Barcelone. Id\u00e9al pour savourer vos boissons pr\u00e9f\u00e9r\u00e9es, son design panoramique en fait un objet d&rsquo;admiration dans n&rsquo;importe quelle cuisine. La connexion culturelle est authentique, car le Monument \u00e0 Colomb est un symbole de l&rsquo;histoire maritime de la ville, soulignant sa relation avec la mer et l&rsquo;exploration.<\/p>\n<p>Chez Ol\u00e9 Mosaic, nous sommes experts dans la distribution de souvenirs en gros et ce mug XL est une option parfaite pour les boutiques de cadeaux touristiques qui cherchent \u00e0 offrir \u00e0 leurs clients des produits refl\u00e9tant le riche h\u00e9ritage culturel de Barcelone. En tant que grossistes de souvenirs, nous garantissons qualit\u00e9 et authenticit\u00e9 dans chaque pi\u00e8ce, faisant de ce mug un cadeau id\u00e9al pour ceux qui souhaitent ramener un petit morceau de Barcelone chez eux.<\/p>\n","protected":false},"excerpt":{"rendered":"<p>Mug XL en c\u00e9ramique avec un design panoramique de Barcelone, id\u00e9al pour savourer vos boissons pr\u00e9f\u00e9r\u00e9es. Cette tasse, de couleur beige, pr\u00e9sente une illustration vibrante qui capture l&#8217;embl\u00e9matique Monument \u00e0 Colomb, entour\u00e9 de palmiers et de d\u00e9tails architecturaux caract\u00e9ristiques de la ville. Avec des teintes vertes, rouges et bleues, son design est compl\u00e9t\u00e9 par le mot \u00ab\u00a0Barcelona\u00a0\u00bb en haut, apportant une esth\u00e9tique joyeuse et moderne \u00e0 votre collection.<\/p>\n","protected":false},"featured_media":7679,"template":"","meta":{"_acf_changed":false},"product_brand":[],"product_cat":[728],"product_tag":[585],"class_list":{"0":"post-32095","1":"product","2":"type-product","3":"status-publish","4":"has-post-thumbnail","6":"product_cat-mugs","7":"product_tag-ceramique","8":"pa_ciudad-barcelona","9":"pa_motivo-panoramas","10":"pa_pais-espana","12":"first","13":"instock","14":"shipping-taxable","15":"product-type-simple"},"acf":[],"_links":{"self":[{"href":"https:\/\/olemosaic.orbitalia.org\/fr\/wp-json\/wp\/v2\/product\/32095","targetHints":{"allow":["GET"]}}],"collection":[{"href":"https:\/\/olemosaic.orbitalia.org\/fr\/wp-json\/wp\/v2\/product"}],"about":[{"href":"https:\/\/olemosaic.orbitalia.org\/fr\/wp-json\/wp\/v2\/types\/product"}],"wp:featuredmedia":[{"embeddable":true,"href":"https:\/\/olemosaic.orbitalia.org\/fr\/wp-json\/wp\/v2\/media\/7679"}],"wp:attachment":[{"href":"https:\/\/olemosaic.orbitalia.org\/fr\/wp-json\/wp\/v2\/media?parent=32095"}],"wp:term":[{"taxonomy":"product_brand","embeddable":true,"href":"https:\/\/olemosaic.orbitalia.org\/fr\/wp-json\/wp\/v2\/product_brand?post=32095"},{"taxonomy":"product_cat","embeddable":true,"href":"https:\/\/olemosaic.orbitalia.org\/fr\/wp-json\/wp\/v2\/product_cat?post=32095"},{"taxonomy":"product_tag","embeddable":true,"href":"https:\/\/olemosaic.orbitalia.org\/fr\/wp-json\/wp\/v2\/product_tag?post=32095"}],"curies":[{"name":"wp","href":"https:\/\/api.w.org\/{rel}","templated":true}]}}