{"id":32061,"date":"2025-02-20T23:33:54","date_gmt":"2025-02-20T22:33:54","guid":{"rendered":"https:\/\/olemosaic.orbitalia.org\/producto\/mug-de-ceramica-mijas-blanco-95-cm\/"},"modified":"2025-07-25T18:55:19","modified_gmt":"2025-07-25T16:55:19","slug":"mug-en-ceramique-mijas-blanc-9-5-cm","status":"publish","type":"product","link":"https:\/\/olemosaic.orbitalia.org\/fr\/produit\/mug-en-ceramique-mijas-blanc-9-5-cm\/","title":{"rendered":"Mug en c\u00e9ramique. Mijas. Blanc. 9,5 cm."},"content":{"rendered":"<p>Ce mug en c\u00e9ramique d\u00e9cor\u00e9 est un magnifique souvenir qui capture l&rsquo;essence de la charmante ar\u00e8ne de Mijas, un pittoresque village andalou. D&rsquo;une hauteur de 9,5 cm, ce mug pr\u00e9sente un design joyeux et vibrant qui combine une repr\u00e9sentation artistique de l&rsquo;ar\u00e8ne avec des d\u00e9tails floraux, \u00e9voquant le caract\u00e8re festif et traditionnel de la r\u00e9gion. Son ext\u00e9rieur blanc met en valeur une illustration color\u00e9e, o\u00f9 les tons vifs, comme le vert qui illumine l&rsquo;int\u00e9rieur du mug, soulignent la fra\u00eecheur et la joie de l&rsquo;environnement. La repr\u00e9sentation de l&rsquo;ar\u00e8ne offre non seulement une vision de l&rsquo;architecture embl\u00e9matique de Mijas, mais rappelle \u00e9galement aux visiteurs la riche culture taurine pr\u00e9sente en Espagne.<\/p>\n<p>Ce mug n&rsquo;est pas seulement un ustensile pour savourer vos boissons pr\u00e9f\u00e9r\u00e9es, il devient un objet qui rappelle la beaut\u00e9 de Mijas, parfait pour ceux qui souhaitent ramener un petit morceau d&rsquo;Andalousie chez eux. En choisissant ce mug comme souvenir, les touristes n&rsquo;acqui\u00e8rent pas seulement un article fonctionnel, mais c\u00e9l\u00e8brent \u00e9galement le patrimoine culturel de la r\u00e9gion. Chez Ol\u00e9 Mosaic, notre mission est de proposer des souvenirs authentiques, et ce mug en c\u00e9ramique de Mijas est une excellente option pour les boutiques de cadeaux touristiques \u00e0 la recherche de produits refl\u00e9tant la tradition et le charme de l&rsquo;Espagne. En tant que distributeurs de mugs en gros, nous garantissons la qualit\u00e9 et un design attrayant pour chaque pi\u00e8ce.<\/p>\n","protected":false},"excerpt":{"rendered":"<p>Mug en c\u00e9ramique d\u00e9cor\u00e9 d&rsquo;une repr\u00e9sentation color\u00e9e de l&rsquo;ar\u00e8ne de Mijas. Avec un design joyeux et pittoresque, cet accessoire pr\u00e9sente des d\u00e9tails aux tons vifs, comme le vert de l&rsquo;int\u00e9rieur et des \u00e9l\u00e9ments floraux \u00e0 l&rsquo;ext\u00e9rieur, \u00e9voquant le caract\u00e8re vibrant et traditionnel du village. D&rsquo;une hauteur de 9,5 cm, il est id\u00e9al pour savourer vos boissons pr\u00e9f\u00e9r\u00e9es tout en vous rappelant la beaut\u00e9 de ce coin d&rsquo;Andalousie.<\/p>\n","protected":false},"featured_media":10006,"template":"","meta":{"_acf_changed":false},"product_brand":[],"product_cat":[728],"product_tag":[530,585],"class_list":{"0":"post-32061","1":"product","2":"type-product","3":"status-publish","4":"has-post-thumbnail","6":"product_cat-mugs","7":"product_tag-animaux","8":"product_tag-ceramique","9":"pa_ciudad-mijas","10":"pa_pais-espana","12":"first","13":"instock","14":"shipping-taxable","15":"product-type-simple"},"acf":[],"_links":{"self":[{"href":"https:\/\/olemosaic.orbitalia.org\/fr\/wp-json\/wp\/v2\/product\/32061","targetHints":{"allow":["GET"]}}],"collection":[{"href":"https:\/\/olemosaic.orbitalia.org\/fr\/wp-json\/wp\/v2\/product"}],"about":[{"href":"https:\/\/olemosaic.orbitalia.org\/fr\/wp-json\/wp\/v2\/types\/product"}],"wp:featuredmedia":[{"embeddable":true,"href":"https:\/\/olemosaic.orbitalia.org\/fr\/wp-json\/wp\/v2\/media\/10006"}],"wp:attachment":[{"href":"https:\/\/olemosaic.orbitalia.org\/fr\/wp-json\/wp\/v2\/media?parent=32061"}],"wp:term":[{"taxonomy":"product_brand","embeddable":true,"href":"https:\/\/olemosaic.orbitalia.org\/fr\/wp-json\/wp\/v2\/product_brand?post=32061"},{"taxonomy":"product_cat","embeddable":true,"href":"https:\/\/olemosaic.orbitalia.org\/fr\/wp-json\/wp\/v2\/product_cat?post=32061"},{"taxonomy":"product_tag","embeddable":true,"href":"https:\/\/olemosaic.orbitalia.org\/fr\/wp-json\/wp\/v2\/product_tag?post=32061"}],"curies":[{"name":"wp","href":"https:\/\/api.w.org\/{rel}","templated":true}]}}