{"id":32008,"date":"2025-02-20T23:33:51","date_gmt":"2025-02-20T22:33:51","guid":{"rendered":"https:\/\/olemosaic.orbitalia.org\/producto\/mug-de-ceramica-ronda-azul-95-cm\/"},"modified":"2025-07-25T18:57:19","modified_gmt":"2025-07-25T16:57:19","slug":"mug-en-ceramique-ronda-bleu-9-5-cm","status":"publish","type":"product","link":"https:\/\/olemosaic.orbitalia.org\/fr\/produit\/mug-en-ceramique-ronda-bleu-9-5-cm\/","title":{"rendered":"Mug en c\u00e9ramique. Ronda. Bleu. 9,5 cm."},"content":{"rendered":"<p>Ce mug en c\u00e9ramique de Ronda est le cadeau parfait pour ceux qui souhaitent emporter un morceau de cette majestueuse ville andalouse. D&rsquo;une hauteur de 9,5 cm, le mug pr\u00e9sente un design vibrant qui capture l&rsquo;essence du paysage impressionnant de Ronda, c\u00e9l\u00e8bre pour ses falaises et ses vues spectaculaires. La structure du mug est orn\u00e9e d&rsquo;une mosa\u00efque color\u00e9e illustrant les b\u00e2timents traditionnels aux toits rouges, soulignant l&rsquo;architecture typique de la r\u00e9gion. Le fond bleu apporte une sensation de ciel d\u00e9gag\u00e9, \u00e9voquant la chaleur du climat andalou.<\/p>\n<p>L&rsquo;illustration du mug refl\u00e8te la vue panoramique iconique de Ronda, rendant un hommage visuel au Pont Neuf (Puente Nuevo) et \u00e0 ses pr\u00e9cipices abrupts qui divisent la ville. Chaque gorg\u00e9e de votre boisson pr\u00e9f\u00e9r\u00e9e vous rappellera la beaut\u00e9 de cette destination touristique, devenant un authentique souvenir de Ronda qui met en valeur la culture andalouse.<\/p>\n<p>Chez Ol\u00e9 Mosaic, nous sommes distributeurs de souvenirs en c\u00e9ramique qui c\u00e9l\u00e8brent la richesse du patrimoine espagnol. Ce mug n&rsquo;est pas seulement id\u00e9al pour les collectionneurs, mais aussi une excellente option pour les boutiques de cadeaux touristiques cherchant \u00e0 proposer des produits authentiques incarnant l&rsquo;essence de Ronda. Avec ce mug en c\u00e9ramique, vous tiendrez entre vos mains une repr\u00e9sentation artistique d&rsquo;un lieu o\u00f9 l&rsquo;histoire, la culture et la beaut\u00e9 naturelle s&rsquo;entrem\u00ealent.<\/p>\n","protected":false},"excerpt":{"rendered":"<p>Mug en c\u00e9ramique de 9,5 cm, d\u00e9cor\u00e9 d&rsquo;un design vibrant du paysage de Ronda. Cette tasse color\u00e9e pr\u00e9sente une illustration \u00e9voquant la c\u00e9l\u00e8bre vue panoramique de la ville, avec des d\u00e9tails dans un style mosa\u00efque. Le fond bleu fait ressortir les b\u00e2timents typiques, avec leurs toits rouges, et l&rsquo;impressionnant paysage de falaises. Id\u00e9al pour les amateurs de c\u00e9ramique andalouse et un souvenir parfait de cette charmante ville.<\/p>\n","protected":false},"featured_media":10730,"template":"","meta":{"_acf_changed":false},"product_brand":[],"product_cat":[728],"product_tag":[585],"class_list":{"0":"post-32008","1":"product","2":"type-product","3":"status-publish","4":"has-post-thumbnail","6":"product_cat-mugs","7":"product_tag-ceramique","8":"pa_ciudad-ronda","9":"pa_pais-espana","11":"first","12":"instock","13":"shipping-taxable","14":"product-type-simple"},"acf":[],"_links":{"self":[{"href":"https:\/\/olemosaic.orbitalia.org\/fr\/wp-json\/wp\/v2\/product\/32008","targetHints":{"allow":["GET"]}}],"collection":[{"href":"https:\/\/olemosaic.orbitalia.org\/fr\/wp-json\/wp\/v2\/product"}],"about":[{"href":"https:\/\/olemosaic.orbitalia.org\/fr\/wp-json\/wp\/v2\/types\/product"}],"wp:featuredmedia":[{"embeddable":true,"href":"https:\/\/olemosaic.orbitalia.org\/fr\/wp-json\/wp\/v2\/media\/10730"}],"wp:attachment":[{"href":"https:\/\/olemosaic.orbitalia.org\/fr\/wp-json\/wp\/v2\/media?parent=32008"}],"wp:term":[{"taxonomy":"product_brand","embeddable":true,"href":"https:\/\/olemosaic.orbitalia.org\/fr\/wp-json\/wp\/v2\/product_brand?post=32008"},{"taxonomy":"product_cat","embeddable":true,"href":"https:\/\/olemosaic.orbitalia.org\/fr\/wp-json\/wp\/v2\/product_cat?post=32008"},{"taxonomy":"product_tag","embeddable":true,"href":"https:\/\/olemosaic.orbitalia.org\/fr\/wp-json\/wp\/v2\/product_tag?post=32008"}],"curies":[{"name":"wp","href":"https:\/\/api.w.org\/{rel}","templated":true}]}}