{"id":31993,"date":"2025-02-20T23:33:50","date_gmt":"2025-02-20T22:33:50","guid":{"rendered":"https:\/\/olemosaic.orbitalia.org\/producto\/mug-de-ceramica-ronda-blanco-95-cm\/"},"modified":"2025-07-25T18:44:03","modified_gmt":"2025-07-25T16:44:03","slug":"mug-ceramique-ronda-blanc-9-5-cm","status":"publish","type":"product","link":"https:\/\/olemosaic.orbitalia.org\/fr\/produit\/mug-ceramique-ronda-blanc-9-5-cm\/","title":{"rendered":"Mug en c\u00e9ramique. Ronda. Blanc. 9,5 cm."},"content":{"rendered":"<p>Ce mug en c\u00e9ramique, de 9,5 cm de hauteur, est un charmant souvenir de Ronda, l&rsquo;un des joyaux de l&rsquo;Andalousie. Son design captivant pr\u00e9sente une vue panoramique color\u00e9e du paysage montagneux impressionnant qui entoure la ville, mettant en valeur ses b\u00e2timents embl\u00e9matiques qui s&rsquo;\u00e9l\u00e8vent au-dessus de l&rsquo;imposant d\u00e9fil\u00e9. Le fond blanc du mug fait ressortir les textures naturelles des rochers et le vert vibrant de la v\u00e9g\u00e9tation locale, cr\u00e9ant un contraste visuel qui attire le regard. La partie sup\u00e9rieure en bleu apporte une touche distinctive, \u00e9voquant le ciel d\u00e9gag\u00e9 qui caract\u00e9rise cette belle localit\u00e9.<\/p>\n<p>Sur la partie frontale, le texte \u00ab\u00a0RONDA\u00a0\u00bb est pr\u00e9sent\u00e9 en lettres vibrantes qui compl\u00e8tent la sc\u00e8ne, faisant de ce mug un souvenir non seulement attrayant, mais aussi fonctionnel. La c\u00e9ramique de haute qualit\u00e9 assure que ce souvenir soit durable et parfait pour un usage quotidien ou comme pi\u00e8ce d\u00e9corative dans n&rsquo;importe quel foyer, rappelant toujours la beaut\u00e9 de Ronda.<\/p>\n<p>Ce mug est plus qu&rsquo;un simple objet ; il repr\u00e9sente la riche histoire et la culture de Ronda, une destination c\u00e9l\u00e8bre pour son impressionnant Pont Neuf (Puente Nuevo) et son centre historique pittoresque. Chez Ol\u00e9 Mosaic, nous sommes sp\u00e9cialis\u00e9s dans la distribution de souvenirs en gros, et ce mug en c\u00e9ramique est une excellente option pour les boutiques de cadeaux touristiques qui cherchent \u00e0 offrir des produits authentiques et culturellement significatifs. C&rsquo;est sans aucun doute un souvenir id\u00e9al pour ceux qui souhaitent emporter un morceau de la beaut\u00e9 andalouse chez eux.<\/p>\n","protected":false},"excerpt":{"rendered":"<p>Tasse en c\u00e9ramique de 9,5 cm de hauteur, inspir\u00e9e par la magnifique ville de Ronda. Ce design pr\u00e9sente une vue panoramique color\u00e9e du paysage de la sierra et des b\u00e2timents embl\u00e9matiques de la ville, avec un fond blanc qui fait ressortir les textures des rochers et le vert de la v\u00e9g\u00e9tation. La partie sup\u00e9rieure en bleu ajoute une touche distinctive, tandis que le texte \u00ab\u00a0RONDA\u00a0\u00bb en lettres vibrantes compl\u00e8te la sc\u00e8ne, en faisant un souvenir attrayant et fonctionnel.<\/p>\n","protected":false},"featured_media":9980,"template":"","meta":{"_acf_changed":false},"product_brand":[],"product_cat":[728],"product_tag":[585],"class_list":{"0":"post-31993","1":"product","2":"type-product","3":"status-publish","4":"has-post-thumbnail","6":"product_cat-mugs","7":"product_tag-ceramique","8":"pa_ciudad-ronda","9":"pa_pais-espana","11":"first","12":"instock","13":"shipping-taxable","14":"product-type-simple"},"acf":[],"_links":{"self":[{"href":"https:\/\/olemosaic.orbitalia.org\/fr\/wp-json\/wp\/v2\/product\/31993","targetHints":{"allow":["GET"]}}],"collection":[{"href":"https:\/\/olemosaic.orbitalia.org\/fr\/wp-json\/wp\/v2\/product"}],"about":[{"href":"https:\/\/olemosaic.orbitalia.org\/fr\/wp-json\/wp\/v2\/types\/product"}],"wp:featuredmedia":[{"embeddable":true,"href":"https:\/\/olemosaic.orbitalia.org\/fr\/wp-json\/wp\/v2\/media\/9980"}],"wp:attachment":[{"href":"https:\/\/olemosaic.orbitalia.org\/fr\/wp-json\/wp\/v2\/media?parent=31993"}],"wp:term":[{"taxonomy":"product_brand","embeddable":true,"href":"https:\/\/olemosaic.orbitalia.org\/fr\/wp-json\/wp\/v2\/product_brand?post=31993"},{"taxonomy":"product_cat","embeddable":true,"href":"https:\/\/olemosaic.orbitalia.org\/fr\/wp-json\/wp\/v2\/product_cat?post=31993"},{"taxonomy":"product_tag","embeddable":true,"href":"https:\/\/olemosaic.orbitalia.org\/fr\/wp-json\/wp\/v2\/product_tag?post=31993"}],"curies":[{"name":"wp","href":"https:\/\/api.w.org\/{rel}","templated":true}]}}