{"id":31992,"date":"2025-02-20T23:33:50","date_gmt":"2025-02-20T22:33:50","guid":{"rendered":"https:\/\/olemosaic.orbitalia.org\/producto\/mug-de-ceramica-panoramica-segovia-beige\/"},"modified":"2025-07-25T18:56:29","modified_gmt":"2025-07-25T16:56:29","slug":"mug-ceramique-panoramique-segovie-beige","status":"publish","type":"product","link":"https:\/\/olemosaic.orbitalia.org\/fr\/produit\/mug-ceramique-panoramique-segovie-beige\/","title":{"rendered":"Mug en c\u00e9ramique. Panoramique. S\u00e9govie. Beige."},"content":{"rendered":"<p>Ce mug en c\u00e9ramique avec une charmante vue panoramique de S\u00e9govie est le souvenir parfait pour les amoureux de cette ville espagnole embl\u00e9matique. Son design, qui combine des tons beige et rouge, pr\u00e9sente une repr\u00e9sentation vibrante du c\u00e9l\u00e8bre aqueduc et de la majestueuse cath\u00e9drale, tous deux illustr\u00e9s dans un style de mosa\u00efque peint \u00e0 la main qui attire l&rsquo;attention et rehausse leur beaut\u00e9 architecturale. Dans la partie sup\u00e9rieure, l&rsquo;inscription \u00ab\u00a0SEGOVIA\u00a0\u00bb souligne le caract\u00e8re unique de cette pi\u00e8ce et en fait un \u00e9l\u00e9ment indispensable pour toute collection de souvenirs. La c\u00e9ramique de haute qualit\u00e9 garantit la durabilit\u00e9, tandis que l&rsquo;int\u00e9rieur du mug, d&rsquo;un rouge attrayant, compl\u00e8te le design ext\u00e9rieur. Ce produit est non seulement parfait pour savourer vos boissons pr\u00e9f\u00e9r\u00e9es, mais il est aussi un rappel tangible de la riche culture et du patrimoine historique de S\u00e9govie. Id\u00e9al pour les touristes \u00e0 la recherche d&rsquo;un souvenir authentique qui encapsule l&rsquo;essence de cette ville historique, ce mug comprend \u00e9galement une petite cuill\u00e8re assortie, ajoutant une touche de confort. Chez Ol\u00e9 Mosaic, nous distribuons des souvenirs authentiques, offrant aux boutiques de cadeaux touristiques une excellente option de mugs en c\u00e9ramique qui mettent en valeur la beaut\u00e9 de S\u00e9govie.<\/p>\n","protected":false},"excerpt":{"rendered":"<p>Tasse en c\u00e9ramique avec une charmante vue panoramique de S\u00e9govie dans les tons beige et rouge. Ce design vibrant montre le c\u00e9l\u00e8bre aqueduc et la cath\u00e9drale, repr\u00e9sent\u00e9s dans un style de mosa\u00efque artisanale, peint \u00e0 la main. L&rsquo;inscription \u00ab\u00a0SEGOVIA\u00a0\u00bb se d\u00e9tache sur la partie sup\u00e9rieure, compl\u00e9tant ce souvenir attrayant. Id\u00e9al pour savourer vos boissons pr\u00e9f\u00e9r\u00e9es tout en admirant la beaut\u00e9 de l&rsquo;une des villes les plus embl\u00e9matiques d&rsquo;Espagne. Comprend une cuill\u00e8re assortie pour plus de confort.<\/p>\n","protected":false},"featured_media":7230,"template":"","meta":{"_acf_changed":false},"product_brand":[],"product_cat":[728],"product_tag":[585],"class_list":{"0":"post-31992","1":"product","2":"type-product","3":"status-publish","4":"has-post-thumbnail","6":"product_cat-mugs","7":"product_tag-ceramique","8":"pa_ciudad-segovia","9":"pa_motivo-panoramas","10":"pa_pais-espana","12":"first","13":"instock","14":"shipping-taxable","15":"product-type-simple"},"acf":[],"_links":{"self":[{"href":"https:\/\/olemosaic.orbitalia.org\/fr\/wp-json\/wp\/v2\/product\/31992","targetHints":{"allow":["GET"]}}],"collection":[{"href":"https:\/\/olemosaic.orbitalia.org\/fr\/wp-json\/wp\/v2\/product"}],"about":[{"href":"https:\/\/olemosaic.orbitalia.org\/fr\/wp-json\/wp\/v2\/types\/product"}],"wp:featuredmedia":[{"embeddable":true,"href":"https:\/\/olemosaic.orbitalia.org\/fr\/wp-json\/wp\/v2\/media\/7230"}],"wp:attachment":[{"href":"https:\/\/olemosaic.orbitalia.org\/fr\/wp-json\/wp\/v2\/media?parent=31992"}],"wp:term":[{"taxonomy":"product_brand","embeddable":true,"href":"https:\/\/olemosaic.orbitalia.org\/fr\/wp-json\/wp\/v2\/product_brand?post=31992"},{"taxonomy":"product_cat","embeddable":true,"href":"https:\/\/olemosaic.orbitalia.org\/fr\/wp-json\/wp\/v2\/product_cat?post=31992"},{"taxonomy":"product_tag","embeddable":true,"href":"https:\/\/olemosaic.orbitalia.org\/fr\/wp-json\/wp\/v2\/product_tag?post=31992"}],"curies":[{"name":"wp","href":"https:\/\/api.w.org\/{rel}","templated":true}]}}