{"id":31989,"date":"2025-02-20T23:33:50","date_gmt":"2025-02-20T22:33:50","guid":{"rendered":"https:\/\/olemosaic.orbitalia.org\/producto\/mug-de-ceramica-bogavante-blanco-95-cm\/"},"modified":"2025-07-25T19:21:54","modified_gmt":"2025-07-25T17:21:54","slug":"mug-en-ceramique-homard-blanc-9-5-cm","status":"publish","type":"product","link":"https:\/\/olemosaic.orbitalia.org\/fr\/produit\/mug-en-ceramique-homard-blanc-9-5-cm\/","title":{"rendered":"Mug en c\u00e9ramique. Homard. Blanc. 9,5 cm."},"content":{"rendered":"<p>Ce mug en c\u00e9ramique, au design vibrant, est une repr\u00e9sentation parfaite de la culture maritime espagnole, en particulier de sa riche tradition gastronomique. Avec un diam\u00e8tre de 9,5 cm, il est id\u00e9al pour savourer aussi bien des boissons chaudes que froides. Le mug pr\u00e9sente deux homards stylis\u00e9s sur un fond de carreaux d\u00e9coratifs, \u00e9voquant la beaut\u00e9 des mosa\u00efques traditionnelles qui ornent de nombreuses c\u00f4tes espagnoles. La combinaison brillante de couleurs rouge, bleu et jaune donne vie au design, avec des homards repr\u00e9sent\u00e9s de mani\u00e8re audacieuse et color\u00e9e, captant l&rsquo;attention de l&rsquo;utilisateur.<\/p>\n<p>La finition brillante de ce mug ne souligne pas seulement la qualit\u00e9 de la c\u00e9ramique, mais ajoute \u00e9galement une touche moderne \u00e0 un souvenir qui encapsule l&rsquo;essence de la mer et de sa culture. Id\u00e9al comme cadeau ou souvenir, ce mug est un excellent choix pour ceux qui recherchent un petit morceau de la c\u00f4te et de la gastronomie espagnole. Chez Ol\u00e9 Mosaic, nous nous consacrons \u00e0 offrir des produits authentiques comme ce mug de homards, parfait pour les boutiques de cadeaux touristiques \u00e0 la recherche de souvenirs originaux et de haute qualit\u00e9. Ce mug n&rsquo;est pas seulement une \u0153uvre d&rsquo;art, mais un symbole de la vie c\u00f4ti\u00e8re et une excellente option pour ceux qui appr\u00e9cient la tradition et la bonne cuisine.<\/p>\n","protected":false},"excerpt":{"rendered":"<p>Mug en c\u00e9ramique au design vibrant montrant deux homards sur un fond de carreaux d\u00e9coratifs. Avec une finition brillante, cette tasse se distingue par ses tons rouge, bleu et jaune, alliant tradition et modernit\u00e9. Ses dimensions de 9,5 cm la rendent id\u00e9ale pour savourer des boissons froides ou chaudes. Un souvenir parfait qui capture l&rsquo;essence de la mer et de la culture gastronomique maritime, id\u00e9al pour tout amoureux de l&rsquo;oc\u00e9an.<\/p>\n","protected":false},"featured_media":9472,"template":"","meta":{"_acf_changed":false},"product_brand":[],"product_cat":[728],"product_tag":[530,585],"class_list":{"0":"post-31989","1":"product","2":"type-product","3":"status-publish","4":"has-post-thumbnail","6":"product_cat-mugs","7":"product_tag-animaux","8":"product_tag-ceramique","9":"pa_motivo-homards","11":"first","12":"instock","13":"shipping-taxable","14":"product-type-simple"},"acf":[],"_links":{"self":[{"href":"https:\/\/olemosaic.orbitalia.org\/fr\/wp-json\/wp\/v2\/product\/31989","targetHints":{"allow":["GET"]}}],"collection":[{"href":"https:\/\/olemosaic.orbitalia.org\/fr\/wp-json\/wp\/v2\/product"}],"about":[{"href":"https:\/\/olemosaic.orbitalia.org\/fr\/wp-json\/wp\/v2\/types\/product"}],"wp:featuredmedia":[{"embeddable":true,"href":"https:\/\/olemosaic.orbitalia.org\/fr\/wp-json\/wp\/v2\/media\/9472"}],"wp:attachment":[{"href":"https:\/\/olemosaic.orbitalia.org\/fr\/wp-json\/wp\/v2\/media?parent=31989"}],"wp:term":[{"taxonomy":"product_brand","embeddable":true,"href":"https:\/\/olemosaic.orbitalia.org\/fr\/wp-json\/wp\/v2\/product_brand?post=31989"},{"taxonomy":"product_cat","embeddable":true,"href":"https:\/\/olemosaic.orbitalia.org\/fr\/wp-json\/wp\/v2\/product_cat?post=31989"},{"taxonomy":"product_tag","embeddable":true,"href":"https:\/\/olemosaic.orbitalia.org\/fr\/wp-json\/wp\/v2\/product_tag?post=31989"}],"curies":[{"name":"wp","href":"https:\/\/api.w.org\/{rel}","templated":true}]}}