{"id":31988,"date":"2025-02-20T23:33:49","date_gmt":"2025-02-20T22:33:49","guid":{"rendered":"https:\/\/olemosaic.orbitalia.org\/producto\/mug-de-ceramica-gato-beige\/"},"modified":"2025-07-25T19:28:04","modified_gmt":"2025-07-25T17:28:04","slug":"mug-en-ceramique-chat-beige","status":"publish","type":"product","link":"https:\/\/olemosaic.orbitalia.org\/fr\/produit\/mug-en-ceramique-chat-beige\/","title":{"rendered":"Mug en c\u00e9ramique. Chat. Beige."},"content":{"rendered":"<p>Ce mug en c\u00e9ramique au design vibrant de chat est le compl\u00e9ment parfait pour les amoureux des f\u00e9lins et un souvenir id\u00e9al qui capture l&rsquo;essence de la culture m\u00e9diterran\u00e9enne. Avec une finition dans un ton beige d\u00e9licat, cet article se distingue par sa mosa\u00efque color\u00e9e qui donne vie au chat, o\u00f9 fusionnent des tons brillants de bleu, vert, rouge et jaune. Les papillons qui voltigent autour du chat ajoutent une touche joyeuse et dynamique \u00e0 la pi\u00e8ce, symbolisant la libert\u00e9 et la beaut\u00e9 de la nature. L&rsquo;int\u00e9rieur rouge du mug, ainsi que la cuill\u00e8re assortie, offrent un contraste attrayant qui invite \u00e0 savourer un petit-d\u00e9jeuner vibrant ou des moments de caf\u00e9 relaxants.<\/p>\n<p>Ce mug n&rsquo;est pas seulement fonctionnel, il repr\u00e9sente \u00e9galement une connexion culturelle significative, \u00e9voquant la tradition artistique de la c\u00e9ramique m\u00e9diterran\u00e9enne, connue pour son travail manuel color\u00e9 et d\u00e9taill\u00e9. Chez Ol\u00e9 Mosaic, nous nous sp\u00e9cialisons dans la distribution de souvenirs en gros, et ce mug de chat est un excellent exemple de notre s\u00e9lection de produits authentiques qui mettent en valeur la culture locale. Id\u00e9al pour les boutiques de cadeaux touristiques, ce souvenir n&rsquo;est pas seulement un rappel visuel de votre visite, mais aussi une pi\u00e8ce qui c\u00e9l\u00e8bre la joie et la cr\u00e9ativit\u00e9 qui d\u00e9finissent la r\u00e9gion. Avec son style unique, ce mug est un cadeau original qui ravira s\u00fbrement ceux qui cherchent \u00e0 emporter un petit morceau d&rsquo;art m\u00e9diterran\u00e9en chez eux.<\/p>\n","protected":false},"excerpt":{"rendered":"<p>Mug en c\u00e9ramique avec un design color\u00e9 de chat, id\u00e9al pour les amoureux des f\u00e9lins. Cet article pr\u00e9sente une finition beige avec une mosa\u00efque charmante en plusieurs couleurs qui donne vie au chat, orn\u00e9 de papillons en plein vol. Son int\u00e9rieur rouge et la cuill\u00e8re assortie ajoutent une touche vibrante. Parfait pour un petit-d\u00e9jeuner joyeux ou comme cadeau original, capturant l&rsquo;esprit artistique de la culture m\u00e9diterran\u00e9enne.<\/p>\n","protected":false},"featured_media":7294,"template":"","meta":{"_acf_changed":false},"product_brand":[],"product_cat":[728],"product_tag":[530,585],"class_list":{"0":"post-31988","1":"product","2":"type-product","3":"status-publish","4":"has-post-thumbnail","6":"product_cat-mugs","7":"product_tag-animaux","8":"product_tag-ceramique","9":"pa_motivo-chats","11":"first","12":"instock","13":"shipping-taxable","14":"product-type-simple"},"acf":[],"_links":{"self":[{"href":"https:\/\/olemosaic.orbitalia.org\/fr\/wp-json\/wp\/v2\/product\/31988","targetHints":{"allow":["GET"]}}],"collection":[{"href":"https:\/\/olemosaic.orbitalia.org\/fr\/wp-json\/wp\/v2\/product"}],"about":[{"href":"https:\/\/olemosaic.orbitalia.org\/fr\/wp-json\/wp\/v2\/types\/product"}],"wp:featuredmedia":[{"embeddable":true,"href":"https:\/\/olemosaic.orbitalia.org\/fr\/wp-json\/wp\/v2\/media\/7294"}],"wp:attachment":[{"href":"https:\/\/olemosaic.orbitalia.org\/fr\/wp-json\/wp\/v2\/media?parent=31988"}],"wp:term":[{"taxonomy":"product_brand","embeddable":true,"href":"https:\/\/olemosaic.orbitalia.org\/fr\/wp-json\/wp\/v2\/product_brand?post=31988"},{"taxonomy":"product_cat","embeddable":true,"href":"https:\/\/olemosaic.orbitalia.org\/fr\/wp-json\/wp\/v2\/product_cat?post=31988"},{"taxonomy":"product_tag","embeddable":true,"href":"https:\/\/olemosaic.orbitalia.org\/fr\/wp-json\/wp\/v2\/product_tag?post=31988"}],"curies":[{"name":"wp","href":"https:\/\/api.w.org\/{rel}","templated":true}]}}