{"id":31985,"date":"2025-02-20T23:33:49","date_gmt":"2025-02-20T22:33:49","guid":{"rendered":"https:\/\/olemosaic.orbitalia.org\/producto\/mug-de-ceramica-panoramica-toledo-beige\/"},"modified":"2025-07-25T18:36:48","modified_gmt":"2025-07-25T16:36:48","slug":"mug-en-ceramique-panoramique-tolede-beige","status":"publish","type":"product","link":"https:\/\/olemosaic.orbitalia.org\/fr\/produit\/mug-en-ceramique-panoramique-tolede-beige\/","title":{"rendered":"Mug en c\u00e9ramique. Panoramique. Tol\u00e8de. Beige."},"content":{"rendered":"<p>Ce mug en c\u00e9ramique avec la vue panoramique de Tol\u00e8de est un souvenir exquis qui encapsule l&rsquo;histoire et la culture de cette ville espagnole embl\u00e9matique. Pr\u00e9sent\u00e9 dans des tons beiges, son design attrayant r\u00e9v\u00e8le une repr\u00e9sentation artistique color\u00e9e des b\u00e2timents et monuments les plus iconiques de Tol\u00e8de, tels que la majestueuse Cath\u00e9drale et l&rsquo;Alcazar, dispos\u00e9s dans une mosa\u00efque vibrante qui souligne la singularit\u00e9 architecturale de la ville. La partie sup\u00e9rieure du mug est encadr\u00e9e par un bord rouge brillant qui ajoute une touche d&rsquo;\u00e9l\u00e9gance et met en valeur sa forme frappante, compl\u00e9t\u00e9 par une petite cuill\u00e8re assortie qui apporte une fonctionnalit\u00e9 suppl\u00e9mentaire.<\/p>\n<p>Le mot \u00ab\u00a0TOLEDO\u00a0\u00bb appara\u00eet en lettres color\u00e9es, ajoutant un \u00e9l\u00e9ment de modernit\u00e9 \u00e0 ce souvenir classique. Ce mug n&rsquo;est pas seulement un objet fonctionnel pour savourer vos boissons, mais aussi une repr\u00e9sentation visuelle qui c\u00e9l\u00e8bre le riche h\u00e9ritage culturel de Tol\u00e8de, connue pour son influence sur l&rsquo;art et l&rsquo;histoire europ\u00e9enne. Id\u00e9al pour les touristes \u00e0 la recherche de souvenirs authentiques, ce produit est parfait pour les boutiques de cadeaux touristiques souhaitant proposer des articles de qualit\u00e9, charg\u00e9s de sens culturel. Chez Ol\u00e9 Mosaic, nous sommes distributeurs de souvenirs en gros et ce mug est une excellente option pour mettre en valeur le patrimoine de l&rsquo;une des plus belles villes d&rsquo;Espagne.<\/p>\n","protected":false},"excerpt":{"rendered":"<p>Mug en c\u00e9ramique avec une charmante vue panoramique de Tol\u00e8de, pr\u00e9sent\u00e9 dans des tons beiges. Le design montre des b\u00e2timents et monuments embl\u00e9matiques de la ville, avec une mosa\u00efque de couleurs vibrante. La partie sup\u00e9rieure de la tasse est encadr\u00e9e par un bord rouge brillant, compl\u00e9t\u00e9 par une cuill\u00e8re assortie. Avec le mot \u00ab\u00a0TOLEDO\u00a0\u00bb en lettres frappantes, c&rsquo;est un souvenir parfait qui capture l&rsquo;essence historique et artistique de cette ville espagnole embl\u00e9matique.<\/p>\n","protected":false},"featured_media":7231,"template":"","meta":{"_acf_changed":false},"product_brand":[],"product_cat":[728],"product_tag":[585],"class_list":{"0":"post-31985","1":"product","2":"type-product","3":"status-publish","4":"has-post-thumbnail","6":"product_cat-mugs","7":"product_tag-ceramique","8":"pa_ciudad-toledo","9":"pa_motivo-panoramas","10":"pa_pais-espana","12":"first","13":"instock","14":"shipping-taxable","15":"product-type-simple"},"acf":[],"_links":{"self":[{"href":"https:\/\/olemosaic.orbitalia.org\/fr\/wp-json\/wp\/v2\/product\/31985","targetHints":{"allow":["GET"]}}],"collection":[{"href":"https:\/\/olemosaic.orbitalia.org\/fr\/wp-json\/wp\/v2\/product"}],"about":[{"href":"https:\/\/olemosaic.orbitalia.org\/fr\/wp-json\/wp\/v2\/types\/product"}],"wp:featuredmedia":[{"embeddable":true,"href":"https:\/\/olemosaic.orbitalia.org\/fr\/wp-json\/wp\/v2\/media\/7231"}],"wp:attachment":[{"href":"https:\/\/olemosaic.orbitalia.org\/fr\/wp-json\/wp\/v2\/media?parent=31985"}],"wp:term":[{"taxonomy":"product_brand","embeddable":true,"href":"https:\/\/olemosaic.orbitalia.org\/fr\/wp-json\/wp\/v2\/product_brand?post=31985"},{"taxonomy":"product_cat","embeddable":true,"href":"https:\/\/olemosaic.orbitalia.org\/fr\/wp-json\/wp\/v2\/product_cat?post=31985"},{"taxonomy":"product_tag","embeddable":true,"href":"https:\/\/olemosaic.orbitalia.org\/fr\/wp-json\/wp\/v2\/product_tag?post=31985"}],"curies":[{"name":"wp","href":"https:\/\/api.w.org\/{rel}","templated":true}]}}