{"id":31963,"date":"2025-02-20T23:33:48","date_gmt":"2025-02-20T22:33:48","guid":{"rendered":"https:\/\/olemosaic.orbitalia.org\/producto\/mug-de-ceramica-mijas-azul-95-cm\/"},"modified":"2025-07-25T18:47:25","modified_gmt":"2025-07-25T16:47:25","slug":"mug-en-ceramique-mijas-bleu-9-5-cm","status":"publish","type":"product","link":"https:\/\/olemosaic.orbitalia.org\/fr\/produit\/mug-en-ceramique-mijas-bleu-9-5-cm\/","title":{"rendered":"Mug en c\u00e9ramique. Mijas. Bleu. 9,5 cm."},"content":{"rendered":"<p>Cette tasse en c\u00e9ramique color\u00e9e est un v\u00e9ritable hommage aux charmantes ar\u00e8nes de Mijas, un lieu embl\u00e9matique qui refl\u00e8te la riche tradition culturelle andalouse. Avec des dimensions de 9,5 cm, ce r\u00e9cipient se distingue par son design vibrant et sa finition brillante, qui capture la lumi\u00e8re de mani\u00e8re spectaculaire. La tasse pr\u00e9sente une magnifique mosa\u00efque de couleurs \u00e9voquant l&rsquo;architecture typique de la r\u00e9gion, avec un fond bleu frappant qui fait ressortir l&rsquo;inscription \u00ab\u00a0Mijas\u00a0\u00bb sur la partie sup\u00e9rieure. De plus, les d\u00e9tails d\u00e9coratifs, telles que les plantes et la lanterne, \u00e9voquent l&rsquo;atmosph\u00e8re chaleureuse et pittoresque des recoins andalous.<\/p>\n<p>Cette tasse n&rsquo;est pas seulement fonctionnelle, c&rsquo;est aussi un souvenir repr\u00e9sentatif de la culture locale, ce qui en fait un cadeau parfait pour les touristes qui souhaitent emporter un petit morceau de Mijas. Son caract\u00e8re authentique et artisanal fait de chaque gorg\u00e9e de caf\u00e9 ou de th\u00e9 une exp\u00e9rience qui transporte l&rsquo;utilisateur dans les rues de cette charmante localit\u00e9. Chez Ol\u00e9 Mosaic, nous sommes fiers de proposer ce type de souvenirs en c\u00e9ramique qui capturent l&rsquo;essence de l&rsquo;Espagne. Id\u00e9ale pour les boutiques de cadeaux touristiques, cette tasse en c\u00e9ramique de Mijas est un choix parfait pour ceux qui recherchent des souvenirs uniques et culturellement significatifs. En tant que distributeurs de c\u00e9ramique en gros, nous garantissons la qualit\u00e9 et l&rsquo;authenticit\u00e9 de chacune de nos pi\u00e8ces.<\/p>\n","protected":false},"excerpt":{"rendered":"<p>Mug en c\u00e9ramique color\u00e9, avec un design vibrant repr\u00e9sentant les charmantes ar\u00e8nes de Mijas. Ce r\u00e9cipient de 9,5 cm se distingue par sa finition brillante et sa magnifique mosa\u00efque refl\u00e9tant l&rsquo;architecture typique andalouse, compl\u00e9t\u00e9e par un fond bleu. L&rsquo;inscription \u00ab\u00a0Mijas\u00a0\u00bb orne le haut de la tasse, tandis que les d\u00e9tails d\u00e9coratifs, comme les plantes et une lanterne, cr\u00e9ent une repr\u00e9sentation id\u00e9ale de la culture locale \u00e0 chaque gorg\u00e9e.<\/p>\n","protected":false},"featured_media":10729,"template":"","meta":{"_acf_changed":false},"product_brand":[],"product_cat":[728],"product_tag":[530,585],"class_list":{"0":"post-31963","1":"product","2":"type-product","3":"status-publish","4":"has-post-thumbnail","6":"product_cat-mugs","7":"product_tag-animaux","8":"product_tag-ceramique","9":"pa_ciudad-mijas","10":"pa_pais-espana","12":"first","13":"instock","14":"shipping-taxable","15":"product-type-simple"},"acf":[],"_links":{"self":[{"href":"https:\/\/olemosaic.orbitalia.org\/fr\/wp-json\/wp\/v2\/product\/31963","targetHints":{"allow":["GET"]}}],"collection":[{"href":"https:\/\/olemosaic.orbitalia.org\/fr\/wp-json\/wp\/v2\/product"}],"about":[{"href":"https:\/\/olemosaic.orbitalia.org\/fr\/wp-json\/wp\/v2\/types\/product"}],"wp:featuredmedia":[{"embeddable":true,"href":"https:\/\/olemosaic.orbitalia.org\/fr\/wp-json\/wp\/v2\/media\/10729"}],"wp:attachment":[{"href":"https:\/\/olemosaic.orbitalia.org\/fr\/wp-json\/wp\/v2\/media?parent=31963"}],"wp:term":[{"taxonomy":"product_brand","embeddable":true,"href":"https:\/\/olemosaic.orbitalia.org\/fr\/wp-json\/wp\/v2\/product_brand?post=31963"},{"taxonomy":"product_cat","embeddable":true,"href":"https:\/\/olemosaic.orbitalia.org\/fr\/wp-json\/wp\/v2\/product_cat?post=31963"},{"taxonomy":"product_tag","embeddable":true,"href":"https:\/\/olemosaic.orbitalia.org\/fr\/wp-json\/wp\/v2\/product_tag?post=31963"}],"curies":[{"name":"wp","href":"https:\/\/api.w.org\/{rel}","templated":true}]}}