{"id":31962,"date":"2025-02-20T23:33:47","date_gmt":"2025-02-20T22:33:47","guid":{"rendered":"https:\/\/olemosaic.orbitalia.org\/producto\/mug-de-ceramica-marbella-blanco-95-cm\/"},"modified":"2025-07-25T18:54:12","modified_gmt":"2025-07-25T16:54:12","slug":"mug-en-ceramique-marbella-blanc-9-5-cm","status":"publish","type":"product","link":"https:\/\/olemosaic.orbitalia.org\/fr\/produit\/mug-en-ceramique-marbella-blanc-9-5-cm\/","title":{"rendered":"Mug en c\u00e9ramique. Marbella. Blanc. 9,5 cm."},"content":{"rendered":"<p>Cette tasse en c\u00e9ramique blanche, d&rsquo;une hauteur de 9,5 cm, est une repr\u00e9sentation unique du charme de Marbella, un joyau de la Costa del Sol. Cr\u00e9\u00e9e avec soin, cette tasse se distingue par son int\u00e9rieur orange vibrant, qui contraste parfaitement avec les illustrations artistiques de son ext\u00e9rieur. Les d\u00e9corations montrent un patio andalou chaleureux orn\u00e9 de pots de fleurs color\u00e9s et d&rsquo;une lanterne, \u00e9voquant l&rsquo;atmosph\u00e8re relaxante et pittoresque des rues de Marbella. De plus, le design ext\u00e9rieur pr\u00e9sente une charmante repr\u00e9sentation de la mosa\u00efque andalouse typique, qui non seulement souligne l&rsquo;identit\u00e9 culturelle de la r\u00e9gion, mais apporte \u00e9galement une touche d&rsquo;\u00e9l\u00e9gance \u00e0 la pi\u00e8ce.<\/p>\n<p>Cette tasse est plus qu&rsquo;un simple objet ; c&rsquo;est un merveilleux souvenir qui capture l&rsquo;essence de Marbella et son riche h\u00e9ritage architectural et culturel. Parfaite pour les touristes qui cherchent \u00e0 ramener un morceau d&rsquo;Andalousie chez eux, elle sert aussi bien de pi\u00e8ce d\u00e9corative que d&rsquo;accessoire pratique pour la maison. Chez Ol\u00e9 Mosaic, nous sommes fiers de proposer des produits authentiques qui refl\u00e8tent la beaut\u00e9 et le folklore espagnol. Cette tasse en c\u00e9ramique est une excellente option pour les boutiques de cadeaux touristiques souhaitant offrir des souvenirs authentiques de Marbella, mettant en avant la qualit\u00e9 et le design exclusif de notre collection.<\/p>\n","protected":false},"excerpt":{"rendered":"<p>Tasse en c\u00e9ramique blanche de 9,5 cm de hauteur, d\u00e9cor\u00e9e d&rsquo;illustrations \u00e9voquant le charme de Marbella. Le design tr\u00e8s color\u00e9 montre un patio andalou avec des pots de fleurs et une lanterne. L&rsquo;int\u00e9rieur est d&rsquo;un orange vibrant, contrastant avec l&rsquo;ext\u00e9rieur o\u00f9 est reproduite une mosa\u00efque andalouse, capturant l&rsquo;essence et la beaut\u00e9 de cette ville c\u00f4ti\u00e8re. Id\u00e9ale pour les amateurs de c\u00e9ramique traditionnelle.<\/p>\n","protected":false},"featured_media":9914,"template":"","meta":{"_acf_changed":false},"product_brand":[],"product_cat":[728],"product_tag":[585],"class_list":{"0":"post-31962","1":"product","2":"type-product","3":"status-publish","4":"has-post-thumbnail","6":"product_cat-mugs","7":"product_tag-ceramique","8":"pa_ciudad-marbella","9":"pa_pais-espana","11":"first","12":"instock","13":"shipping-taxable","14":"product-type-simple"},"acf":[],"_links":{"self":[{"href":"https:\/\/olemosaic.orbitalia.org\/fr\/wp-json\/wp\/v2\/product\/31962","targetHints":{"allow":["GET"]}}],"collection":[{"href":"https:\/\/olemosaic.orbitalia.org\/fr\/wp-json\/wp\/v2\/product"}],"about":[{"href":"https:\/\/olemosaic.orbitalia.org\/fr\/wp-json\/wp\/v2\/types\/product"}],"wp:featuredmedia":[{"embeddable":true,"href":"https:\/\/olemosaic.orbitalia.org\/fr\/wp-json\/wp\/v2\/media\/9914"}],"wp:attachment":[{"href":"https:\/\/olemosaic.orbitalia.org\/fr\/wp-json\/wp\/v2\/media?parent=31962"}],"wp:term":[{"taxonomy":"product_brand","embeddable":true,"href":"https:\/\/olemosaic.orbitalia.org\/fr\/wp-json\/wp\/v2\/product_brand?post=31962"},{"taxonomy":"product_cat","embeddable":true,"href":"https:\/\/olemosaic.orbitalia.org\/fr\/wp-json\/wp\/v2\/product_cat?post=31962"},{"taxonomy":"product_tag","embeddable":true,"href":"https:\/\/olemosaic.orbitalia.org\/fr\/wp-json\/wp\/v2\/product_tag?post=31962"}],"curies":[{"name":"wp","href":"https:\/\/api.w.org\/{rel}","templated":true}]}}