{"id":31931,"date":"2025-02-20T22:33:47","date_gmt":"2025-02-20T22:33:47","guid":{"rendered":"https:\/\/olemosaic.orbitalia.org\/producto\/llavero-de-metal-tortuga\/"},"modified":"2025-07-25T19:46:44","modified_gmt":"2025-07-25T17:46:44","slug":"porte-cles-en-metal-tortue","status":"publish","type":"product","link":"https:\/\/olemosaic.orbitalia.org\/fr\/produit\/porte-cles-en-metal-tortue\/","title":{"rendered":"Porte-cl\u00e9s en m\u00e9tal. Tortue."},"content":{"rendered":"<p>Ce porte-cl\u00e9s m\u00e9tallique en forme de tortue est un souvenir charmant qui renferme la riche tradition artisanale portugaise. Son design vibrant, orn\u00e9 d&rsquo;une mosa\u00efque de couleurs \u00e9clatantes, capture l&rsquo;essence de l&rsquo;art populaire portugais, transformant ce porte-cl\u00e9s en une pi\u00e8ce unique et repr\u00e9sentative. La tortue, symbole de long\u00e9vit\u00e9 et de protection dans de nombreuses cultures, est pr\u00e9sent\u00e9e ici avec une finition d\u00e9taill\u00e9e qui ajoute une touche distinctive \u00e0 sa forme, \u00e9voquant l&rsquo;esprit de la M\u00e9diterran\u00e9e.<\/p>\n<p>Le porte-cl\u00e9s n&rsquo;est pas seulement un outil pratique pour organiser les cl\u00e9s, mais aussi un accessoire attrayant qui allie fonctionnalit\u00e9 et art. Les d\u00e9licats cristaux roses qui ornent le porte-cl\u00e9s apportent un \u00e9clat subtil, rendant chaque pi\u00e8ce encore plus sp\u00e9ciale. La c\u00e9ramique utilis\u00e9e dans les d\u00e9tails souligne l&rsquo;h\u00e9ritage culturel de la r\u00e9gion, tandis que l&rsquo;utilisation du m\u00e9tal garantit durabilit\u00e9 et r\u00e9sistance.<\/p>\n<p>Parfait pour les touristes \u00e0 la recherche de souvenirs authentiques, ce porte-cl\u00e9s tortue devient un symbole des moments v\u00e9cus au Portugal. Chez Ol\u00e9 Mosaic, nous nous consacrons \u00e0 la distribution de souvenirs en gros, offrant des produits qui c\u00e9l\u00e8brent l&rsquo;h\u00e9ritage culturel et l&rsquo;artisanat de la r\u00e9gion. Ce porte-cl\u00e9s est une excellente option pour les magasins de cadeaux touristiques qui souhaitent proposer des souvenirs uniques et authentiques mettant en valeur la beaut\u00e9 du Portugal, devenant un compl\u00e9ment imbattable pour toute collection de souvenirs.<\/p>\n","protected":false},"excerpt":{"rendered":"<p>Porte-cl\u00e9s en m\u00e9tal en forme de tortue, con\u00e7u avec une mosa\u00efque vibrante de couleurs \u00e9voquant la tradition portugaise. Ce porte-cl\u00e9s, avec des d\u00e9tails en c\u00e9ramique, est orn\u00e9 de d\u00e9licats cristaux roses qui lui donnent une touche brillante. La tortue, symbole de long\u00e9vit\u00e9 et de protection, pr\u00e9sente un design artisanal attrayant qui capture l&rsquo;essence de la culture m\u00e9diterran\u00e9enne, en faisant le souvenir parfait pour se rem\u00e9morer des moments sp\u00e9ciaux.<\/p>\n","protected":false},"featured_media":6710,"template":"","meta":{"_acf_changed":false},"product_brand":[],"product_cat":[607],"product_tag":[530],"class_list":{"0":"post-31931","1":"product","2":"type-product","3":"status-publish","4":"has-post-thumbnail","6":"product_cat-porte-cles","7":"product_tag-animaux","8":"pa_motivo-tortues","10":"first","11":"instock","12":"shipping-taxable","13":"product-type-simple"},"acf":[],"_links":{"self":[{"href":"https:\/\/olemosaic.orbitalia.org\/fr\/wp-json\/wp\/v2\/product\/31931","targetHints":{"allow":["GET"]}}],"collection":[{"href":"https:\/\/olemosaic.orbitalia.org\/fr\/wp-json\/wp\/v2\/product"}],"about":[{"href":"https:\/\/olemosaic.orbitalia.org\/fr\/wp-json\/wp\/v2\/types\/product"}],"wp:featuredmedia":[{"embeddable":true,"href":"https:\/\/olemosaic.orbitalia.org\/fr\/wp-json\/wp\/v2\/media\/6710"}],"wp:attachment":[{"href":"https:\/\/olemosaic.orbitalia.org\/fr\/wp-json\/wp\/v2\/media?parent=31931"}],"wp:term":[{"taxonomy":"product_brand","embeddable":true,"href":"https:\/\/olemosaic.orbitalia.org\/fr\/wp-json\/wp\/v2\/product_brand?post=31931"},{"taxonomy":"product_cat","embeddable":true,"href":"https:\/\/olemosaic.orbitalia.org\/fr\/wp-json\/wp\/v2\/product_cat?post=31931"},{"taxonomy":"product_tag","embeddable":true,"href":"https:\/\/olemosaic.orbitalia.org\/fr\/wp-json\/wp\/v2\/product_tag?post=31931"}],"curies":[{"name":"wp","href":"https:\/\/api.w.org\/{rel}","templated":true}]}}