{"id":31929,"date":"2025-02-20T22:33:46","date_gmt":"2025-02-20T22:33:46","guid":{"rendered":"https:\/\/olemosaic.orbitalia.org\/producto\/llavero-de-metal-salamandra\/"},"modified":"2025-07-25T19:22:28","modified_gmt":"2025-07-25T17:22:28","slug":"porte-cles-en-metal-salamandre","status":"publish","type":"product","link":"https:\/\/olemosaic.orbitalia.org\/fr\/produit\/porte-cles-en-metal-salamandre\/","title":{"rendered":"Porte-cl\u00e9s en m\u00e9tal. Salamandre."},"content":{"rendered":"<p>Ce porte-cl\u00e9s m\u00e9tallique en forme de salamandre est un souvenir charmant qui capture l&rsquo;essence de l&rsquo;art de la mosa\u00efque espagnole, un symbole du riche h\u00e9ritage culturel de l&rsquo;Espagne. Son design vibrant met en avant une palette de couleurs \u00e9clatantes comme le bleu, le vert, le jaune et le rouge, \u00e9voquant la beaut\u00e9 du paysage et la tradition artistique du pays. La salamandre, avec ses formes courbes et \u00e9l\u00e9gantes, est orn\u00e9e d&rsquo;une finition brillante qui r\u00e9fl\u00e9chit la lumi\u00e8re, faisant de ce porte-cl\u00e9s un objet attrayant et accrocheur.<\/p>\n<p>Grav\u00e9 sur le corps de la salamandre, le texte \u00ab\u00a0Espa\u00f1a\u00a0\u00bb ajoute une touche personnelle, en faisant un souvenir id\u00e9al pour ceux qui souhaitent emporter un fragment de leur visite. Ce porte-cl\u00e9s n&rsquo;est pas seulement fonctionnel, il repr\u00e9sente \u00e9galement une pi\u00e8ce d&rsquo;art qui rend hommage \u00e0 la riche biodiversit\u00e9 et aux traditions culturelles de la p\u00e9ninsule ib\u00e9rique. En tant que souvenir typique, c&rsquo;est une excellente option pour les touristes \u00e0 la recherche de quelque chose de v\u00e9ritablement repr\u00e9sentatif de leur exp\u00e9rience en Espagne.<\/p>\n<p>Ol\u00e9 Mosaic est fier de proposer ce porte-cl\u00e9s salamandre dans le cadre de sa collection de souvenirs en gros, id\u00e9al pour les magasins de cadeaux touristiques souhaitant importer des produits authentiques et color\u00e9s. Ce porte-cl\u00e9s m\u00e9tallique n&rsquo;est pas seulement un accessoire pratique, il refl\u00e8te \u00e9galement la joie et l&rsquo;esprit artistique qui caract\u00e9risent les souvenirs d&rsquo;Espagne.<\/p>\n","protected":false},"excerpt":{"rendered":"<p>Porte-cl\u00e9s en m\u00e9tal en forme de salamandre, mettant en valeur le c\u00e9l\u00e8bre design de mosa\u00efque espagnole. Ce porte-cl\u00e9s attrayant pr\u00e9sente une \u00e9laboration vibrante avec des couleurs telles que le bleu, le vert, le jaune et le rouge, repr\u00e9sentant la richesse culturelle de l&rsquo;Espagne. La salamandre est d\u00e9cor\u00e9e d&rsquo;une finition brillante et d&rsquo;un texte indiquant \u00ab\u00a0Espa\u00f1a\u00a0\u00bb, ce qui en fait un souvenir id\u00e9al pour se souvenir de votre visite. Son design unique et color\u00e9 le rend parfait comme cadeau ou pour ajouter une touche artistique \u00e0 vos cl\u00e9s.<\/p>\n","protected":false},"featured_media":6488,"template":"","meta":{"_acf_changed":false},"product_brand":[],"product_cat":[607],"product_tag":[530],"class_list":{"0":"post-31929","1":"product","2":"type-product","3":"status-publish","4":"has-post-thumbnail","6":"product_cat-porte-cles","7":"product_tag-animaux","8":"pa_motivo-salamandres","10":"first","11":"instock","12":"shipping-taxable","13":"product-type-simple"},"acf":[],"_links":{"self":[{"href":"https:\/\/olemosaic.orbitalia.org\/fr\/wp-json\/wp\/v2\/product\/31929","targetHints":{"allow":["GET"]}}],"collection":[{"href":"https:\/\/olemosaic.orbitalia.org\/fr\/wp-json\/wp\/v2\/product"}],"about":[{"href":"https:\/\/olemosaic.orbitalia.org\/fr\/wp-json\/wp\/v2\/types\/product"}],"wp:featuredmedia":[{"embeddable":true,"href":"https:\/\/olemosaic.orbitalia.org\/fr\/wp-json\/wp\/v2\/media\/6488"}],"wp:attachment":[{"href":"https:\/\/olemosaic.orbitalia.org\/fr\/wp-json\/wp\/v2\/media?parent=31929"}],"wp:term":[{"taxonomy":"product_brand","embeddable":true,"href":"https:\/\/olemosaic.orbitalia.org\/fr\/wp-json\/wp\/v2\/product_brand?post=31929"},{"taxonomy":"product_cat","embeddable":true,"href":"https:\/\/olemosaic.orbitalia.org\/fr\/wp-json\/wp\/v2\/product_cat?post=31929"},{"taxonomy":"product_tag","embeddable":true,"href":"https:\/\/olemosaic.orbitalia.org\/fr\/wp-json\/wp\/v2\/product_tag?post=31929"}],"curies":[{"name":"wp","href":"https:\/\/api.w.org\/{rel}","templated":true}]}}