{"id":31917,"date":"2025-02-20T22:33:46","date_gmt":"2025-02-20T22:33:46","guid":{"rendered":"https:\/\/olemosaic.orbitalia.org\/producto\/llavero-de-metal-elefante\/"},"modified":"2025-07-25T18:33:59","modified_gmt":"2025-07-25T16:33:59","slug":"porte-cles-metal-elephant","status":"publish","type":"product","link":"https:\/\/olemosaic.orbitalia.org\/fr\/produit\/porte-cles-metal-elephant\/","title":{"rendered":"Porte-cl\u00e9s en m\u00e9tal. \u00c9l\u00e9phant."},"content":{"rendered":"<p>Ce porte-cl\u00e9s m\u00e9tallique en forme d&rsquo;\u00e9l\u00e9phant est un accessoire unique et color\u00e9 qui fusionne fonctionnalit\u00e9 et touche artistique. D\u00e9cor\u00e9 d&rsquo;un design vibrant int\u00e9grant des tons tels que le rouge, le jaune, le bleu et le vert, ce porte-cl\u00e9s se distingue par son esth\u00e9tique visuelle expressive. Les d\u00e9tails \u00e9maill\u00e9s soulignent la forme de l&rsquo;\u00e9l\u00e9phant, qui symbolise la chance, tandis que les cristaux bleus ajoutent un \u00e9clat sp\u00e9cial, captant l&rsquo;attention de celui qui le regarde.<\/p>\n<p>La technique d&rsquo;\u00e9maillage utilis\u00e9e pour sa fabrication garantit non seulement la durabilit\u00e9, mais offre \u00e9galement une finition brillante et attrayante qui fait de ce porte-cl\u00e9s un souvenir id\u00e9al tant pour l&rsquo;Espagne que pour le Portugal. Cet \u00e9l\u00e9phant, traditionnellement associ\u00e9 \u00e0 la bonne fortune, refl\u00e8te la riche culture et le symbolisme de la r\u00e9gion, faisant de chaque porte-cl\u00e9s une pi\u00e8ce repr\u00e9sentative.<\/p>\n<p>Chez Ol\u00e9 Mosaic, nous nous consacrons \u00e0 la distribution de souvenirs en gros, et ce porte-cl\u00e9s est une excellente option pour les boutiques de cadeaux touristiques \u00e0 la recherche d&rsquo;articles authentiques et significatifs. Avec son design captivant et sa connexion culturelle, ce porte-cl\u00e9s \u00e9l\u00e9phant devient un souvenir attachant, parfait pour les touristes souhaitant emporter une partie de la beaut\u00e9 et du symbolisme de la culture ib\u00e9rique.<\/p>\n","protected":false},"excerpt":{"rendered":"<p>Porte-cl\u00e9s en m\u00e9tal en forme d&rsquo;\u00e9l\u00e9phant, d\u00e9cor\u00e9 d&rsquo;un design color\u00e9 combinant des tons vibrants comme le rouge, le jaune, le bleu et le vert. Ce porte-cl\u00e9s original comprend des d\u00e9tails avec des cristaux bleus qui ajoutent une touche d&rsquo;\u00e9clat. La repr\u00e9sentation de l&rsquo;\u00e9l\u00e9phant, symbole de chance, est \u00e9labor\u00e9e avec une technique d&rsquo;\u00e9maillage qui rehausse son esth\u00e9tique artistique. Id\u00e9al comme souvenir d&rsquo;Espagne ou du Portugal, il fusionne fonctionnalit\u00e9 et beaut\u00e9 en un seul accessoire.<\/p>\n","protected":false},"featured_media":6706,"template":"","meta":{"_acf_changed":false},"product_brand":[],"product_cat":[607],"product_tag":[530],"class_list":{"0":"post-31917","1":"product","2":"type-product","3":"status-publish","4":"has-post-thumbnail","6":"product_cat-porte-cles","7":"product_tag-animaux","8":"pa_motivo-elephants","10":"first","11":"instock","12":"shipping-taxable","13":"product-type-simple"},"acf":[],"_links":{"self":[{"href":"https:\/\/olemosaic.orbitalia.org\/fr\/wp-json\/wp\/v2\/product\/31917","targetHints":{"allow":["GET"]}}],"collection":[{"href":"https:\/\/olemosaic.orbitalia.org\/fr\/wp-json\/wp\/v2\/product"}],"about":[{"href":"https:\/\/olemosaic.orbitalia.org\/fr\/wp-json\/wp\/v2\/types\/product"}],"wp:featuredmedia":[{"embeddable":true,"href":"https:\/\/olemosaic.orbitalia.org\/fr\/wp-json\/wp\/v2\/media\/6706"}],"wp:attachment":[{"href":"https:\/\/olemosaic.orbitalia.org\/fr\/wp-json\/wp\/v2\/media?parent=31917"}],"wp:term":[{"taxonomy":"product_brand","embeddable":true,"href":"https:\/\/olemosaic.orbitalia.org\/fr\/wp-json\/wp\/v2\/product_brand?post=31917"},{"taxonomy":"product_cat","embeddable":true,"href":"https:\/\/olemosaic.orbitalia.org\/fr\/wp-json\/wp\/v2\/product_cat?post=31917"},{"taxonomy":"product_tag","embeddable":true,"href":"https:\/\/olemosaic.orbitalia.org\/fr\/wp-json\/wp\/v2\/product_tag?post=31917"}],"curies":[{"name":"wp","href":"https:\/\/api.w.org\/{rel}","templated":true}]}}