{"id":31916,"date":"2025-02-20T22:33:46","date_gmt":"2025-02-20T22:33:46","guid":{"rendered":"https:\/\/olemosaic.orbitalia.org\/producto\/llavero-de-metal-bailaora-madrid\/"},"modified":"2025-07-25T19:42:13","modified_gmt":"2025-07-25T17:42:13","slug":"porte-cles-metal-danseuse-flamenco-madrid","status":"publish","type":"product","link":"https:\/\/olemosaic.orbitalia.org\/fr\/produit\/porte-cles-metal-danseuse-flamenco-madrid\/","title":{"rendered":"Porte-cl\u00e9s en m\u00e9tal. Danseuse de flamenco. Madrid."},"content":{"rendered":"<p>Ce porte-cl\u00e9s m\u00e9tallique en forme de danseuse de flamenco est un hommage vibrant \u00e0 l&rsquo;art flamenco, qui renferme l&rsquo;essence de Madrid. Son design joyeux et color\u00e9 montre une danseuse en plein mouvement, dont la robe est orn\u00e9e d&rsquo;une palette de tons intenses et vari\u00e9s, refl\u00e9tant l&rsquo;\u00e9nergie et le rythme de cette tradition espagnole. Avec les cheveux attach\u00e9s et un \u00e9ventail \u00e0 la main, la figure ne se distingue pas seulement par sa beaut\u00e9, mais capture \u00e9galement l&rsquo;authenticit\u00e9 du folklore madril\u00e8ne, en faisant un souvenir id\u00e9al pour ceux qui souhaitent emporter un morceau de la culture espagnole.<\/p>\n<p>Ce porte-cl\u00e9s est plus qu&rsquo;un simple objet fonctionnel ; c&rsquo;est un souvenir \u00e9vocateur qui permet de se rem\u00e9morer les moments v\u00e9cus dans la capitale de l&rsquo;Espagne. L&rsquo;attention m\u00e9ticuleuse port\u00e9e aux d\u00e9tails de la tenue et aux \u00e9l\u00e9ments d\u00e9coratifs du design rehausse son attrait, le rendant parfait comme cadeau ou pour ajouter une touche sp\u00e9ciale \u00e0 vos cl\u00e9s. Chez Ol\u00e9 Mosaic, nous sommes leaders dans la distribution de souvenirs en gros, et ce porte-cl\u00e9s de danseuses est un excellent choix pour les boutiques de cadeaux touristiques cherchant \u00e0 offrir des articles c\u00e9l\u00e9brant le riche h\u00e9ritage culturel de l&rsquo;Espagne. Avec son authenticit\u00e9 et sa pertinence, ce porte-cl\u00e9s n&rsquo;est pas seulement un accessoire, mais un symbole de l&rsquo;histoire et de la passion du flamenco.<\/p>\n","protected":false},"excerpt":{"rendered":"<p>Porte-cl\u00e9s en m\u00e9tal en forme de danseuse de flamenco voyante, c\u00e9l\u00e9brant l&rsquo;art flamenco \u00e0 Madrid. Ce porte-cl\u00e9s frappant pr\u00e9sente un design joyeux et color\u00e9, avec des d\u00e9tails complexes sur la robe refl\u00e9tant une palette de tons vibrants et vari\u00e9s. La figure de la danseuse, tenant un \u00e9ventail, capture l&rsquo;essence du folklore espagnol, en faisant un souvenir parfait pour \u00e9voquer l&rsquo;\u00e9nergie et la culture de la capitale. Id\u00e9al \u00e0 porter sur soi ou \u00e0 offrir.<\/p>\n","protected":false},"featured_media":6514,"template":"","meta":{"_acf_changed":false},"product_brand":[],"product_cat":[607],"product_tag":[],"class_list":{"0":"post-31916","1":"product","2":"type-product","3":"status-publish","4":"has-post-thumbnail","6":"product_cat-porte-cles","7":"pa_ciudad-madrid","8":"pa_motivo-danseurs","9":"pa_pais-espana","11":"first","12":"instock","13":"shipping-taxable","14":"product-type-simple"},"acf":[],"_links":{"self":[{"href":"https:\/\/olemosaic.orbitalia.org\/fr\/wp-json\/wp\/v2\/product\/31916","targetHints":{"allow":["GET"]}}],"collection":[{"href":"https:\/\/olemosaic.orbitalia.org\/fr\/wp-json\/wp\/v2\/product"}],"about":[{"href":"https:\/\/olemosaic.orbitalia.org\/fr\/wp-json\/wp\/v2\/types\/product"}],"wp:featuredmedia":[{"embeddable":true,"href":"https:\/\/olemosaic.orbitalia.org\/fr\/wp-json\/wp\/v2\/media\/6514"}],"wp:attachment":[{"href":"https:\/\/olemosaic.orbitalia.org\/fr\/wp-json\/wp\/v2\/media?parent=31916"}],"wp:term":[{"taxonomy":"product_brand","embeddable":true,"href":"https:\/\/olemosaic.orbitalia.org\/fr\/wp-json\/wp\/v2\/product_brand?post=31916"},{"taxonomy":"product_cat","embeddable":true,"href":"https:\/\/olemosaic.orbitalia.org\/fr\/wp-json\/wp\/v2\/product_cat?post=31916"},{"taxonomy":"product_tag","embeddable":true,"href":"https:\/\/olemosaic.orbitalia.org\/fr\/wp-json\/wp\/v2\/product_tag?post=31916"}],"curies":[{"name":"wp","href":"https:\/\/api.w.org\/{rel}","templated":true}]}}