{"id":31915,"date":"2025-02-20T22:33:46","date_gmt":"2025-02-20T22:33:46","guid":{"rendered":"https:\/\/olemosaic.orbitalia.org\/producto\/llavero-de-metal-bailaora\/"},"modified":"2025-07-25T19:18:07","modified_gmt":"2025-07-25T17:18:07","slug":"porte-cles-metal-danseuse-flamenco","status":"publish","type":"product","link":"https:\/\/olemosaic.orbitalia.org\/fr\/produit\/porte-cles-metal-danseuse-flamenco\/","title":{"rendered":"Porte-cl\u00e9s en m\u00e9tal. Danseuse de flamenco."},"content":{"rendered":"<p>Ce porte-cl\u00e9s m\u00e9tallique en forme de danseuse de flamenco est un magnifique souvenir qui \u00e9voque la riche culture espagnole et sa vibrante tradition flamenca. Son design color\u00e9 pr\u00e9sente une danseuse avec une robe exub\u00e9rante orn\u00e9e de mosa\u00efques frappantes offrant une explosion de couleurs, symbolisant la joie et la passion du flamenco. Avec une fleur dans les cheveux et un \u00e9ventail \u00e0 la main, la danseuse capture l&rsquo;essence et l&rsquo;\u00e9l\u00e9gance de cette danse traditionnelle, v\u00e9ritable ic\u00f4ne culturelle de l&rsquo;Espagne. L&rsquo;inscription \u00ab\u00a0ESPA\u00d1A\u00a0\u00bb \u00e0 la base du porte-cl\u00e9s renforce son authenticit\u00e9, en faisant un souvenir id\u00e9al pour ceux qui souhaitent emporter un morceau de l&rsquo;art espagnol.<\/p>\n<p>La finition m\u00e9tallique lui conf\u00e8re durabilit\u00e9 et un \u00e9clat qui en fait un accessoire attrayant pour les cl\u00e9s, les sacs \u00e0 dos ou les sacs \u00e0 main. Ce porte-cl\u00e9s n&rsquo;est pas seulement un objet utile, sino aussi un symbole embl\u00e9matique du riche h\u00e9ritage culturel qu&rsquo;il repr\u00e9sente. Chez Ol\u00e9 Mosaic, en tant que distributeurs de souvenirs en gros, nous proposons ce porte-cl\u00e9s de danseuse comme une option parfaite pour les boutiques de cadeaux touristiques qui recherchent des produits authentiques et repr\u00e9sentatifs de la tradition espagnole. Ainsi, vos clients pourront profiter d&rsquo;un cadeau significatif et color\u00e9 qui capture l&rsquo;essence de l&rsquo;Espagne et de son cher flamenco.<\/p>\n","protected":false},"excerpt":{"rendered":"<p>Porte-cl\u00e9s m\u00e9tallique en forme de danseuse de flamenco, \u00e9voquant la culture espagnole. Ce porte-cl\u00e9s color\u00e9 pr\u00e9sente un design vibrant avec des mosa\u00efques repr\u00e9sentant la robe traditionnelle de flamenco, orn\u00e9e de d\u00e9tails rouges et multicolores. La danseuse tient un \u00e9ventail et porte une fleur dans les cheveux, symbolisant l&rsquo;essence de la danse flamenca. L&rsquo;inscription \u00ab\u00a0ESPA\u00d1A\u00a0\u00bb \u00e0 la base ajoute une touche authentique, en faisant un souvenir parfait de la tradition espagnole.<\/p>\n","protected":false},"featured_media":6507,"template":"","meta":{"_acf_changed":false},"product_brand":[],"product_cat":[607],"product_tag":[],"class_list":{"0":"post-31915","1":"product","2":"type-product","3":"status-publish","4":"has-post-thumbnail","6":"product_cat-porte-cles","7":"pa_motivo-danseurs","9":"first","10":"instock","11":"shipping-taxable","12":"product-type-simple"},"acf":[],"_links":{"self":[{"href":"https:\/\/olemosaic.orbitalia.org\/fr\/wp-json\/wp\/v2\/product\/31915","targetHints":{"allow":["GET"]}}],"collection":[{"href":"https:\/\/olemosaic.orbitalia.org\/fr\/wp-json\/wp\/v2\/product"}],"about":[{"href":"https:\/\/olemosaic.orbitalia.org\/fr\/wp-json\/wp\/v2\/types\/product"}],"wp:featuredmedia":[{"embeddable":true,"href":"https:\/\/olemosaic.orbitalia.org\/fr\/wp-json\/wp\/v2\/media\/6507"}],"wp:attachment":[{"href":"https:\/\/olemosaic.orbitalia.org\/fr\/wp-json\/wp\/v2\/media?parent=31915"}],"wp:term":[{"taxonomy":"product_brand","embeddable":true,"href":"https:\/\/olemosaic.orbitalia.org\/fr\/wp-json\/wp\/v2\/product_brand?post=31915"},{"taxonomy":"product_cat","embeddable":true,"href":"https:\/\/olemosaic.orbitalia.org\/fr\/wp-json\/wp\/v2\/product_cat?post=31915"},{"taxonomy":"product_tag","embeddable":true,"href":"https:\/\/olemosaic.orbitalia.org\/fr\/wp-json\/wp\/v2\/product_tag?post=31915"}],"curies":[{"name":"wp","href":"https:\/\/api.w.org\/{rel}","templated":true}]}}