{"id":31911,"date":"2025-02-20T22:33:45","date_gmt":"2025-02-20T22:33:45","guid":{"rendered":"https:\/\/olemosaic.orbitalia.org\/producto\/llavero-de-metal-tenerife-mosaico\/"},"modified":"2025-07-25T19:18:50","modified_gmt":"2025-07-25T17:18:50","slug":"porte-cles-en-metal-tenerife-mosaique","status":"publish","type":"product","link":"https:\/\/olemosaic.orbitalia.org\/fr\/produit\/porte-cles-en-metal-tenerife-mosaique\/","title":{"rendered":"Porte-cl\u00e9s en m\u00e9tal. Tenerife. Mosa\u00efque."},"content":{"rendered":"<p>Ce porte-cl\u00e9s m\u00e9tallique au design de mosa\u00efque rend hommage \u00e0 Tenerife, capturant dans sa structure l&rsquo;essence vibrante de cette magnifique \u00eele des Canaries. Le mot \u00ab\u00a0Tenerife\u00a0\u00bb est pr\u00e9sent\u00e9 en lettres color\u00e9es, chacune d\u00e9cor\u00e9e de petits fragments de c\u00e9ramique qui c\u00e9l\u00e8brent l&rsquo;art admirable de la mosa\u00efque canarienne, connue pour sa capacit\u00e9 \u00e0 insuffler vie et couleur \u00e0 chaque surface. La finition resplendissante brille avec une palette de teintes rouges, vertes, bleues et jaunes, \u00e9voquant le paysage naturel de l&rsquo;\u00eele et sa riche tradition artistique.<\/p>\n<p>Ce porte-cl\u00e9s n&rsquo;est pas seulement un accessoire pratique pour garder vos cl\u00e9s organis\u00e9es, mais c&rsquo;est aussi un souvenir distinctif qui refl\u00e8te la beaut\u00e9 et le caract\u00e8re de Tenerife. Son design artistique en fait un souvenir id\u00e9al, repr\u00e9sentant la culture dynamique de l&rsquo;\u00eele et servant de petit rappel des exp\u00e9riences v\u00e9cues dans ce paradis.<\/p>\n<p>Chez Ol\u00e9 Mosaic, nous nous sp\u00e9cialisons dans la distribution de souvenirs en gros, offrant des produits authentiques et de qualit\u00e9. Ce porte-cl\u00e9s en mosa\u00efque est une excellente option pour les boutiques de cadeaux touristiques \u00e0 la recherche d&rsquo;articles qui soulignent la singularit\u00e9 de Tenerife. Miser sur ce porte-cl\u00e9s dans votre catalogue de souvenirs signifie offrir \u00e0 vos clients un morceau de l&rsquo;h\u00e9ritage culturel et artisanal des Canaries.<\/p>\n","protected":false},"excerpt":{"rendered":"<p>Porte-cl\u00e9s m\u00e9tallique au design en mosa\u00efque, un hommage \u00e0 Tenerife. Ce porte-cl\u00e9s attrayant pr\u00e9sente le mot \u00ab\u00a0Tenerife\u00a0\u00bb en lettres color\u00e9es, chacune d\u00e9cor\u00e9e de petites tesselles qui c\u00e9l\u00e8brent l&rsquo;art vibrant de la mosa\u00efque canarienne. Avec une finition brillante, il combine des tons rouges, verts, bleus et jaunes, capturant l&rsquo;essence color\u00e9e de l&rsquo;\u00eele. Un souvenir pratique et distinctif qui \u00e9voque la beaut\u00e9 de Tenerife.<\/p>\n","protected":false},"featured_media":12045,"template":"","meta":{"_acf_changed":false},"product_brand":[],"product_cat":[607],"product_tag":[],"class_list":{"0":"post-31911","1":"product","2":"type-product","3":"status-publish","4":"has-post-thumbnail","6":"product_cat-porte-cles","7":"pa_ciudad-tenerife","8":"pa_pais-espana","10":"first","11":"instock","12":"shipping-taxable","13":"product-type-simple"},"acf":[],"_links":{"self":[{"href":"https:\/\/olemosaic.orbitalia.org\/fr\/wp-json\/wp\/v2\/product\/31911","targetHints":{"allow":["GET"]}}],"collection":[{"href":"https:\/\/olemosaic.orbitalia.org\/fr\/wp-json\/wp\/v2\/product"}],"about":[{"href":"https:\/\/olemosaic.orbitalia.org\/fr\/wp-json\/wp\/v2\/types\/product"}],"wp:featuredmedia":[{"embeddable":true,"href":"https:\/\/olemosaic.orbitalia.org\/fr\/wp-json\/wp\/v2\/media\/12045"}],"wp:attachment":[{"href":"https:\/\/olemosaic.orbitalia.org\/fr\/wp-json\/wp\/v2\/media?parent=31911"}],"wp:term":[{"taxonomy":"product_brand","embeddable":true,"href":"https:\/\/olemosaic.orbitalia.org\/fr\/wp-json\/wp\/v2\/product_brand?post=31911"},{"taxonomy":"product_cat","embeddable":true,"href":"https:\/\/olemosaic.orbitalia.org\/fr\/wp-json\/wp\/v2\/product_cat?post=31911"},{"taxonomy":"product_tag","embeddable":true,"href":"https:\/\/olemosaic.orbitalia.org\/fr\/wp-json\/wp\/v2\/product_tag?post=31911"}],"curies":[{"name":"wp","href":"https:\/\/api.w.org\/{rel}","templated":true}]}}