{"id":31909,"date":"2025-02-20T22:33:45","date_gmt":"2025-02-20T22:33:45","guid":{"rendered":"https:\/\/olemosaic.orbitalia.org\/producto\/llavero-de-metal-toro\/"},"modified":"2025-07-25T19:47:35","modified_gmt":"2025-07-25T17:47:35","slug":"porte-cles-en-metal-taureau","status":"publish","type":"product","link":"https:\/\/olemosaic.orbitalia.org\/fr\/produit\/porte-cles-en-metal-taureau\/","title":{"rendered":"Porte-cl\u00e9s en m\u00e9tal. Taureau."},"content":{"rendered":"<p>Ce porte-cl\u00e9s m\u00e9tallique au design de taureau color\u00e9 est un souvenir embl\u00e9matique qui capture l&rsquo;essence de la culture espagnole. Avec une finition artistique et contemporaine, le porte-cl\u00e9s pr\u00e9sente un taureau profond\u00e9ment ancr\u00e9 dans l&rsquo;imaginaire collectif, caract\u00e9ris\u00e9 par des formes triangulaires qui offrent une interpr\u00e9tation moderne et vibrante de cette figure iconique. Les couleurs pr\u00e9dominantes, bleu, rouge, orange et vert, cr\u00e9ent une palette vibrante qui souligne la vitalit\u00e9 de la culture espagnole. Dans la partie sup\u00e9rieure, le mot \u00ab\u00a0ESPA\u00d1A\u00a0\u00bb s&rsquo;int\u00e8gre harmonieusement, ajoutant une touche suppl\u00e9mentaire d&rsquo;authenticit\u00e9 \u00e0 cet article. Ce porte-cl\u00e9s n&rsquo;est pas seulement un outil pratique pour organiser vos cl\u00e9s, mais il s&rsquo;\u00e9rige \u00e9galement comme un souvenir significatif repr\u00e9sentant l&rsquo;une des traditions les plus ch\u00e8res du pays. Son design unique en fait un excellent choix pour les touristes \u00e0 la recherche de souvenirs refl\u00e9tant l&rsquo;identit\u00e9 culturelle espagnole. Chez Ol\u00e9 Mosaic, distributeurs de souvenirs en gros, ce porte-cl\u00e9s taureau est un produit parfait pour les boutiques de cadeaux touristiques souhaitant offrir \u00e0 leurs clients un morceau d&rsquo;Espagne sous la forme d&rsquo;un article fonctionnel et \u00e9l\u00e9gant.<\/p>\n","protected":false},"excerpt":{"rendered":"<p>Porte-cl\u00e9s m\u00e9tallique au design de taureau color\u00e9, une ic\u00f4ne embl\u00e9matique de la culture espagnole. Cet article se distingue par sa finition en formes triangulaires et ses couleurs vibrantes, telles que le bleu, le rouge, l&rsquo;orange et le vert, qui \u00e9voquent un style artistique contemporain. Dans la partie sup\u00e9rieure, le mot \u00ab\u00a0ESPA\u00d1A\u00a0\u00bb s&rsquo;int\u00e8gre harmonieusement au design, faisant de ce porte-cl\u00e9s le souvenir parfait qui capture l&rsquo;essence de la tradition espagnole. Id\u00e9al pour emporter un morceau d&rsquo;Espagne partout avec soi.<\/p>\n","protected":false},"featured_media":6520,"template":"","meta":{"_acf_changed":false},"product_brand":[],"product_cat":[607],"product_tag":[530],"class_list":{"0":"post-31909","1":"product","2":"type-product","3":"status-publish","4":"has-post-thumbnail","6":"product_cat-porte-cles","7":"product_tag-animaux","8":"pa_motivo-taureaux","10":"first","11":"instock","12":"shipping-taxable","13":"product-type-simple"},"acf":[],"_links":{"self":[{"href":"https:\/\/olemosaic.orbitalia.org\/fr\/wp-json\/wp\/v2\/product\/31909","targetHints":{"allow":["GET"]}}],"collection":[{"href":"https:\/\/olemosaic.orbitalia.org\/fr\/wp-json\/wp\/v2\/product"}],"about":[{"href":"https:\/\/olemosaic.orbitalia.org\/fr\/wp-json\/wp\/v2\/types\/product"}],"wp:featuredmedia":[{"embeddable":true,"href":"https:\/\/olemosaic.orbitalia.org\/fr\/wp-json\/wp\/v2\/media\/6520"}],"wp:attachment":[{"href":"https:\/\/olemosaic.orbitalia.org\/fr\/wp-json\/wp\/v2\/media?parent=31909"}],"wp:term":[{"taxonomy":"product_brand","embeddable":true,"href":"https:\/\/olemosaic.orbitalia.org\/fr\/wp-json\/wp\/v2\/product_brand?post=31909"},{"taxonomy":"product_cat","embeddable":true,"href":"https:\/\/olemosaic.orbitalia.org\/fr\/wp-json\/wp\/v2\/product_cat?post=31909"},{"taxonomy":"product_tag","embeddable":true,"href":"https:\/\/olemosaic.orbitalia.org\/fr\/wp-json\/wp\/v2\/product_tag?post=31909"}],"curies":[{"name":"wp","href":"https:\/\/api.w.org\/{rel}","templated":true}]}}