{"id":31903,"date":"2025-02-20T22:33:45","date_gmt":"2025-02-20T22:33:45","guid":{"rendered":"https:\/\/olemosaic.orbitalia.org\/producto\/llavero-de-metal-valencia-mosaico\/"},"modified":"2025-07-25T19:34:37","modified_gmt":"2025-07-25T17:34:37","slug":"porte-cles-en-metal-valence-mosaique","status":"publish","type":"product","link":"https:\/\/olemosaic.orbitalia.org\/fr\/produit\/porte-cles-en-metal-valence-mosaique\/","title":{"rendered":"Porte-cl\u00e9s en m\u00e9tal. Valence. Mosa\u00efque."},"content":{"rendered":"<p>Ce porte-cl\u00e9s m\u00e9tallique au design de mosa\u00efque color\u00e9e est un hommage vibrant \u00e0 la magnifique ville de Valence. Le mot \u00ab\u00a0VALENCIA\u00a0\u00bb est pr\u00e9sent\u00e9 en majuscules, chaque lettre orn\u00e9e de petits carreaux de diff\u00e9rentes couleurs : rouge, jaune, vert et bleu, \u00e9voquant la riche tradition artistique de la r\u00e9gion, c\u00e9l\u00e8bre pour sa c\u00e9ramique et ses mosa\u00efques. La base m\u00e9tallique du porte-cl\u00e9s assure non seulement sa durabilit\u00e9, mais lui conf\u00e8re \u00e9galement un \u00e9clat sophistiqu\u00e9, en faisant un accessory quotidien attrayant et fonctionnel.<\/p>\n<p>Ce design joyeux et brillant ne sert pas seulement de porte-cl\u00e9s, mais offre un morceau de Valence \u00e0 ceux qui le portent, \u00e9tant un souvenir parfait pour les touristes souhaitant capturer l&rsquo;essence de cette c\u00e9l\u00e8bre ville espagnole. La connexion culturelle est ind\u00e9niable, car les mosa\u00efques repr\u00e9sentent une partie significative du patrimoine artistique valencien, c\u00e9l\u00e8bre pour ses festivals et sa riche histoire.<\/p>\n<p>Chez Ol\u00e9 Mosaic, nous distribuons des porte-cl\u00e9s m\u00e9talliques authentiques qui c\u00e9l\u00e8brent la culture et les traditions locales. Ce porte-cl\u00e9s en mosa\u00efque est une excellente option pour les boutiques de cadeaux touristiques \u00e0 la recherche de produits de qualit\u00e9 et de pertinence culturelle. En tant que grossistes en souvenirs, nous garantissons que chaque pi\u00e8ce refl\u00e8te l&rsquo;authenticit\u00e9 et l&rsquo;esprit vibrant de son lieu d&rsquo;origine, en faisant un souvenir m\u00e9morable de Valence.<\/p>\n","protected":false},"excerpt":{"rendered":"<p>Porte-cl\u00e9s m\u00e9tallique avec un design de mosa\u00efque color\u00e9e, inspir\u00e9 de la ville vibrante de Valence. Ce porte-cl\u00e9s pr\u00e9sente le mot \u00ab\u00a0VALENCIA\u00a0\u00bb en majuscules, chaque lettre orn\u00e9e de petits carreaux de diff\u00e9rentes couleurs comme le rouge, le jaune, le vert et le bleu, \u00e9voquant la riche tradition artistique valencienne. La base m\u00e9tallique assure la durabilit\u00e9, tandis que le design joyeux et brillant en fait un souvenir parfait pour ceux qui souhaitent emporter un morceau de cette c\u00e9l\u00e8bre ville espagnole.<\/p>\n","protected":false},"featured_media":12048,"template":"","meta":{"_acf_changed":false},"product_brand":[],"product_cat":[607],"product_tag":[],"class_list":{"0":"post-31903","1":"product","2":"type-product","3":"status-publish","4":"has-post-thumbnail","6":"product_cat-porte-cles","7":"pa_ciudad-valencia","8":"pa_pais-espana","10":"first","11":"instock","12":"shipping-taxable","13":"product-type-simple"},"acf":[],"_links":{"self":[{"href":"https:\/\/olemosaic.orbitalia.org\/fr\/wp-json\/wp\/v2\/product\/31903","targetHints":{"allow":["GET"]}}],"collection":[{"href":"https:\/\/olemosaic.orbitalia.org\/fr\/wp-json\/wp\/v2\/product"}],"about":[{"href":"https:\/\/olemosaic.orbitalia.org\/fr\/wp-json\/wp\/v2\/types\/product"}],"wp:featuredmedia":[{"embeddable":true,"href":"https:\/\/olemosaic.orbitalia.org\/fr\/wp-json\/wp\/v2\/media\/12048"}],"wp:attachment":[{"href":"https:\/\/olemosaic.orbitalia.org\/fr\/wp-json\/wp\/v2\/media?parent=31903"}],"wp:term":[{"taxonomy":"product_brand","embeddable":true,"href":"https:\/\/olemosaic.orbitalia.org\/fr\/wp-json\/wp\/v2\/product_brand?post=31903"},{"taxonomy":"product_cat","embeddable":true,"href":"https:\/\/olemosaic.orbitalia.org\/fr\/wp-json\/wp\/v2\/product_cat?post=31903"},{"taxonomy":"product_tag","embeddable":true,"href":"https:\/\/olemosaic.orbitalia.org\/fr\/wp-json\/wp\/v2\/product_tag?post=31903"}],"curies":[{"name":"wp","href":"https:\/\/api.w.org\/{rel}","templated":true}]}}