{"id":31902,"date":"2025-02-20T22:33:45","date_gmt":"2025-02-20T22:33:45","guid":{"rendered":"https:\/\/olemosaic.orbitalia.org\/producto\/llavero-de-metal-buho\/"},"modified":"2025-07-25T19:23:05","modified_gmt":"2025-07-25T17:23:05","slug":"porte-cles-en-metal-hibou","status":"publish","type":"product","link":"https:\/\/olemosaic.orbitalia.org\/fr\/produit\/porte-cles-en-metal-hibou\/","title":{"rendered":"Porte-cl\u00e9s en m\u00e9tal. Hibou."},"content":{"rendered":"<p>Ce porte-cl\u00e9s m\u00e9tallique au design de hibou est un v\u00e9ritable bijou artisanal qui capture l&rsquo;essence de l&rsquo;art traditionnel espagnol. Sa forme stylis\u00e9e, orn\u00e9e d&rsquo;une mosa\u00efque vibrante de couleurs, souligne la richesse culturelle et la cr\u00e9ativit\u00e9 qui caract\u00e9risent l&rsquo;Espagne. Les tons bleus, rouges, jaunes et verts s&rsquo;entrelacent dans une composition charmante qui non seulement attire le regard, mais \u00e9voque \u00e9galement la joie et le plaisir. Le porte-cl\u00e9s pr\u00e9sente une finition brillante et \u00e9l\u00e9gante qui rehausse les d\u00e9tails du design, avec de petites pierres color\u00e9es qui ajoutent une touche d&rsquo;\u00e9clat suppl\u00e9mentaire, en faisant un article \u00e0 la fois pratique et d\u00e9coratif.<\/p>\n<p>Porter ce porte-cl\u00e9s ne signifie pas seulement ranger ses cl\u00e9s, mais aussi porter un symbole de l&rsquo;h\u00e9ritage artistique de l&rsquo;Espagne. Son design rappelle la tradition de la mosa\u00efque, un art tr\u00e8s pr\u00e9sent dans les villes espagnoles comme Barcelone, o\u00f9 la mosa\u00efque est la vedette des \u0153uvres d&rsquo;artistes c\u00e9l\u00e8bres. Chez Ol\u00e9 Mosaic, nous nous sp\u00e9cialisons dans la distribution de souvenirs uniques qui c\u00e9l\u00e8brent l&rsquo;identit\u00e9 culturelle du pays. Ce porte-cl\u00e9s hibou est l&rsquo;option id\u00e9ale pour les boutiques de cadeaux touristiques cherchant \u00e0 proposer des produits authentiques et repr\u00e9sentatifs. \u00c9tant un souvenir attrayant et fonctionnel, il est parfait pour les touristes souhaitant ramener chez eux un morceau de la culture espagnole color\u00e9e, devenant ainsi un excellent article pour votre catalogue de souvenirs.<\/p>\n","protected":false},"excerpt":{"rendered":"<p>Porte-cl\u00e9s m\u00e9tallique au design de hibou, orn\u00e9 de couleurs vibrantes et d&rsquo;une finition en mosa\u00efque. Ce porte-cl\u00e9s original pr\u00e9sente un hibou stylis\u00e9, avec une pr\u00e9dominance de tons bleus, rouges et jaunes dans son design, \u00e9voquant l&rsquo;art traditionnel espagnol. Compl\u00e9t\u00e9 par de petites pierres color\u00e9es, il ajoute une touche amusante et brillante. Id\u00e9al pour ranger vos cl\u00e9s, ce souvenir repr\u00e9sente la richesse culturelle et artistique de l&rsquo;Espagne.<\/p>\n","protected":false},"featured_media":6709,"template":"","meta":{"_acf_changed":false},"product_brand":[],"product_cat":[607],"product_tag":[530],"class_list":{"0":"post-31902","1":"product","2":"type-product","3":"status-publish","4":"has-post-thumbnail","6":"product_cat-porte-cles","7":"product_tag-animaux","8":"pa_motivo-hiboux","10":"first","11":"instock","12":"shipping-taxable","13":"product-type-simple"},"acf":[],"_links":{"self":[{"href":"https:\/\/olemosaic.orbitalia.org\/fr\/wp-json\/wp\/v2\/product\/31902","targetHints":{"allow":["GET"]}}],"collection":[{"href":"https:\/\/olemosaic.orbitalia.org\/fr\/wp-json\/wp\/v2\/product"}],"about":[{"href":"https:\/\/olemosaic.orbitalia.org\/fr\/wp-json\/wp\/v2\/types\/product"}],"wp:featuredmedia":[{"embeddable":true,"href":"https:\/\/olemosaic.orbitalia.org\/fr\/wp-json\/wp\/v2\/media\/6709"}],"wp:attachment":[{"href":"https:\/\/olemosaic.orbitalia.org\/fr\/wp-json\/wp\/v2\/media?parent=31902"}],"wp:term":[{"taxonomy":"product_brand","embeddable":true,"href":"https:\/\/olemosaic.orbitalia.org\/fr\/wp-json\/wp\/v2\/product_brand?post=31902"},{"taxonomy":"product_cat","embeddable":true,"href":"https:\/\/olemosaic.orbitalia.org\/fr\/wp-json\/wp\/v2\/product_cat?post=31902"},{"taxonomy":"product_tag","embeddable":true,"href":"https:\/\/olemosaic.orbitalia.org\/fr\/wp-json\/wp\/v2\/product_tag?post=31902"}],"curies":[{"name":"wp","href":"https:\/\/api.w.org\/{rel}","templated":true}]}}