{"id":31901,"date":"2025-02-20T23:33:44","date_gmt":"2025-02-20T22:33:44","guid":{"rendered":"https:\/\/olemosaic.orbitalia.org\/producto\/llavero-de-metal-barcelona-mosaico-2\/"},"modified":"2025-07-25T19:56:13","modified_gmt":"2025-07-25T17:56:13","slug":"porte-cles-en-metal-barcelone-mosaique-couleurs-variees","status":"publish","type":"product","link":"https:\/\/olemosaic.orbitalia.org\/fr\/produit\/porte-cles-en-metal-barcelone-mosaique-couleurs-variees\/","title":{"rendered":"Porte-cl\u00e9s en m\u00e9tal. Barcelone. Mosa\u00efque. Couleurs vari\u00e9es."},"content":{"rendered":"<p>Ce porte-cl\u00e9s m\u00e9tallique, au design color\u00e9 inspir\u00e9 de la c\u00e9l\u00e8bre mosa\u00efque de Barcelone, est un souvenir incontournable qui capture l&rsquo;essence vibrante de cette ville iconique. Le mot \u00ab\u00a0Barcelona\u00a0\u00bb, pr\u00e9sent\u00e9 en lettres majuscules, est orn\u00e9 d&rsquo;une palette de couleurs vives \u00e9voquant la richesse artistique et culturelle de la r\u00e9gion. Chaque lettre est magnifiquement d\u00e9cor\u00e9e de motifs rappelant les mosa\u00efques caract\u00e9ristiques des cr\u00e9ations d&rsquo;Antoni Gaud\u00ed, apportant une touche contemporaine qui fusionne avec la tradition.<\/p>\n<p>La finition polie et brillante du porte-cl\u00e9s souligne les d\u00e9tails du design, assurant non seulement son attrait visuel, mais aussi sa r\u00e9sistance en tant qu&rsquo;objet d&rsquo;usage quotidien. Ce porte-cl\u00e9s est id\u00e9al pour ceux qui recherchent une mani\u00e8re simple et \u00e9l\u00e9gante d&#8217;emporter un morceau de Barcelone avec eux, rappelant la beaut\u00e9 architecturale et l&rsquo;ambiance chaleureuse de la ville \u00e0 chaque utilisation.<\/p>\n<p>Par sa connexion culturelle et esth\u00e9tique, ce porte-cl\u00e9s est une excellente option pour les boutiques de cadeaux touristiques souhaitant proposer des souvenirs authentiques et repr\u00e9sentatifs. Chez Ol\u00e9 Mosaic, nous sommes distributeurs de souvenirs en gros, et ce porte-cl\u00e9s de Barcelone est parfait pour ceux qui recherchent des produits mettant en avant la singularit\u00e9 de la capitale catalane et son h\u00e9ritage artistique. Avec son design unique, il devient un cadeau id\u00e9al qui \u00e9gaie le quotidien, \u00e9tant plus qu&rsquo;un simple objet, un v\u00e9ritable symbole de cette ville merveilleuse.<\/p>\n","protected":false},"excerpt":{"rendered":"<p>Porte-cl\u00e9s en m\u00e9tal avec un design color\u00e9 inspir\u00e9 de la c\u00e9l\u00e8bre mosa\u00efque de Barcelone. Cet attrayant porte-cl\u00e9s pr\u00e9sente le mot \u00ab\u00a0Barcelona\u00a0\u00bb en majuscules, chaque lettre d\u00e9cor\u00e9e de couleurs vibrantes \u00e9voquant l&rsquo;essence artistique de la ville. Sa finition polie et brillante souligne les d\u00e9tails du design, en faisant un souvenir pratique qui se distingue par son originalit\u00e9 et sa connexion avec les \u00e9l\u00e9ments culturels de Barcelone. Id\u00e9al pour se souvenir de la beaut\u00e9 de la ville.<\/p>\n","protected":false},"featured_media":10423,"template":"","meta":{"_acf_changed":false},"product_brand":[],"product_cat":[607],"product_tag":[],"class_list":{"0":"post-31901","1":"product","2":"type-product","3":"status-publish","4":"has-post-thumbnail","6":"product_cat-porte-cles","7":"pa_ciudad-barcelona","8":"pa_pais-espana","10":"first","11":"instock","12":"shipping-taxable","13":"product-type-simple"},"acf":[],"_links":{"self":[{"href":"https:\/\/olemosaic.orbitalia.org\/fr\/wp-json\/wp\/v2\/product\/31901","targetHints":{"allow":["GET"]}}],"collection":[{"href":"https:\/\/olemosaic.orbitalia.org\/fr\/wp-json\/wp\/v2\/product"}],"about":[{"href":"https:\/\/olemosaic.orbitalia.org\/fr\/wp-json\/wp\/v2\/types\/product"}],"wp:featuredmedia":[{"embeddable":true,"href":"https:\/\/olemosaic.orbitalia.org\/fr\/wp-json\/wp\/v2\/media\/10423"}],"wp:attachment":[{"href":"https:\/\/olemosaic.orbitalia.org\/fr\/wp-json\/wp\/v2\/media?parent=31901"}],"wp:term":[{"taxonomy":"product_brand","embeddable":true,"href":"https:\/\/olemosaic.orbitalia.org\/fr\/wp-json\/wp\/v2\/product_brand?post=31901"},{"taxonomy":"product_cat","embeddable":true,"href":"https:\/\/olemosaic.orbitalia.org\/fr\/wp-json\/wp\/v2\/product_cat?post=31901"},{"taxonomy":"product_tag","embeddable":true,"href":"https:\/\/olemosaic.orbitalia.org\/fr\/wp-json\/wp\/v2\/product_tag?post=31901"}],"curies":[{"name":"wp","href":"https:\/\/api.w.org\/{rel}","templated":true}]}}