{"id":31899,"date":"2025-02-20T23:33:44","date_gmt":"2025-02-20T22:33:44","guid":{"rendered":"https:\/\/olemosaic.orbitalia.org\/producto\/llavero-de-madera-bailaor\/"},"modified":"2025-07-25T18:40:31","modified_gmt":"2025-07-25T16:40:31","slug":"porte-cles-en-bois-danseur-flamenco","status":"publish","type":"product","link":"https:\/\/olemosaic.orbitalia.org\/fr\/produit\/porte-cles-en-bois-danseur-flamenco\/","title":{"rendered":"Porte-cl\u00e9s en bois. Danseur de flamenco."},"content":{"rendered":"<p>Ce porte-cl\u00e9s en bois, repr\u00e9sentant un danseur de flamenco (bailaor), est un v\u00e9ritable hommage \u00e0 la culture andalouse vibrante. Fabriqu\u00e9 en bois et peint \u00e0 la main, il capture l&rsquo;essence de cette expression artistique passionn\u00e9e. La figurine du danseur se distingue par une tenue \u00e9l\u00e9gante, avec une chemise blanche et un pantalon sombre, compl\u00e9t\u00e9e par son chapeau caract\u00e9ristique. Il tient une paire de castagnettes et adopte une pose dynamique, \u00e9voquant la force et la gr\u00e2ce du flamenco.<\/p>\n<p>La finition color\u00e9e du porte-cl\u00e9s en fait non seulement un accessoire fonctionnel pour les cl\u00e9s, mais aussi une pi\u00e8ce d\u00e9corative qui c\u00e9l\u00e8bre la tradition flamenca. Avec chaque d\u00e9tail m\u00e9ticuleusement peint, ce porte-cl\u00e9s devient le souvenir parfait de l&rsquo;Andalousie et de son patrimoine culturel, id\u00e9al pour ceux qui souhaitent emporter avec eux un morceau de la magie de la danse espagnole.<\/p>\n<p>Chez Ol\u00e9 Mosaic, sp\u00e9cialistes de la distribution de souvenirs en gros, ce porte-cl\u00e9s repr\u00e9sente une excellente option pour les boutiques de cadeaux touristiques souhaitant proposer des produits authentiques et de qualit\u00e9. Sans aucun doute, ce porte-cl\u00e9s de danseur est un souvenir qui souligne la richesse culturelle de l&rsquo;Espagne et est parfait pour les touristes \u00e0 la recherche de souvenirs significatifs et repr\u00e9sentatifs de leur visite.<\/p>\n","protected":false},"excerpt":{"rendered":"<p>Porte-cl\u00e9s en bois repr\u00e9sentant un danseur de flamenco, parfait pour les amateurs de cette expression artistique. Le design artisanal, peint \u00e0 la main, met en valeur la silhouette \u00e9l\u00e9gante du danseur, v\u00eatu d&rsquo;une chemise blanche et d&rsquo;un pantalon sombre, tout en tenant des castagnettes. Avec une finition color\u00e9e, le porte-cl\u00e9s n&rsquo;est pas seulement un accessoire pratique, mais aussi une pi\u00e8ce d\u00e9corative qui \u00e9voque la tradition flamenca andalouse. Id\u00e9al pour se souvenir de la magie de la danse espagnole.<\/p>\n","protected":false},"featured_media":10790,"template":"","meta":{"_acf_changed":false},"product_brand":[],"product_cat":[607],"product_tag":[],"class_list":{"0":"post-31899","1":"product","2":"type-product","3":"status-publish","4":"has-post-thumbnail","6":"product_cat-porte-cles","7":"pa_motivo-danseurs","9":"first","10":"instock","11":"shipping-taxable","12":"product-type-simple"},"acf":[],"_links":{"self":[{"href":"https:\/\/olemosaic.orbitalia.org\/fr\/wp-json\/wp\/v2\/product\/31899","targetHints":{"allow":["GET"]}}],"collection":[{"href":"https:\/\/olemosaic.orbitalia.org\/fr\/wp-json\/wp\/v2\/product"}],"about":[{"href":"https:\/\/olemosaic.orbitalia.org\/fr\/wp-json\/wp\/v2\/types\/product"}],"wp:featuredmedia":[{"embeddable":true,"href":"https:\/\/olemosaic.orbitalia.org\/fr\/wp-json\/wp\/v2\/media\/10790"}],"wp:attachment":[{"href":"https:\/\/olemosaic.orbitalia.org\/fr\/wp-json\/wp\/v2\/media?parent=31899"}],"wp:term":[{"taxonomy":"product_brand","embeddable":true,"href":"https:\/\/olemosaic.orbitalia.org\/fr\/wp-json\/wp\/v2\/product_brand?post=31899"},{"taxonomy":"product_cat","embeddable":true,"href":"https:\/\/olemosaic.orbitalia.org\/fr\/wp-json\/wp\/v2\/product_cat?post=31899"},{"taxonomy":"product_tag","embeddable":true,"href":"https:\/\/olemosaic.orbitalia.org\/fr\/wp-json\/wp\/v2\/product_tag?post=31899"}],"curies":[{"name":"wp","href":"https:\/\/api.w.org\/{rel}","templated":true}]}}