{"id":31892,"date":"2025-02-20T23:33:44","date_gmt":"2025-02-20T22:33:44","guid":{"rendered":"https:\/\/olemosaic.orbitalia.org\/producto\/llavero-de-madera-pareja\/"},"modified":"2025-07-25T19:44:24","modified_gmt":"2025-07-25T17:44:24","slug":"porte-cles-en-bois-couple","status":"publish","type":"product","link":"https:\/\/olemosaic.orbitalia.org\/fr\/produit\/porte-cles-en-bois-couple\/","title":{"rendered":"Porte-cl\u00e9s en bois. Couple."},"content":{"rendered":"<p>Ce porte-cl\u00e9s en bois, repr\u00e9sentant un couple dansant le flamenco, est un v\u00e9ritable hommage \u00e0 la culture andalouse, id\u00e9al pour ceux qui souhaitent emporter avec eux un morceau de la riche tradition espagnole. Le design vibrant du porte-cl\u00e9s se distingue par son artisanat m\u00e9ticuleux, o\u00f9 la danseuse (bailaora), avec son exub\u00e9rante robe rouge orn\u00e9e de pois blancs, attire imm\u00e9diatement l&rsquo;attention. Sa coiffure, \u00e9l\u00e9gante et festive, est compl\u00e9t\u00e9e par une fleur rouge qui accentue sa gr\u00e2ce et sa passion pour le flamenco. \u00c0 ses c\u00f4t\u00e9s, le danseur (bailaor), avec sa chemise blanche et son pantalon sombre, irradie \u00e9l\u00e9gance et dext\u00e9rit\u00e9, incarnant l&rsquo;esprit de la danse dans chaque mouvement repr\u00e9sent\u00e9.<\/p>\n<p>Ce porte-cl\u00e9s n&rsquo;est pas seulement un accessoire pratique, mais aussi un magnifique souvenir qui encapsule l&rsquo;essence des f\u00eates et c\u00e9l\u00e9brations andalouses. La technique de d\u00e9coupe du bois renforce son authenticit\u00e9, offrant une touche artisanale parfaite pour ceux qui recherchent des souvenirs uniques. Chez Ol\u00e9 Mosaic, nous nous sp\u00e9cialisons dans la distribution de souvenirs en gros, proposant des porte-cl\u00e9s flamenco et d&rsquo;autres produits repr\u00e9sentant la richesse culturelle de l&rsquo;Espagne. Ce porte-cl\u00e9s est une excellente option pour les boutiques de cadeaux touristiques cherchant \u00e0 offrir des articles repr\u00e9sentatifs et de qualit\u00e9. Avec sa pertinence culturelle et son design charmant, ce porte-cl\u00e9s flamenco est, sans aucun doute, un cadeau parfait pour les touristes souhaitant se souvenir de leur passage en Andalousie.<\/p>\n","protected":false},"excerpt":{"rendered":"<p>Porte-cl\u00e9s en bois repr\u00e9sentant un couple de danseurs de flamenco. Ce porte-cl\u00e9s color\u00e9 se distingue par son design vibrant : la danseuse porte une robe rouge \u00e0 pois blancs et ses cheveux sont orn\u00e9s d&rsquo;une fleur rouge, tandis que le danseur porte une chemise blanche et un pantalon sombre. Parfait pour emporter un petit morceau de la culture andalouse partout, sa technique de d\u00e9coupe du bois lui donne une touche artisanale et originale.<\/p>\n","protected":false},"featured_media":10791,"template":"","meta":{"_acf_changed":false},"product_brand":[],"product_cat":[607],"product_tag":[],"class_list":{"0":"post-31892","1":"product","2":"type-product","3":"status-publish","4":"has-post-thumbnail","6":"product_cat-porte-cles","7":"pa_motivo-danseurs","9":"first","10":"instock","11":"shipping-taxable","12":"product-type-simple"},"acf":[],"_links":{"self":[{"href":"https:\/\/olemosaic.orbitalia.org\/fr\/wp-json\/wp\/v2\/product\/31892","targetHints":{"allow":["GET"]}}],"collection":[{"href":"https:\/\/olemosaic.orbitalia.org\/fr\/wp-json\/wp\/v2\/product"}],"about":[{"href":"https:\/\/olemosaic.orbitalia.org\/fr\/wp-json\/wp\/v2\/types\/product"}],"wp:featuredmedia":[{"embeddable":true,"href":"https:\/\/olemosaic.orbitalia.org\/fr\/wp-json\/wp\/v2\/media\/10791"}],"wp:attachment":[{"href":"https:\/\/olemosaic.orbitalia.org\/fr\/wp-json\/wp\/v2\/media?parent=31892"}],"wp:term":[{"taxonomy":"product_brand","embeddable":true,"href":"https:\/\/olemosaic.orbitalia.org\/fr\/wp-json\/wp\/v2\/product_brand?post=31892"},{"taxonomy":"product_cat","embeddable":true,"href":"https:\/\/olemosaic.orbitalia.org\/fr\/wp-json\/wp\/v2\/product_cat?post=31892"},{"taxonomy":"product_tag","embeddable":true,"href":"https:\/\/olemosaic.orbitalia.org\/fr\/wp-json\/wp\/v2\/product_tag?post=31892"}],"curies":[{"name":"wp","href":"https:\/\/api.w.org\/{rel}","templated":true}]}}