{"id":31890,"date":"2025-02-20T23:33:43","date_gmt":"2025-02-20T22:33:43","guid":{"rendered":"https:\/\/olemosaic.orbitalia.org\/producto\/llavero-de-madera-sagrada-familia-barcelona\/"},"modified":"2025-07-25T20:26:18","modified_gmt":"2025-07-25T18:26:18","slug":"porte-cles-en-bois-sagrada-familia-barcelone","status":"publish","type":"product","link":"https:\/\/olemosaic.orbitalia.org\/fr\/produit\/porte-cles-en-bois-sagrada-familia-barcelone\/","title":{"rendered":"Porte-cl\u00e9s en bois. Sagrada Familia. Barcelone."},"content":{"rendered":"<p>Ce porte-cl\u00e9s en bois, inspir\u00e9 de l&rsquo;iconique Sagrada Familia de Barcelone, est un souvenir fascinant qui fusionne art et fonctionnalit\u00e9. Le design vibrant et d\u00e9taill\u00e9 du porte-cl\u00e9s reproduit les tours embl\u00e9matiques du monument, avec ses formes architecturales uniques qui capturent l&rsquo;essence du modernisme catalan. Les couleurs rouge, jaune et noir, soigneusement s\u00e9lectionn\u00e9es, donnent vie \u00e0 l&rsquo;imposante structure, \u00e9voquant la grandeur du chef-d&rsquo;\u0153uvre d&rsquo;Antoni Gaud\u00ed, dont le d\u00e9but de la construction en 1882 en a fait un symbole de la ville.<\/p>\n<p>Chaque d\u00e9tail, des ornementations des tours \u00e0 la repr\u00e9sentation stylis\u00e9e du b\u00e2timent, refl\u00e8te la riche tradition de l&rsquo;architecture catalane, devenant un magnifique souvenir qui \u00e9voque l&rsquo;exp\u00e9rience de la visite de Barcelone. Ce porte-cl\u00e9s n&rsquo;est pas seulement un accessoire pratique pour porter ses cl\u00e9s, mais aussi un authentique morceau d&rsquo;histoire et de culture que les touristes seront ravis de poss\u00e9der. Chez Ol\u00e9 Mosaic, distributeurs de souvenirs en gros, ce porte-cl\u00e9s de la Sagrada Familia est une excellente option pour les boutiques de cadeaux touristiques \u00e0 la recherche de produits authentiques ayant une forte signification culturelle. Offrir ou acqu\u00e9rir ce porte-cl\u00e9s est une fa\u00e7on de ramener un morceau de la magie de Barcelone chez soi.<\/p>\n","protected":false},"excerpt":{"rendered":"<p>Porte-cl\u00e9s en bois inspir\u00e9 de l&rsquo;iconique Sagrada Familia de Barcelone. Ce porte-cl\u00e9s attrayant pr\u00e9sente un design color\u00e9 et d\u00e9taill\u00e9 repr\u00e9sentant les tours embl\u00e9matiques du c\u00e9l\u00e8bre monument, mettant en valeur ses formes architecturales singuli\u00e8res. D\u00e9cor\u00e9 de motifs rouges, jaunes et noirs, il capture l&rsquo;essence du modernisme catalan. Un souvenir parfait alliant fonctionnalit\u00e9 et art, id\u00e9al pour se souvenir des visites dans cette ville merveilleuse.<\/p>\n","protected":false},"featured_media":10446,"template":"","meta":{"_acf_changed":false},"product_brand":[],"product_cat":[607],"product_tag":[],"class_list":{"0":"post-31890","1":"product","2":"type-product","3":"status-publish","4":"has-post-thumbnail","6":"product_cat-porte-cles","7":"pa_ciudad-barcelona","8":"pa_motivo-sagrada-familia","9":"pa_pais-espana","11":"first","12":"instock","13":"shipping-taxable","14":"product-type-simple"},"acf":[],"_links":{"self":[{"href":"https:\/\/olemosaic.orbitalia.org\/fr\/wp-json\/wp\/v2\/product\/31890","targetHints":{"allow":["GET"]}}],"collection":[{"href":"https:\/\/olemosaic.orbitalia.org\/fr\/wp-json\/wp\/v2\/product"}],"about":[{"href":"https:\/\/olemosaic.orbitalia.org\/fr\/wp-json\/wp\/v2\/types\/product"}],"wp:featuredmedia":[{"embeddable":true,"href":"https:\/\/olemosaic.orbitalia.org\/fr\/wp-json\/wp\/v2\/media\/10446"}],"wp:attachment":[{"href":"https:\/\/olemosaic.orbitalia.org\/fr\/wp-json\/wp\/v2\/media?parent=31890"}],"wp:term":[{"taxonomy":"product_brand","embeddable":true,"href":"https:\/\/olemosaic.orbitalia.org\/fr\/wp-json\/wp\/v2\/product_brand?post=31890"},{"taxonomy":"product_cat","embeddable":true,"href":"https:\/\/olemosaic.orbitalia.org\/fr\/wp-json\/wp\/v2\/product_cat?post=31890"},{"taxonomy":"product_tag","embeddable":true,"href":"https:\/\/olemosaic.orbitalia.org\/fr\/wp-json\/wp\/v2\/product_tag?post=31890"}],"curies":[{"name":"wp","href":"https:\/\/api.w.org\/{rel}","templated":true}]}}