{"id":31863,"date":"2025-02-20T22:33:43","date_gmt":"2025-02-20T22:33:43","guid":{"rendered":"https:\/\/olemosaic.orbitalia.org\/producto\/llavero-de-madera-chimenea-barcelona\/"},"modified":"2025-07-25T18:47:15","modified_gmt":"2025-07-25T16:47:15","slug":"porte-cles-en-bois-cheminee-barcelone","status":"publish","type":"product","link":"https:\/\/olemosaic.orbitalia.org\/fr\/produit\/porte-cles-en-bois-cheminee-barcelone\/","title":{"rendered":"Porte-cl\u00e9s en bois. Chemin\u00e9e. Barcelone."},"content":{"rendered":"<p>Ce porte-cl\u00e9s en bois, inspir\u00e9 de l&#8217;embl\u00e9matique chemin\u00e9e de Barcelone, est un souvenir qui capture l&rsquo;essence de l&rsquo;architecture catalane de mani\u00e8re vibrante et d\u00e9taill\u00e9e. Avec un design stylis\u00e9, il pr\u00e9sente une repr\u00e9sentation color\u00e9e de l&rsquo;un des \u00e9l\u00e9ments les plus distinctifs de la ville, utilisant des mosa\u00efques et des motifs caract\u00e9ristiques qui \u00e9voquent le style unique de Gaud\u00ed. Sa technique d&rsquo;impression souligne les nuances et les textures de la chemin\u00e9e, incluant des courbes douces et des angles audacieux qui refl\u00e8tent le mouvement artistique de la r\u00e9gion.<\/p>\n<p>Cet attrayant porte-cl\u00e9s n&rsquo;est pas seulement un accessoire fonctionnel, mais aussi une pi\u00e8ce d\u00e9corative qui sert de rappel de la riche culture et de l&rsquo;art de Barcelone. L&rsquo;utilisation de couleurs vives et la complexit\u00e9 du design en font un produit authentique, id\u00e9al pour les amateurs d&rsquo;art et d&rsquo;histoire, ainsi que pour ceux qui cherchent un petit morceau de la ville \u00e0 emporter avec eux.<\/p>\n<p>Chez Ol\u00e9 Mosaic, nous proposons des souvenirs de qualit\u00e9 en gros, et ce porte-cl\u00e9s de chemin\u00e9e de Barcelone est une excellente option pour les boutiques de cadeaux touristiques souhaitant offrir \u00e0 leurs clients des souvenirs culturels repr\u00e9sentatifs. Il n&rsquo;y a pas de meilleure fa\u00e7on de ramener un morceau de Barcelone \u00e0 la maison qu&rsquo;avec un porte-cl\u00e9s qui met en valeur la singularit\u00e9 de son architecture.<\/p>\n","protected":false},"excerpt":{"rendered":"<p>Porte-cl\u00e9s en bois inspir\u00e9 de l&#8217;embl\u00e9matique chemin\u00e9e de Barcelone, avec un design d\u00e9taill\u00e9 et des couleurs vibrantes. Ce porte-cl\u00e9s attrayant pr\u00e9sente un design stylis\u00e9 qui capture la singularit\u00e9 de l&rsquo;architecture catalane, incluant des mosa\u00efques et des motifs caract\u00e9ristiques. La technique d&rsquo;impression souligne les nuances et les d\u00e9tails, en faisant un souvenir id\u00e9al pour se rappeler cette ville iconique. Parfait pour les amateurs de culture et d&rsquo;art barcelonais.<\/p>\n","protected":false},"featured_media":10450,"template":"","meta":{"_acf_changed":false},"product_brand":[],"product_cat":[607],"product_tag":[],"class_list":{"0":"post-31863","1":"product","2":"type-product","3":"status-publish","4":"has-post-thumbnail","6":"product_cat-porte-cles","7":"pa_ciudad-barcelona","8":"pa_motivo-cheminees","9":"pa_pais-espana","11":"first","12":"instock","13":"shipping-taxable","14":"product-type-simple"},"acf":[],"_links":{"self":[{"href":"https:\/\/olemosaic.orbitalia.org\/fr\/wp-json\/wp\/v2\/product\/31863","targetHints":{"allow":["GET"]}}],"collection":[{"href":"https:\/\/olemosaic.orbitalia.org\/fr\/wp-json\/wp\/v2\/product"}],"about":[{"href":"https:\/\/olemosaic.orbitalia.org\/fr\/wp-json\/wp\/v2\/types\/product"}],"wp:featuredmedia":[{"embeddable":true,"href":"https:\/\/olemosaic.orbitalia.org\/fr\/wp-json\/wp\/v2\/media\/10450"}],"wp:attachment":[{"href":"https:\/\/olemosaic.orbitalia.org\/fr\/wp-json\/wp\/v2\/media?parent=31863"}],"wp:term":[{"taxonomy":"product_brand","embeddable":true,"href":"https:\/\/olemosaic.orbitalia.org\/fr\/wp-json\/wp\/v2\/product_brand?post=31863"},{"taxonomy":"product_cat","embeddable":true,"href":"https:\/\/olemosaic.orbitalia.org\/fr\/wp-json\/wp\/v2\/product_cat?post=31863"},{"taxonomy":"product_tag","embeddable":true,"href":"https:\/\/olemosaic.orbitalia.org\/fr\/wp-json\/wp\/v2\/product_tag?post=31863"}],"curies":[{"name":"wp","href":"https:\/\/api.w.org\/{rel}","templated":true}]}}