{"id":31862,"date":"2025-02-20T23:33:43","date_gmt":"2025-02-20T22:33:43","guid":{"rendered":"https:\/\/olemosaic.orbitalia.org\/producto\/llavero-de-madera-casa-batllo-barcelona\/"},"modified":"2025-07-25T18:50:57","modified_gmt":"2025-07-25T16:50:57","slug":"porte-cles-en-bois-casa-batllo-barcelone","status":"publish","type":"product","link":"https:\/\/olemosaic.orbitalia.org\/fr\/produit\/porte-cles-en-bois-casa-batllo-barcelone\/","title":{"rendered":"Porte-cl\u00e9s en bois. Casa Batll\u00f3. Barcelone."},"content":{"rendered":"<p>Ce porte-cl\u00e9s en bois, inspir\u00e9 de l&#8217;embl\u00e9matique Casa Batll\u00f3 de Barcelone, est un souvenir qui r\u00e9sume la richesse du modernisme catalan dans une pi\u00e8ce portable. Son design color\u00e9 et d\u00e9taill\u00e9 capture l&rsquo;essence du b\u00e2timent iconique, avec sa forme ondulante singuli\u00e8re et les mosa\u00efques vibrantes qui le caract\u00e9risent. Peint \u00e0 la main, chaque porte-cl\u00e9s affiche un m\u00e9lange de tons brillants qui \u00e9voquent la merveilleuse fa\u00e7ade de la Casa Batll\u00f3, un chef-d&rsquo;\u0153uvre d&rsquo;Antoni Gaud\u00ed. Les \u00e9l\u00e9ments architecturaux, tels que ses fen\u00eatres singuli\u00e8res et la chemin\u00e9e, sont repr\u00e9sent\u00e9s avec une grande pr\u00e9cision, offrant un \u00e9chantillon de la cr\u00e9ativit\u00e9 et de l&rsquo;innovation de l&rsquo;architecte.<\/p>\n<p>Ce porte-cl\u00e9s n&rsquo;est pas seulement un accessoire pratique pour vos cl\u00e9s, mais aussi un rappel tangible de l&rsquo;une des principales attractions touristiques de Barcelone. Id\u00e9al pour les amateurs d&rsquo;architecture et les visiteurs de la ville, c&rsquo;est une excellente fa\u00e7on d&#8217;emporter un morceau de Barcelone avec vous partout o\u00f9 vous allez. Chez Ol\u00e9 Mosaic, nous sommes distributeurs de souvenirs authentiques, et ce porte-cl\u00e9s en bois de la Casa Batll\u00f3 se distingue comme un cadeau parfait pour les boutiques de souvenirs touristiques cherchant \u00e0 offrir des souvenirs significatifs et culturels de la cit\u00e9 comtale. Sans aucun doute, un article qui souligne l&rsquo;essence de Barcelone et attirera ceux qui recherchent un souvenir de qualit\u00e9.<\/p>\n","protected":false},"excerpt":{"rendered":"<p>Porte-cl\u00e9s en bois inspir\u00e9 de l&#8217;embl\u00e9matique Casa Batll\u00f3 de Barcelone. Ce design color\u00e9 pr\u00e9sente une repr\u00e9sentation d\u00e9taill\u00e9e du b\u00e2timent iconique, avec sa forme singuli\u00e8re et ses mosa\u00efques caract\u00e9ristiques. Peint dans un style artisanal, le porte-cl\u00e9s se distingue par ses couleurs vibrantes et son ornementation, qui refl\u00e8tent l&rsquo;essence du modernisme catalan. Parfait pour les amateurs d&rsquo;architecture et un souvenir unique de la cit\u00e9 comtale. Id\u00e9al pour emporter avec soi un morceau de Barcelone.<\/p>\n","protected":false},"featured_media":10445,"template":"","meta":{"_acf_changed":false},"product_brand":[],"product_cat":[607],"product_tag":[],"class_list":{"0":"post-31862","1":"product","2":"type-product","3":"status-publish","4":"has-post-thumbnail","6":"product_cat-porte-cles","7":"pa_ciudad-barcelona","8":"pa_motivo-casa-batllo","9":"pa_pais-espana","11":"first","12":"instock","13":"shipping-taxable","14":"product-type-simple"},"acf":[],"_links":{"self":[{"href":"https:\/\/olemosaic.orbitalia.org\/fr\/wp-json\/wp\/v2\/product\/31862","targetHints":{"allow":["GET"]}}],"collection":[{"href":"https:\/\/olemosaic.orbitalia.org\/fr\/wp-json\/wp\/v2\/product"}],"about":[{"href":"https:\/\/olemosaic.orbitalia.org\/fr\/wp-json\/wp\/v2\/types\/product"}],"wp:featuredmedia":[{"embeddable":true,"href":"https:\/\/olemosaic.orbitalia.org\/fr\/wp-json\/wp\/v2\/media\/10445"}],"wp:attachment":[{"href":"https:\/\/olemosaic.orbitalia.org\/fr\/wp-json\/wp\/v2\/media?parent=31862"}],"wp:term":[{"taxonomy":"product_brand","embeddable":true,"href":"https:\/\/olemosaic.orbitalia.org\/fr\/wp-json\/wp\/v2\/product_brand?post=31862"},{"taxonomy":"product_cat","embeddable":true,"href":"https:\/\/olemosaic.orbitalia.org\/fr\/wp-json\/wp\/v2\/product_cat?post=31862"},{"taxonomy":"product_tag","embeddable":true,"href":"https:\/\/olemosaic.orbitalia.org\/fr\/wp-json\/wp\/v2\/product_tag?post=31862"}],"curies":[{"name":"wp","href":"https:\/\/api.w.org\/{rel}","templated":true}]}}