{"id":31860,"date":"2025-02-20T23:33:42","date_gmt":"2025-02-20T22:33:42","guid":{"rendered":"https:\/\/olemosaic.orbitalia.org\/producto\/llavero-de-madera-tortuga-3\/"},"modified":"2025-07-25T20:15:56","modified_gmt":"2025-07-25T18:15:56","slug":"porte-cles-en-bois-tortue-3","status":"publish","type":"product","link":"https:\/\/olemosaic.orbitalia.org\/fr\/produit\/porte-cles-en-bois-tortue-3\/","title":{"rendered":"Porte-cl\u00e9s en bois. Tortue. Style m\u00e9diterran\u00e9en."},"content":{"rendered":"<p>Ce porte-cl\u00e9s en bois en forme de tortue est un v\u00e9ritable bijou qui capture l&rsquo;essence de la M\u00e9diterran\u00e9e. Fabriqu\u00e9 de mani\u00e8re artisanale, chaque pi\u00e8ce se distingue par son design vibrant et color\u00e9, avec des motifs floraux complexes dans des tons rouges, bleus et jaunes. La tortue, symbole de tranquillit\u00e9 et de connexion avec la nature, est repr\u00e9sent\u00e9e avec des lignes douces et \u00e9l\u00e9gantes qui \u00e9voquent l&rsquo;harmonie de l&rsquo;environnement marin.<\/p>\n<p>Ce porte-cl\u00e9s n&rsquo;est pas seulement un accessoire pratique pour organiser vos cl\u00e9s, mais aussi un rappel tangible des c\u00f4tes espagnoles, id\u00e9al pour les amoureux de la plage et de la biodiversit\u00e9. Le choix de mat\u00e9riaux naturels souligne son authenticit\u00e9, en faisant un souvenir repr\u00e9sentatif de la culture m\u00e9diterran\u00e9enne et un cadeau parfait pour ceux qui souhaitent emporter un petit morceau d&rsquo;Espagne.<\/p>\n<p>Chez Ol\u00e9 Mosaic, nous sommes fiers de proposer des produits authentiques et de qualit\u00e9. Ce porte-cl\u00e9s tortue est une excellente option pour les boutiques de cadeaux touristiques cherchant \u00e0 offrir des souvenirs m\u00e9morables. En tant que sp\u00e9cialistes de la distribution de souvenirs en gros, nous garantissons que chaque pi\u00e8ce est un objet d\u00e9coratif et un lien \u00e9motionnel avec la riche culture de la M\u00e9diterran\u00e9e.<\/p>\n","protected":false},"excerpt":{"rendered":"<p>Porte-cl\u00e9s en bois en forme de tortue, fabriqu\u00e9 de mani\u00e8re artisanale pour souligner son design color\u00e9. Cet accessoire charmant repr\u00e9sente la riche culture m\u00e9diterran\u00e9enne, avec des motifs floraux complexes dans des tons rouge, bleu et jaune qui lui donnent une touche joyeuse et vibrante. La tortue, symbole de tranquillit\u00e9 et de nature, se distingue par des lignes douces et \u00e9l\u00e9gantes, faisant de ce porte-cl\u00e9s le souvenir parfait des c\u00f4tes espagnoles.<\/p>\n","protected":false},"featured_media":10956,"template":"","meta":{"_acf_changed":false},"product_brand":[],"product_cat":[607],"product_tag":[530],"class_list":{"0":"post-31860","1":"product","2":"type-product","3":"status-publish","4":"has-post-thumbnail","6":"product_cat-porte-cles","7":"product_tag-animaux","8":"pa_motivo-tortues","10":"first","11":"instock","12":"shipping-taxable","13":"product-type-simple"},"acf":[],"_links":{"self":[{"href":"https:\/\/olemosaic.orbitalia.org\/fr\/wp-json\/wp\/v2\/product\/31860","targetHints":{"allow":["GET"]}}],"collection":[{"href":"https:\/\/olemosaic.orbitalia.org\/fr\/wp-json\/wp\/v2\/product"}],"about":[{"href":"https:\/\/olemosaic.orbitalia.org\/fr\/wp-json\/wp\/v2\/types\/product"}],"wp:featuredmedia":[{"embeddable":true,"href":"https:\/\/olemosaic.orbitalia.org\/fr\/wp-json\/wp\/v2\/media\/10956"}],"wp:attachment":[{"href":"https:\/\/olemosaic.orbitalia.org\/fr\/wp-json\/wp\/v2\/media?parent=31860"}],"wp:term":[{"taxonomy":"product_brand","embeddable":true,"href":"https:\/\/olemosaic.orbitalia.org\/fr\/wp-json\/wp\/v2\/product_brand?post=31860"},{"taxonomy":"product_cat","embeddable":true,"href":"https:\/\/olemosaic.orbitalia.org\/fr\/wp-json\/wp\/v2\/product_cat?post=31860"},{"taxonomy":"product_tag","embeddable":true,"href":"https:\/\/olemosaic.orbitalia.org\/fr\/wp-json\/wp\/v2\/product_tag?post=31860"}],"curies":[{"name":"wp","href":"https:\/\/api.w.org\/{rel}","templated":true}]}}