{"id":31858,"date":"2025-02-20T23:33:42","date_gmt":"2025-02-20T22:33:42","guid":{"rendered":"https:\/\/olemosaic.orbitalia.org\/producto\/llavero-de-madera-sardina-4\/"},"modified":"2025-07-25T18:38:57","modified_gmt":"2025-07-25T16:38:57","slug":"porte-cles-bois-sardine-bleu-jaune-rouge","status":"publish","type":"product","link":"https:\/\/olemosaic.orbitalia.org\/fr\/produit\/porte-cles-bois-sardine-bleu-jaune-rouge\/","title":{"rendered":"Porte-cl\u00e9s en bois. Sardine. Bleu, jaune et rouge."},"content":{"rendered":"<p>Ce porte-cl\u00e9s en bois en forme de sardine est un souvenir charmant qui \u00e9voque la riche tradition du littoral portugais. Son design vibrant inclut des \u00e9cailles dans une gamme de couleurs allant du bleu au jaune et au rouge, ce qui apporte non seulement une touche de joie, mais refl\u00e8te \u00e9galement l&rsquo;essence du folklore c\u00f4tier du Portugal. La sardine, ic\u00f4ne de la culture portugaise, est repr\u00e9sent\u00e9e avec un visage sympathique qui lui conf\u00e8re personnalit\u00e9 et caract\u00e8re, en faisant un accessoire amusant et l\u00e9ger. Avec une finition lisse et un toucher agr\u00e9able, ce porte-cl\u00e9s est pratique pour porter les cl\u00e9s, ajoutant une touche de joie du patrimoine maritime portugais au quotidien. Son poids l\u00e9ger en fait une option id\u00e9ale pour ceux qui recherchent un article facile \u00e0 utiliser et \u00e0 transporter.<\/p>\n<p>Ce porte-cl\u00e9s n&rsquo;est pas seulement un objet pratique d&rsquo;usage quotidien, mais aussi un merveilleux souvenir qui capture la chaleur et la tradition de la c\u00f4te portugaise. Chez Ol\u00e9 Mosaic, nous sommes sp\u00e9cialistes de la distribution de souvenirs en gros, et ce porte-cl\u00e9s sardine est un excellent choix pour les boutiques de cadeaux touristiques \u00e0 la recherche de produits authentiques et repr\u00e9sentatifs. Avec son style frappant et sa connexion culturelle, ce souvenir est parfait pour les touristes qui souhaitent emporter chez eux un petit morceau du Portugal.<\/p>\n","protected":false},"excerpt":{"rendered":"<p>Porte-cl\u00e9s en bois en forme de sardine, un souvenir color\u00e9 qui \u00e9voque la tradition du littoral portugais. Ce design amusant et vibrant pr\u00e9sente des \u00e9cailles dans des tons bleus, jaunes et rouges, ainsi qu&rsquo;un visage sympathique qui lui ajoute du caract\u00e8re. Avec une finition lisse, ce porte-cl\u00e9s est l\u00e9ger et pratique, id\u00e9al pour porter les cl\u00e9s avec une touche joyeuse du folklore c\u00f4tier. Parfait pour les amoureux du Portugal et de sa culture marine.<\/p>\n","protected":false},"featured_media":10779,"template":"","meta":{"_acf_changed":false},"product_brand":[],"product_cat":[607],"product_tag":[530],"class_list":{"0":"post-31858","1":"product","2":"type-product","3":"status-publish","4":"has-post-thumbnail","6":"product_cat-porte-cles","7":"product_tag-animaux","8":"pa_motivo-sardines","9":"pa_pais-portugal","11":"first","12":"instock","13":"shipping-taxable","14":"product-type-simple"},"acf":[],"_links":{"self":[{"href":"https:\/\/olemosaic.orbitalia.org\/fr\/wp-json\/wp\/v2\/product\/31858","targetHints":{"allow":["GET"]}}],"collection":[{"href":"https:\/\/olemosaic.orbitalia.org\/fr\/wp-json\/wp\/v2\/product"}],"about":[{"href":"https:\/\/olemosaic.orbitalia.org\/fr\/wp-json\/wp\/v2\/types\/product"}],"wp:featuredmedia":[{"embeddable":true,"href":"https:\/\/olemosaic.orbitalia.org\/fr\/wp-json\/wp\/v2\/media\/10779"}],"wp:attachment":[{"href":"https:\/\/olemosaic.orbitalia.org\/fr\/wp-json\/wp\/v2\/media?parent=31858"}],"wp:term":[{"taxonomy":"product_brand","embeddable":true,"href":"https:\/\/olemosaic.orbitalia.org\/fr\/wp-json\/wp\/v2\/product_brand?post=31858"},{"taxonomy":"product_cat","embeddable":true,"href":"https:\/\/olemosaic.orbitalia.org\/fr\/wp-json\/wp\/v2\/product_cat?post=31858"},{"taxonomy":"product_tag","embeddable":true,"href":"https:\/\/olemosaic.orbitalia.org\/fr\/wp-json\/wp\/v2\/product_tag?post=31858"}],"curies":[{"name":"wp","href":"https:\/\/api.w.org\/{rel}","templated":true}]}}